{"id":1404,"date":"2016-10-31T12:50:45","date_gmt":"2016-10-31T14:50:45","guid":{"rendered":"http:\/\/45.55.241.242\/?page_id=1404"},"modified":"2019-09-04T10:20:13","modified_gmt":"2019-09-04T13:20:13","slug":"servicos","status":"publish","type":"page","link":"https:\/\/totallubri.com.br\/?page_id=1404","title":{"rendered":"Servi\u00e7os"},"content":{"rendered":"<p>[vc_row css=&#8221;.vc_custom_1430123932701{padding-bottom: 113px !important;}&#8221;][vc_column width=&#8221;3\/4&#8243;][vc_column_text]<\/p>\n<h1>Servi\u00e7os<\/h1>\n<p>Com objetivo de melhor atender, agora o cliente Totallubri pode contar com a manuten\u00e7\u00e3o dos produtos. Consulte-nos.<\/p>\n<p>Or\u00e7amento sem compromisso;<br \/>\nManuten\u00e7\u00e3o preventiva e corretiva;<br \/>\nGarantia de 3 meses;<br \/>\nAtendimento diferenciado de alta qualidade e suporte presencial;<\/p>\n<p>Contamos com estrutura moderna e profissionais qualificados e certificados. Manuten\u00e7\u00e3o r\u00e1pida e eficaz.<\/p>\n<p>Entre em contato conosco ligue para <strong>(11) 4345-4000<\/strong>.[\/vc_column_text][\/vc_column][vc_column width=&#8221;1\/6&#8243;][vc_single_image image=&#8221;1349&#8243; img_size=&#8221;full&#8221; alignment=&#8221;right&#8221; el_class=&#8221;tp-image&#8221;][\/vc_column][\/vc_row]<\/p>\n","protected":false},"excerpt":{"rendered":"<p>[vc_row css=&#8221;.vc_custom_1430123932701{padding-bottom: 113px !important;}&#8221;][vc_column width=&#8221;3\/4&#8243;][vc_column_text] Servi\u00e7os Com objetivo de melhor atender, agora o cliente Totallubri pode contar com a manuten\u00e7\u00e3o dos produtos. Consulte-nos. Or\u00e7amento sem compromisso; Manuten\u00e7\u00e3o preventiva e corretiva; Garantia de 3 meses; Atendimento diferenciado de alta qualidade e suporte presencial; Contamos com estrutura moderna e profissionais qualificados e certificados. Manuten\u00e7\u00e3o r\u00e1pida e eficaz. [&hellip;]<\/p>\n","protected":false},"author":2,"featured_media":0,"parent":0,"menu_order":0,"comment_status":"closed","ping_status":"closed","template":"page-templates\/page-default.php","meta":{"_exactmetrics_skip_tracking":false,"_exactmetrics_sitenote_active":false,"_exactmetrics_sitenote_note":"","_exactmetrics_sitenote_category":0,"footnotes":""},"class_list":["post-1404","page","type-page","status-publish","hentry"],"_links":{"self":[{"href":"https:\/\/totallubri.com.br\/index.php?rest_route=\/wp\/v2\/pages\/1404","targetHints":{"allow":["GET"]}}],"collection":[{"href":"https:\/\/totallubri.com.br\/index.php?rest_route=\/wp\/v2\/pages"}],"about":[{"href":"https:\/\/totallubri.com.br\/index.php?rest_route=\/wp\/v2\/types\/page"}],"author":[{"embeddable":true,"href":"https:\/\/totallubri.com.br\/index.php?rest_route=\/wp\/v2\/users\/2"}],"replies":[{"embeddable":true,"href":"https:\/\/totallubri.com.br\/index.php?rest_route=%2Fwp%2Fv2%2Fcomments&post=1404"}],"version-history":[{"count":5,"href":"https:\/\/totallubri.com.br\/index.php?rest_route=\/wp\/v2\/pages\/1404\/revisions"}],"predecessor-version":[{"id":8061,"href":"https:\/\/totallubri.com.br\/index.php?rest_route=\/wp\/v2\/pages\/1404\/revisions\/8061"}],"wp:attachment":[{"href":"https:\/\/totallubri.com.br\/index.php?rest_route=%2Fwp%2Fv2%2Fmedia&parent=1404"}],"curies":[{"name":"wp","href":"https:\/\/api.w.org\/{rel}","templated":true}]}}