{"id":10015,"date":"2024-05-09T14:41:00","date_gmt":"2024-05-09T17:41:00","guid":{"rendered":"https:\/\/totallubri.com.br\/?post_type=product&#038;p=10015"},"modified":"2025-01-28T12:48:19","modified_gmt":"2025-01-28T15:48:19","slug":"10015","status":"publish","type":"product","link":"https:\/\/totallubri.com.br\/?product=10015","title":{"rendered":"0160 \u2013 CALIBRADOR DE AR ELETRONICO-LUPUS"},"content":{"rendered":"<p>Caixa em alum\u00ednio fundido, bot\u00f5es mec\u00e2nicos resistentes a vandalismo, sensor cer\u00e2mico de alta precis\u00e3o, indicado para ambiente interno e externo, pode ser utilizado com mangueiras de at\u00e9 50 metros de comprimento, possibilita visualiza\u00e7\u00e3o de mensagem de erro.<\/p>\n<p>&nbsp;<\/p>\n<p>Peso: 6 Kg<br \/>\nMedidas: (C) 90 mm x (L) 270 mm x (A) 230 mm<\/p>\n","protected":false},"excerpt":{"rendered":"<p>Caixa em alum\u00ednio fundido, bot\u00f5es mec\u00e2nicos resistentes a vandalismo, sensor cer\u00e2mico de alta precis\u00e3o, indicado para ambiente interno e externo, pode ser utilizado com mangueiras de at\u00e9 50 metros de comprimento, possibilita visualiza\u00e7\u00e3o de mensagem de erro. &nbsp; Peso: 6 Kg Medidas: (C) 90 mm x (L) 270 mm x (A) 230 mm<\/p>\n","protected":false},"featured_media":10016,"comment_status":"open","ping_status":"closed","template":"","meta":{"_exactmetrics_skip_tracking":false,"_exactmetrics_sitenote_active":false,"_exactmetrics_sitenote_note":"","_exactmetrics_sitenote_category":0},"product_brand":[],"product_cat":[131,60],"product_tag":[],"class_list":{"0":"post-10015","1":"product","2":"type-product","3":"status-publish","4":"has-post-thumbnail","6":"product_cat-equipamentos-e-acessorios-para-pneumaticos","7":"product_cat-equiptos-ppostos-de-abastecimento","9":"first","10":"instock","11":"shipping-taxable","12":"product-type-simple"},"_links":{"self":[{"href":"https:\/\/totallubri.com.br\/index.php?rest_route=\/wp\/v2\/product\/10015","targetHints":{"allow":["GET"]}}],"collection":[{"href":"https:\/\/totallubri.com.br\/index.php?rest_route=\/wp\/v2\/product"}],"about":[{"href":"https:\/\/totallubri.com.br\/index.php?rest_route=\/wp\/v2\/types\/product"}],"replies":[{"embeddable":true,"href":"https:\/\/totallubri.com.br\/index.php?rest_route=%2Fwp%2Fv2%2Fcomments&post=10015"}],"wp:featuredmedia":[{"embeddable":true,"href":"https:\/\/totallubri.com.br\/index.php?rest_route=\/wp\/v2\/media\/10016"}],"wp:attachment":[{"href":"https:\/\/totallubri.com.br\/index.php?rest_route=%2Fwp%2Fv2%2Fmedia&parent=10015"}],"wp:term":[{"taxonomy":"product_brand","embeddable":true,"href":"https:\/\/totallubri.com.br\/index.php?rest_route=%2Fwp%2Fv2%2Fproduct_brand&post=10015"},{"taxonomy":"product_cat","embeddable":true,"href":"https:\/\/totallubri.com.br\/index.php?rest_route=%2Fwp%2Fv2%2Fproduct_cat&post=10015"},{"taxonomy":"product_tag","embeddable":true,"href":"https:\/\/totallubri.com.br\/index.php?rest_route=%2Fwp%2Fv2%2Fproduct_tag&post=10015"}],"curies":[{"name":"wp","href":"https:\/\/api.w.org\/{rel}","templated":true}]}}