{"id":10031,"date":"2024-05-09T15:52:40","date_gmt":"2024-05-09T18:52:40","guid":{"rendered":"https:\/\/totallubri.com.br\/?post_type=product&#038;p=10031"},"modified":"2025-01-17T16:44:39","modified_gmt":"2025-01-17T19:44:39","slug":"2094-conjunto-de-acessorios-para-ar-comprimido","status":"publish","type":"product","link":"https:\/\/totallubri.com.br\/?product=2094-conjunto-de-acessorios-para-ar-comprimido","title":{"rendered":"2094 \u2013 CONJUNTO DE ACESSORIOS PARA AR COMPRIMIDO-LUPUS"},"content":{"rendered":"<p>Conjunto de acess\u00f3rios para limpeza e encher pneus com conex\u00f5es.<br \/>\nAcompanha 20 pe\u00e7as.<\/p>\n<p>Peso: 0,8 kg<br \/>\nMedidas: (C) 420 mm x (L) 275 mm x (A) 100 mm<\/p>\n","protected":false},"excerpt":{"rendered":"<p>Conjunto de acess\u00f3rios para limpeza e encher pneus com conex\u00f5es. Acompanha 20 pe\u00e7as. Peso: 0,8 kg Medidas: (C) 420 mm x (L) 275 mm x (A) 100 mm<\/p>\n","protected":false},"featured_media":10032,"comment_status":"open","ping_status":"closed","template":"","meta":{"_exactmetrics_skip_tracking":false,"_exactmetrics_sitenote_active":false,"_exactmetrics_sitenote_note":"","_exactmetrics_sitenote_category":0},"product_brand":[],"product_cat":[97],"product_tag":[],"class_list":{"0":"post-10031","1":"product","2":"type-product","3":"status-publish","4":"has-post-thumbnail","6":"product_cat-mangueiras-terminais-e-acessorios-para-mangueiras","8":"first","9":"instock","10":"shipping-taxable","11":"product-type-simple"},"_links":{"self":[{"href":"https:\/\/totallubri.com.br\/index.php?rest_route=\/wp\/v2\/product\/10031","targetHints":{"allow":["GET"]}}],"collection":[{"href":"https:\/\/totallubri.com.br\/index.php?rest_route=\/wp\/v2\/product"}],"about":[{"href":"https:\/\/totallubri.com.br\/index.php?rest_route=\/wp\/v2\/types\/product"}],"replies":[{"embeddable":true,"href":"https:\/\/totallubri.com.br\/index.php?rest_route=%2Fwp%2Fv2%2Fcomments&post=10031"}],"wp:featuredmedia":[{"embeddable":true,"href":"https:\/\/totallubri.com.br\/index.php?rest_route=\/wp\/v2\/media\/10032"}],"wp:attachment":[{"href":"https:\/\/totallubri.com.br\/index.php?rest_route=%2Fwp%2Fv2%2Fmedia&parent=10031"}],"wp:term":[{"taxonomy":"product_brand","embeddable":true,"href":"https:\/\/totallubri.com.br\/index.php?rest_route=%2Fwp%2Fv2%2Fproduct_brand&post=10031"},{"taxonomy":"product_cat","embeddable":true,"href":"https:\/\/totallubri.com.br\/index.php?rest_route=%2Fwp%2Fv2%2Fproduct_cat&post=10031"},{"taxonomy":"product_tag","embeddable":true,"href":"https:\/\/totallubri.com.br\/index.php?rest_route=%2Fwp%2Fv2%2Fproduct_tag&post=10031"}],"curies":[{"name":"wp","href":"https:\/\/api.w.org\/{rel}","templated":true}]}}