{"id":10095,"date":"2024-05-13T15:35:03","date_gmt":"2024-05-13T18:35:03","guid":{"rendered":"https:\/\/totallubri.com.br\/?post_type=product&#038;p=10095"},"modified":"2024-11-20T22:12:44","modified_gmt":"2024-11-21T01:12:44","slug":"ds9007-bomba-de-duplo-diafragma","status":"publish","type":"product","link":"https:\/\/totallubri.com.br\/?product=ds9007-bomba-de-duplo-diafragma","title":{"rendered":"DS9007 \u2013 BOMBA DE DUPLO DIAFRAGMA-LUPUS"},"content":{"rendered":"<p>Corpo em Polipropileno, diafragma Santoprene, esferas em PTFE, assentos e eixo em a\u00e7o inox AISI316<b>.\u00a0<\/b>Para \u00c1cido perac\u00e9tico com concentra\u00e7\u00e3o inferior a 30%.<\/p>\n<p>&nbsp;<\/p>\n<p>Peso: 5,1 kg<\/p>\n<p>Medidas: (C) 216 mm x (L) 184 mm x (A) 230 mm<\/p>\n","protected":false},"excerpt":{"rendered":"<p>Corpo em Polipropileno, diafragma Santoprene, esferas em PTFE, assentos e eixo em a\u00e7o inox AISI316.\u00a0Para \u00c1cido perac\u00e9tico com concentra\u00e7\u00e3o inferior a 30%. &nbsp; Peso: 5,1 kg Medidas: (C) 216 mm x (L) 184 mm x (A) 230 mm<\/p>\n","protected":false},"featured_media":10093,"comment_status":"open","ping_status":"closed","template":"","meta":{"_exactmetrics_skip_tracking":false,"_exactmetrics_sitenote_active":false,"_exactmetrics_sitenote_note":"","_exactmetrics_sitenote_category":0},"product_brand":[],"product_cat":[95],"product_tag":[],"class_list":{"0":"post-10095","1":"product","2":"type-product","3":"status-publish","4":"has-post-thumbnail","6":"product_cat-bomba-diafragma-palhetas-e-engrenagens","8":"first","9":"instock","10":"shipping-taxable","11":"product-type-simple"},"_links":{"self":[{"href":"https:\/\/totallubri.com.br\/index.php?rest_route=\/wp\/v2\/product\/10095","targetHints":{"allow":["GET"]}}],"collection":[{"href":"https:\/\/totallubri.com.br\/index.php?rest_route=\/wp\/v2\/product"}],"about":[{"href":"https:\/\/totallubri.com.br\/index.php?rest_route=\/wp\/v2\/types\/product"}],"replies":[{"embeddable":true,"href":"https:\/\/totallubri.com.br\/index.php?rest_route=%2Fwp%2Fv2%2Fcomments&post=10095"}],"wp:featuredmedia":[{"embeddable":true,"href":"https:\/\/totallubri.com.br\/index.php?rest_route=\/wp\/v2\/media\/10093"}],"wp:attachment":[{"href":"https:\/\/totallubri.com.br\/index.php?rest_route=%2Fwp%2Fv2%2Fmedia&parent=10095"}],"wp:term":[{"taxonomy":"product_brand","embeddable":true,"href":"https:\/\/totallubri.com.br\/index.php?rest_route=%2Fwp%2Fv2%2Fproduct_brand&post=10095"},{"taxonomy":"product_cat","embeddable":true,"href":"https:\/\/totallubri.com.br\/index.php?rest_route=%2Fwp%2Fv2%2Fproduct_cat&post=10095"},{"taxonomy":"product_tag","embeddable":true,"href":"https:\/\/totallubri.com.br\/index.php?rest_route=%2Fwp%2Fv2%2Fproduct_tag&post=10095"}],"curies":[{"name":"wp","href":"https:\/\/api.w.org\/{rel}","templated":true}]}}