{"id":10101,"date":"2024-05-13T15:41:39","date_gmt":"2024-05-13T18:41:39","guid":{"rendered":"https:\/\/totallubri.com.br\/?post_type=product&#038;p=10101"},"modified":"2024-11-20T22:17:50","modified_gmt":"2024-11-21T01:17:50","slug":"ds9009-bomba-de-duplo-diafragma","status":"publish","type":"product","link":"https:\/\/totallubri.com.br\/?product=ds9009-bomba-de-duplo-diafragma","title":{"rendered":"DS9009 \u2013 BOMBA DE DUPLO DIAFRAGMA-LUPUS"},"content":{"rendered":"<p>Corpo em Alum\u00ednio, diafragma e assento em Santoprene, esferas em PTFE e eixo em a\u00e7o inox AISI316.\u00a0<b>Para \u00c1lcool (70% a 80% de etanol ou isopropanol), \u00c1gua oxigenada, e am\u00f4nia com concentra\u00e7\u00e3o de 0,25 a 1,6%.<\/b><\/p>\n<p>Possui certifica\u00e7\u00e3o \u201cEuropeia\u201d ATEX EX II2 GD IIB\/IIC 95 \u00b0C<\/p>\n<p>&nbsp;<\/p>\n<p>Peso: 11,5 kg<\/p>\n<p>Medidas: (C) 280 mm x (L) 281 mm x (A) 278 mm<\/p>\n","protected":false},"excerpt":{"rendered":"<p>Corpo em Alum\u00ednio, diafragma e assento em Santoprene, esferas em PTFE e eixo em a\u00e7o inox AISI316.\u00a0Para \u00c1lcool (70% a 80% de etanol ou isopropanol), \u00c1gua oxigenada, e am\u00f4nia com concentra\u00e7\u00e3o de 0,25 a 1,6%. Possui certifica\u00e7\u00e3o \u201cEuropeia\u201d ATEX EX II2 GD IIB\/IIC 95 \u00b0C &nbsp; Peso: 11,5 kg Medidas: (C) 280 mm x (L) [&hellip;]<\/p>\n","protected":false},"featured_media":10102,"comment_status":"open","ping_status":"closed","template":"","meta":{"_exactmetrics_skip_tracking":false,"_exactmetrics_sitenote_active":false,"_exactmetrics_sitenote_note":"","_exactmetrics_sitenote_category":0},"product_brand":[],"product_cat":[95],"product_tag":[],"class_list":{"0":"post-10101","1":"product","2":"type-product","3":"status-publish","4":"has-post-thumbnail","6":"product_cat-bomba-diafragma-palhetas-e-engrenagens","8":"first","9":"instock","10":"shipping-taxable","11":"product-type-simple"},"_links":{"self":[{"href":"https:\/\/totallubri.com.br\/index.php?rest_route=\/wp\/v2\/product\/10101","targetHints":{"allow":["GET"]}}],"collection":[{"href":"https:\/\/totallubri.com.br\/index.php?rest_route=\/wp\/v2\/product"}],"about":[{"href":"https:\/\/totallubri.com.br\/index.php?rest_route=\/wp\/v2\/types\/product"}],"replies":[{"embeddable":true,"href":"https:\/\/totallubri.com.br\/index.php?rest_route=%2Fwp%2Fv2%2Fcomments&post=10101"}],"wp:featuredmedia":[{"embeddable":true,"href":"https:\/\/totallubri.com.br\/index.php?rest_route=\/wp\/v2\/media\/10102"}],"wp:attachment":[{"href":"https:\/\/totallubri.com.br\/index.php?rest_route=%2Fwp%2Fv2%2Fmedia&parent=10101"}],"wp:term":[{"taxonomy":"product_brand","embeddable":true,"href":"https:\/\/totallubri.com.br\/index.php?rest_route=%2Fwp%2Fv2%2Fproduct_brand&post=10101"},{"taxonomy":"product_cat","embeddable":true,"href":"https:\/\/totallubri.com.br\/index.php?rest_route=%2Fwp%2Fv2%2Fproduct_cat&post=10101"},{"taxonomy":"product_tag","embeddable":true,"href":"https:\/\/totallubri.com.br\/index.php?rest_route=%2Fwp%2Fv2%2Fproduct_tag&post=10101"}],"curies":[{"name":"wp","href":"https:\/\/api.w.org\/{rel}","templated":true}]}}