{"id":10136,"date":"2024-05-13T16:24:15","date_gmt":"2024-05-13T19:24:15","guid":{"rendered":"https:\/\/totallubri.com.br\/?post_type=product&#038;p=10136"},"modified":"2024-11-25T22:40:05","modified_gmt":"2024-11-26T01:40:05","slug":"5713-a-bomba-para-coleta-de-amostras","status":"publish","type":"product","link":"https:\/\/totallubri.com.br\/?product=5713-a-bomba-para-coleta-de-amostras","title":{"rendered":"5713-A BOMBA PARA COLETA DE AMOSTRAS-LUPUS"},"content":{"rendered":"<p>Em alum\u00ednio e acr\u00edlico, para fluidos viscosos a v\u00e1cuo.<\/p>\n<p>&nbsp;<\/p>\n<p>Peso: 0,81 Kg<\/p>\n<p>Medidas: (A) 200 mm x (L) 52 mm x (C) 65 mm<\/p>\n","protected":false},"excerpt":{"rendered":"<p>Em alum\u00ednio e acr\u00edlico, para fluidos viscosos a v\u00e1cuo. &nbsp; Peso: 0,81 Kg Medidas: (A) 200 mm x (L) 52 mm x (C) 65 mm<\/p>\n","protected":false},"featured_media":10137,"comment_status":"open","ping_status":"closed","template":"","meta":{"_exactmetrics_skip_tracking":false,"_exactmetrics_sitenote_active":false,"_exactmetrics_sitenote_note":"","_exactmetrics_sitenote_category":0},"product_brand":[],"product_cat":[102],"product_tag":[],"class_list":{"0":"post-10136","1":"product","2":"type-product","3":"status-publish","4":"has-post-thumbnail","6":"product_cat-equipamentos-para-analise-e-medicoes","8":"first","9":"instock","10":"shipping-taxable","11":"product-type-simple"},"_links":{"self":[{"href":"https:\/\/totallubri.com.br\/index.php?rest_route=\/wp\/v2\/product\/10136","targetHints":{"allow":["GET"]}}],"collection":[{"href":"https:\/\/totallubri.com.br\/index.php?rest_route=\/wp\/v2\/product"}],"about":[{"href":"https:\/\/totallubri.com.br\/index.php?rest_route=\/wp\/v2\/types\/product"}],"replies":[{"embeddable":true,"href":"https:\/\/totallubri.com.br\/index.php?rest_route=%2Fwp%2Fv2%2Fcomments&post=10136"}],"wp:featuredmedia":[{"embeddable":true,"href":"https:\/\/totallubri.com.br\/index.php?rest_route=\/wp\/v2\/media\/10137"}],"wp:attachment":[{"href":"https:\/\/totallubri.com.br\/index.php?rest_route=%2Fwp%2Fv2%2Fmedia&parent=10136"}],"wp:term":[{"taxonomy":"product_brand","embeddable":true,"href":"https:\/\/totallubri.com.br\/index.php?rest_route=%2Fwp%2Fv2%2Fproduct_brand&post=10136"},{"taxonomy":"product_cat","embeddable":true,"href":"https:\/\/totallubri.com.br\/index.php?rest_route=%2Fwp%2Fv2%2Fproduct_cat&post=10136"},{"taxonomy":"product_tag","embeddable":true,"href":"https:\/\/totallubri.com.br\/index.php?rest_route=%2Fwp%2Fv2%2Fproduct_tag&post=10136"}],"curies":[{"name":"wp","href":"https:\/\/api.w.org\/{rel}","templated":true}]}}