{"id":10147,"date":"2024-05-13T16:59:16","date_gmt":"2024-05-13T19:59:16","guid":{"rendered":"https:\/\/totallubri.com.br\/?post_type=product&#038;p=10147"},"modified":"2024-11-26T13:04:45","modified_gmt":"2024-11-26T16:04:45","slug":"5761-tubo-de-pitot-com-visor-de-nivel","status":"publish","type":"product","link":"https:\/\/totallubri.com.br\/?product=5761-tubo-de-pitot-com-visor-de-nivel","title":{"rendered":"5761 \u2013 TUBO DE PITOT COM VISOR DE NIVEL-LUPUS"},"content":{"rendered":"<p>Indicado para f\u00e1cil verifica\u00e7\u00e3o do n\u00edvel do flu\u00eddo com ponto de coleta de amostra via tubo de Pitot em reservat\u00f3rios de \u00f3leo com baixa press\u00e3o. Proporciona pontos de coletas de amostras est\u00e1ticas altamente representativas. Possui visor em vidro com prote\u00e7\u00e3o que pode ser girado 360\u00ba para f\u00e1cil visualiza\u00e7\u00e3o.<\/p>\n<p>&nbsp;<\/p>\n<p>Peso: 1,45 Kg<\/p>\n<p>Medidas: (A) 190 mm x (C) 490 mm<\/p>\n","protected":false},"excerpt":{"rendered":"<p>Indicado para f\u00e1cil verifica\u00e7\u00e3o do n\u00edvel do flu\u00eddo com ponto de coleta de amostra via tubo de Pitot em reservat\u00f3rios de \u00f3leo com baixa press\u00e3o. Proporciona pontos de coletas de amostras est\u00e1ticas altamente representativas. Possui visor em vidro com prote\u00e7\u00e3o que pode ser girado 360\u00ba para f\u00e1cil visualiza\u00e7\u00e3o. &nbsp; Peso: 1,45 Kg Medidas: (A) 190 [&hellip;]<\/p>\n","protected":false},"featured_media":10143,"comment_status":"open","ping_status":"closed","template":"","meta":{"_exactmetrics_skip_tracking":false,"_exactmetrics_sitenote_active":false,"_exactmetrics_sitenote_note":"","_exactmetrics_sitenote_category":0},"product_brand":[],"product_cat":[102],"product_tag":[],"class_list":{"0":"post-10147","1":"product","2":"type-product","3":"status-publish","4":"has-post-thumbnail","6":"product_cat-equipamentos-para-analise-e-medicoes","8":"first","9":"instock","10":"shipping-taxable","11":"product-type-simple"},"_links":{"self":[{"href":"https:\/\/totallubri.com.br\/index.php?rest_route=\/wp\/v2\/product\/10147","targetHints":{"allow":["GET"]}}],"collection":[{"href":"https:\/\/totallubri.com.br\/index.php?rest_route=\/wp\/v2\/product"}],"about":[{"href":"https:\/\/totallubri.com.br\/index.php?rest_route=\/wp\/v2\/types\/product"}],"replies":[{"embeddable":true,"href":"https:\/\/totallubri.com.br\/index.php?rest_route=%2Fwp%2Fv2%2Fcomments&post=10147"}],"wp:featuredmedia":[{"embeddable":true,"href":"https:\/\/totallubri.com.br\/index.php?rest_route=\/wp\/v2\/media\/10143"}],"wp:attachment":[{"href":"https:\/\/totallubri.com.br\/index.php?rest_route=%2Fwp%2Fv2%2Fmedia&parent=10147"}],"wp:term":[{"taxonomy":"product_brand","embeddable":true,"href":"https:\/\/totallubri.com.br\/index.php?rest_route=%2Fwp%2Fv2%2Fproduct_brand&post=10147"},{"taxonomy":"product_cat","embeddable":true,"href":"https:\/\/totallubri.com.br\/index.php?rest_route=%2Fwp%2Fv2%2Fproduct_cat&post=10147"},{"taxonomy":"product_tag","embeddable":true,"href":"https:\/\/totallubri.com.br\/index.php?rest_route=%2Fwp%2Fv2%2Fproduct_tag&post=10147"}],"curies":[{"name":"wp","href":"https:\/\/api.w.org\/{rel}","templated":true}]}}