{"id":10150,"date":"2024-05-13T17:01:24","date_gmt":"2024-05-13T20:01:24","guid":{"rendered":"https:\/\/totallubri.com.br\/?post_type=product&#038;p=10150"},"modified":"2024-11-26T12:59:35","modified_gmt":"2024-11-26T15:59:35","slug":"5713-01-adaptador-coleta-de-amostragem","status":"publish","type":"product","link":"https:\/\/totallubri.com.br\/?product=5713-01-adaptador-coleta-de-amostragem","title":{"rendered":"5713-01 ADAPTADOR COLETA DE AMOSTRAGEM-LUPUS"},"content":{"rendered":"<p>Utilizado para acoplar em tubos de Pitot ou Minimess para uma coleta segura e representativa atrav\u00e9s e bombas de v\u00e1cuo.<\/p>\n<p>&nbsp;<\/p>\n<p>Medidas: (\u00d8) 17 mm x (C) 50 mm<\/p>\n","protected":false},"excerpt":{"rendered":"<p>Utilizado para acoplar em tubos de Pitot ou Minimess para uma coleta segura e representativa atrav\u00e9s e bombas de v\u00e1cuo. &nbsp; Medidas: (\u00d8) 17 mm x (C) 50 mm<\/p>\n","protected":false},"featured_media":10151,"comment_status":"open","ping_status":"closed","template":"","meta":{"_exactmetrics_skip_tracking":false,"_exactmetrics_sitenote_active":false,"_exactmetrics_sitenote_note":"","_exactmetrics_sitenote_category":0},"product_brand":[],"product_cat":[102],"product_tag":[],"class_list":{"0":"post-10150","1":"product","2":"type-product","3":"status-publish","4":"has-post-thumbnail","6":"product_cat-equipamentos-para-analise-e-medicoes","8":"first","9":"instock","10":"shipping-taxable","11":"product-type-simple"},"_links":{"self":[{"href":"https:\/\/totallubri.com.br\/index.php?rest_route=\/wp\/v2\/product\/10150","targetHints":{"allow":["GET"]}}],"collection":[{"href":"https:\/\/totallubri.com.br\/index.php?rest_route=\/wp\/v2\/product"}],"about":[{"href":"https:\/\/totallubri.com.br\/index.php?rest_route=\/wp\/v2\/types\/product"}],"replies":[{"embeddable":true,"href":"https:\/\/totallubri.com.br\/index.php?rest_route=%2Fwp%2Fv2%2Fcomments&post=10150"}],"wp:featuredmedia":[{"embeddable":true,"href":"https:\/\/totallubri.com.br\/index.php?rest_route=\/wp\/v2\/media\/10151"}],"wp:attachment":[{"href":"https:\/\/totallubri.com.br\/index.php?rest_route=%2Fwp%2Fv2%2Fmedia&parent=10150"}],"wp:term":[{"taxonomy":"product_brand","embeddable":true,"href":"https:\/\/totallubri.com.br\/index.php?rest_route=%2Fwp%2Fv2%2Fproduct_brand&post=10150"},{"taxonomy":"product_cat","embeddable":true,"href":"https:\/\/totallubri.com.br\/index.php?rest_route=%2Fwp%2Fv2%2Fproduct_cat&post=10150"},{"taxonomy":"product_tag","embeddable":true,"href":"https:\/\/totallubri.com.br\/index.php?rest_route=%2Fwp%2Fv2%2Fproduct_tag&post=10150"}],"curies":[{"name":"wp","href":"https:\/\/api.w.org\/{rel}","templated":true}]}}