{"id":10156,"date":"2024-05-13T17:06:13","date_gmt":"2024-05-13T20:06:13","guid":{"rendered":"https:\/\/totallubri.com.br\/?post_type=product&#038;p=10156"},"modified":"2024-11-25T22:48:55","modified_gmt":"2024-11-26T01:48:55","slug":"5734-sistema-para-coleta-de-amostragem","status":"publish","type":"product","link":"https:\/\/totallubri.com.br\/?product=5734-sistema-para-coleta-de-amostragem","title":{"rendered":"5734 \u2013 SISTEMA PARA COLETA DE AMOSTRAGEM \u2013 LUPUS"},"content":{"rendered":"<p><span class=\"fontstyle0\">Com o conector para engate r\u00e1pido \u00e9 poss\u00edvel fazer o abastecimento atrav\u00e9s de unidades de filtragem off-line, sem abrir o sistema. O sistema de respiro no reservat\u00f3rio de lubrificante deve permanecer sempre \u201cfechado\u201d para garantir que os lubrificantes permane\u00e7am isolados da contamina\u00e7\u00e3o atmosf\u00e9rica (umidade e particulados), mesmo na coleta de amostras est\u00e1ticas e durante o abastecimento do reservat\u00f3rio.<\/span><\/p>\n<p>OBS: O respiro dessecante acompanha o equipamento.<\/p>\n<p>&nbsp;<\/p>\n<p>Peso: 1,1 Kg<\/p>\n<p>Medidas: (A) 90 mm x (L) 170 mm x (C) 250 mm<\/p>\n","protected":false},"excerpt":{"rendered":"<p>Com o conector para engate r\u00e1pido \u00e9 poss\u00edvel fazer o abastecimento atrav\u00e9s de unidades de filtragem off-line, sem abrir o sistema. O sistema de respiro no reservat\u00f3rio de lubrificante deve permanecer sempre \u201cfechado\u201d para garantir que os lubrificantes permane\u00e7am isolados da contamina\u00e7\u00e3o atmosf\u00e9rica (umidade e particulados), mesmo na coleta de amostras est\u00e1ticas e durante o [&hellip;]<\/p>\n","protected":false},"featured_media":10154,"comment_status":"open","ping_status":"closed","template":"","meta":{"_exactmetrics_skip_tracking":false,"_exactmetrics_sitenote_active":false,"_exactmetrics_sitenote_note":"","_exactmetrics_sitenote_category":0},"product_brand":[],"product_cat":[102],"product_tag":[],"class_list":{"0":"post-10156","1":"product","2":"type-product","3":"status-publish","4":"has-post-thumbnail","6":"product_cat-equipamentos-para-analise-e-medicoes","8":"first","9":"instock","10":"shipping-taxable","11":"product-type-simple"},"_links":{"self":[{"href":"https:\/\/totallubri.com.br\/index.php?rest_route=\/wp\/v2\/product\/10156","targetHints":{"allow":["GET"]}}],"collection":[{"href":"https:\/\/totallubri.com.br\/index.php?rest_route=\/wp\/v2\/product"}],"about":[{"href":"https:\/\/totallubri.com.br\/index.php?rest_route=\/wp\/v2\/types\/product"}],"replies":[{"embeddable":true,"href":"https:\/\/totallubri.com.br\/index.php?rest_route=%2Fwp%2Fv2%2Fcomments&post=10156"}],"wp:featuredmedia":[{"embeddable":true,"href":"https:\/\/totallubri.com.br\/index.php?rest_route=\/wp\/v2\/media\/10154"}],"wp:attachment":[{"href":"https:\/\/totallubri.com.br\/index.php?rest_route=%2Fwp%2Fv2%2Fmedia&parent=10156"}],"wp:term":[{"taxonomy":"product_brand","embeddable":true,"href":"https:\/\/totallubri.com.br\/index.php?rest_route=%2Fwp%2Fv2%2Fproduct_brand&post=10156"},{"taxonomy":"product_cat","embeddable":true,"href":"https:\/\/totallubri.com.br\/index.php?rest_route=%2Fwp%2Fv2%2Fproduct_cat&post=10156"},{"taxonomy":"product_tag","embeddable":true,"href":"https:\/\/totallubri.com.br\/index.php?rest_route=%2Fwp%2Fv2%2Fproduct_tag&post=10156"}],"curies":[{"name":"wp","href":"https:\/\/api.w.org\/{rel}","templated":true}]}}