{"id":10163,"date":"2024-05-13T17:18:10","date_gmt":"2024-05-13T20:18:10","guid":{"rendered":"https:\/\/totallubri.com.br\/?post_type=product&#038;p=10163"},"modified":"2024-11-25T22:44:48","modified_gmt":"2024-11-26T01:44:48","slug":"5715-01-porta-amostra-com-lacre","status":"publish","type":"product","link":"https:\/\/totallubri.com.br\/?product=5715-01-porta-amostra-com-lacre","title":{"rendered":"5715-01 \u2013 PORTA AMOSTRA COM LACRE-LUPUS"},"content":{"rendered":"<p>Indicado para envio de frascos de amostras ao laborat\u00f3rio. O lacre de fechamento garante a abertura de amostras apenas pelos instrumentistas<br \/>\ndo laborat\u00f3rio de an\u00e1lises dif\u00edceis.<\/p>\n","protected":false},"excerpt":{"rendered":"<p>Indicado para envio de frascos de amostras ao laborat\u00f3rio. O lacre de fechamento garante a abertura de amostras apenas pelos instrumentistas do laborat\u00f3rio de an\u00e1lises dif\u00edceis.<\/p>\n","protected":false},"featured_media":10164,"comment_status":"open","ping_status":"closed","template":"","meta":{"_exactmetrics_skip_tracking":false,"_exactmetrics_sitenote_active":false,"_exactmetrics_sitenote_note":"","_exactmetrics_sitenote_category":0},"product_brand":[],"product_cat":[102],"product_tag":[],"class_list":{"0":"post-10163","1":"product","2":"type-product","3":"status-publish","4":"has-post-thumbnail","6":"product_cat-equipamentos-para-analise-e-medicoes","8":"first","9":"instock","10":"shipping-taxable","11":"product-type-simple"},"_links":{"self":[{"href":"https:\/\/totallubri.com.br\/index.php?rest_route=\/wp\/v2\/product\/10163","targetHints":{"allow":["GET"]}}],"collection":[{"href":"https:\/\/totallubri.com.br\/index.php?rest_route=\/wp\/v2\/product"}],"about":[{"href":"https:\/\/totallubri.com.br\/index.php?rest_route=\/wp\/v2\/types\/product"}],"replies":[{"embeddable":true,"href":"https:\/\/totallubri.com.br\/index.php?rest_route=%2Fwp%2Fv2%2Fcomments&post=10163"}],"wp:featuredmedia":[{"embeddable":true,"href":"https:\/\/totallubri.com.br\/index.php?rest_route=\/wp\/v2\/media\/10164"}],"wp:attachment":[{"href":"https:\/\/totallubri.com.br\/index.php?rest_route=%2Fwp%2Fv2%2Fmedia&parent=10163"}],"wp:term":[{"taxonomy":"product_brand","embeddable":true,"href":"https:\/\/totallubri.com.br\/index.php?rest_route=%2Fwp%2Fv2%2Fproduct_brand&post=10163"},{"taxonomy":"product_cat","embeddable":true,"href":"https:\/\/totallubri.com.br\/index.php?rest_route=%2Fwp%2Fv2%2Fproduct_cat&post=10163"},{"taxonomy":"product_tag","embeddable":true,"href":"https:\/\/totallubri.com.br\/index.php?rest_route=%2Fwp%2Fv2%2Fproduct_tag&post=10163"}],"curies":[{"name":"wp","href":"https:\/\/api.w.org\/{rel}","templated":true}]}}