{"id":10166,"date":"2024-05-13T17:20:07","date_gmt":"2024-05-13T20:20:07","guid":{"rendered":"https:\/\/totallubri.com.br\/?post_type=product&#038;p=10166"},"modified":"2024-11-28T16:15:33","modified_gmt":"2024-11-28T19:15:33","slug":"5802-visor-de-nivel-3d","status":"publish","type":"product","link":"https:\/\/totallubri.com.br\/?product=5802-visor-de-nivel-3d","title":{"rendered":"5802 \u2013 VISOR DE NIVEL 3D \u2013 LUPUS"},"content":{"rendered":"<div>Desenho de visualiza\u00e7\u00e3o estendida facilita a visualiza\u00e7\u00e3o do flu\u00eddo. Sua lente protuberante reduz a distor\u00e7\u00e3o criada pelas lentes tradicionais. \u00c9 poss\u00edvel remover a lente termopl\u00e1stica para limpeza.<\/div>\n<div><\/div>\n<div>Peso: 0,07 Kg<\/div>\n<div>Medidas: (\u00d8) 22 mm x (C) 38 mm<\/div>\n","protected":false},"excerpt":{"rendered":"<p>Desenho de visualiza\u00e7\u00e3o estendida facilita a visualiza\u00e7\u00e3o do flu\u00eddo. Sua lente protuberante reduz a distor\u00e7\u00e3o criada pelas lentes tradicionais. \u00c9 poss\u00edvel remover a lente termopl\u00e1stica para limpeza. Peso: 0,07 Kg Medidas: (\u00d8) 22 mm x (C) 38 mm<\/p>\n","protected":false},"featured_media":10164,"comment_status":"open","ping_status":"closed","template":"","meta":{"_exactmetrics_skip_tracking":false,"_exactmetrics_sitenote_active":false,"_exactmetrics_sitenote_note":"","_exactmetrics_sitenote_category":0},"product_brand":[],"product_cat":[60],"product_tag":[],"class_list":{"0":"post-10166","1":"product","2":"type-product","3":"status-publish","4":"has-post-thumbnail","6":"product_cat-equiptos-ppostos-de-abastecimento","8":"first","9":"instock","10":"shipping-taxable","11":"product-type-simple"},"_links":{"self":[{"href":"https:\/\/totallubri.com.br\/index.php?rest_route=\/wp\/v2\/product\/10166","targetHints":{"allow":["GET"]}}],"collection":[{"href":"https:\/\/totallubri.com.br\/index.php?rest_route=\/wp\/v2\/product"}],"about":[{"href":"https:\/\/totallubri.com.br\/index.php?rest_route=\/wp\/v2\/types\/product"}],"replies":[{"embeddable":true,"href":"https:\/\/totallubri.com.br\/index.php?rest_route=%2Fwp%2Fv2%2Fcomments&post=10166"}],"wp:featuredmedia":[{"embeddable":true,"href":"https:\/\/totallubri.com.br\/index.php?rest_route=\/wp\/v2\/media\/10164"}],"wp:attachment":[{"href":"https:\/\/totallubri.com.br\/index.php?rest_route=%2Fwp%2Fv2%2Fmedia&parent=10166"}],"wp:term":[{"taxonomy":"product_brand","embeddable":true,"href":"https:\/\/totallubri.com.br\/index.php?rest_route=%2Fwp%2Fv2%2Fproduct_brand&post=10166"},{"taxonomy":"product_cat","embeddable":true,"href":"https:\/\/totallubri.com.br\/index.php?rest_route=%2Fwp%2Fv2%2Fproduct_cat&post=10166"},{"taxonomy":"product_tag","embeddable":true,"href":"https:\/\/totallubri.com.br\/index.php?rest_route=%2Fwp%2Fv2%2Fproduct_tag&post=10166"}],"curies":[{"name":"wp","href":"https:\/\/api.w.org\/{rel}","templated":true}]}}