{"id":10171,"date":"2024-05-13T17:31:40","date_gmt":"2024-05-13T20:31:40","guid":{"rendered":"https:\/\/totallubri.com.br\/?post_type=product&#038;p=10171"},"modified":"2025-01-22T14:51:07","modified_gmt":"2025-01-22T17:51:07","slug":"5920-sistema-de-identificacao-visual","status":"publish","type":"product","link":"https:\/\/totallubri.com.br\/?product=5920-sistema-de-identificacao-visual","title":{"rendered":"SISTEMA DE IDENTIFICA\u00c7\u00c3O VISUAL \u2013 5920 -LUPUS"},"content":{"rendered":"<p>Quadro para identifica\u00e7\u00e3o de flu\u00eddo, mural de anota\u00e7\u00f5es e tabelas de convers\u00e3o.<\/p>\n<p>&nbsp;<\/p>\n<p>Peso: 10 Kg<\/p>\n<p>Medidas: (A) 1000 mm x (L) 1500 mm<\/p>\n","protected":false},"excerpt":{"rendered":"<p>Quadro para identifica\u00e7\u00e3o de flu\u00eddo, mural de anota\u00e7\u00f5es e tabelas de convers\u00e3o. &nbsp; Peso: 10 Kg Medidas: (A) 1000 mm x (L) 1500 mm<\/p>\n","protected":false},"featured_media":10172,"comment_status":"open","ping_status":"closed","template":"","meta":{"_exactmetrics_skip_tracking":false,"_exactmetrics_sitenote_active":false,"_exactmetrics_sitenote_note":"","_exactmetrics_sitenote_category":0},"product_brand":[],"product_cat":[58],"product_tag":[],"class_list":{"0":"post-10171","1":"product","2":"type-product","3":"status-publish","4":"has-post-thumbnail","6":"product_cat-linha-industrial","8":"first","9":"instock","10":"shipping-taxable","11":"product-type-simple"},"_links":{"self":[{"href":"https:\/\/totallubri.com.br\/index.php?rest_route=\/wp\/v2\/product\/10171","targetHints":{"allow":["GET"]}}],"collection":[{"href":"https:\/\/totallubri.com.br\/index.php?rest_route=\/wp\/v2\/product"}],"about":[{"href":"https:\/\/totallubri.com.br\/index.php?rest_route=\/wp\/v2\/types\/product"}],"replies":[{"embeddable":true,"href":"https:\/\/totallubri.com.br\/index.php?rest_route=%2Fwp%2Fv2%2Fcomments&post=10171"}],"wp:featuredmedia":[{"embeddable":true,"href":"https:\/\/totallubri.com.br\/index.php?rest_route=\/wp\/v2\/media\/10172"}],"wp:attachment":[{"href":"https:\/\/totallubri.com.br\/index.php?rest_route=%2Fwp%2Fv2%2Fmedia&parent=10171"}],"wp:term":[{"taxonomy":"product_brand","embeddable":true,"href":"https:\/\/totallubri.com.br\/index.php?rest_route=%2Fwp%2Fv2%2Fproduct_brand&post=10171"},{"taxonomy":"product_cat","embeddable":true,"href":"https:\/\/totallubri.com.br\/index.php?rest_route=%2Fwp%2Fv2%2Fproduct_cat&post=10171"},{"taxonomy":"product_tag","embeddable":true,"href":"https:\/\/totallubri.com.br\/index.php?rest_route=%2Fwp%2Fv2%2Fproduct_tag&post=10171"}],"curies":[{"name":"wp","href":"https:\/\/api.w.org\/{rel}","templated":true}]}}