{"id":10249,"date":"2024-05-15T15:56:47","date_gmt":"2024-05-15T18:56:47","guid":{"rendered":"https:\/\/totallubri.com.br\/?post_type=product&#038;p=10249"},"modified":"2025-01-23T14:52:08","modified_gmt":"2025-01-23T17:52:08","slug":"k1127-escova-de-lubrificacao","status":"publish","type":"product","link":"https:\/\/totallubri.com.br\/?product=k1127-escova-de-lubrificacao","title":{"rendered":"K1127 \u2013 ESCOVA DE LUBRIFICA\u00c7\u00c3O \u2013 LUPUS"},"content":{"rendered":"<p>Escova de lubrifica\u00e7\u00e3o para sistemas autom\u00e1ticos ou por gravidade. Provem de dutos internos de fluxo de flu\u00eddo de modo a distribuir por igual nas cerdas da escova. Indicado para lubrifica\u00e7\u00e3o de correntes e engrenagens.<\/p>\n<p>Medidas: (A) 60 mm x (L) 14 mm x (C) 47 mm<\/p>\n<table width=\"645\">\n<tbody>\n<tr>\n<td width=\"114\">K1127<\/td>\n<td width=\"531\">Escova Nylon Para Lubrificacao Centralizada Adaptavel A Mangueira De Oleo &#8211; 1-8Pol Npt<\/td>\n<\/tr>\n<tr>\n<td width=\"114\">K1128<\/td>\n<td width=\"531\">Escova Aco Inox Para Lubrificacao Centralizada Adaptavel A Mangueira De Oleo &#8211; 1-8Pol Npt<\/td>\n<\/tr>\n<tr>\n<td width=\"114\">K1129<\/td>\n<td width=\"531\">Escova Nylon Para Lubrificacao Centralizada Adaptavel A Mangueira De Oleo &#8211; 1-8Pol Npt<\/td>\n<\/tr>\n<tr>\n<td width=\"114\">K1130<\/td>\n<td width=\"531\">Escova Nylon Para Lubrificacao Centralizada Adaptavel A Mangueira De Oleo &#8211; 1-8Pol Npt<\/td>\n<\/tr>\n<\/tbody>\n<\/table>\n","protected":false},"excerpt":{"rendered":"<p>Escova de lubrifica\u00e7\u00e3o para sistemas autom\u00e1ticos ou por gravidade. Provem de dutos internos de fluxo de flu\u00eddo de modo a distribuir por igual nas cerdas da escova. Indicado para lubrifica\u00e7\u00e3o de correntes e engrenagens. Medidas: (A) 60 mm x (L) 14 mm x (C) 47 mm K1127 Escova Nylon Para Lubrificacao Centralizada Adaptavel A Mangueira [&hellip;]<\/p>\n","protected":false},"featured_media":10250,"comment_status":"open","ping_status":"closed","template":"","meta":{"_exactmetrics_skip_tracking":false,"_exactmetrics_sitenote_active":false,"_exactmetrics_sitenote_note":"","_exactmetrics_sitenote_category":0},"product_brand":[],"product_cat":[131],"product_tag":[],"class_list":{"0":"post-10249","1":"product","2":"type-product","3":"status-publish","4":"has-post-thumbnail","6":"product_cat-equipamentos-e-acessorios-para-pneumaticos","8":"first","9":"instock","10":"shipping-taxable","11":"product-type-simple"},"_links":{"self":[{"href":"https:\/\/totallubri.com.br\/index.php?rest_route=\/wp\/v2\/product\/10249","targetHints":{"allow":["GET"]}}],"collection":[{"href":"https:\/\/totallubri.com.br\/index.php?rest_route=\/wp\/v2\/product"}],"about":[{"href":"https:\/\/totallubri.com.br\/index.php?rest_route=\/wp\/v2\/types\/product"}],"replies":[{"embeddable":true,"href":"https:\/\/totallubri.com.br\/index.php?rest_route=%2Fwp%2Fv2%2Fcomments&post=10249"}],"wp:featuredmedia":[{"embeddable":true,"href":"https:\/\/totallubri.com.br\/index.php?rest_route=\/wp\/v2\/media\/10250"}],"wp:attachment":[{"href":"https:\/\/totallubri.com.br\/index.php?rest_route=%2Fwp%2Fv2%2Fmedia&parent=10249"}],"wp:term":[{"taxonomy":"product_brand","embeddable":true,"href":"https:\/\/totallubri.com.br\/index.php?rest_route=%2Fwp%2Fv2%2Fproduct_brand&post=10249"},{"taxonomy":"product_cat","embeddable":true,"href":"https:\/\/totallubri.com.br\/index.php?rest_route=%2Fwp%2Fv2%2Fproduct_cat&post=10249"},{"taxonomy":"product_tag","embeddable":true,"href":"https:\/\/totallubri.com.br\/index.php?rest_route=%2Fwp%2Fv2%2Fproduct_tag&post=10249"}],"curies":[{"name":"wp","href":"https:\/\/api.w.org\/{rel}","templated":true}]}}