{"id":10258,"date":"2024-05-15T16:03:45","date_gmt":"2024-05-15T19:03:45","guid":{"rendered":"https:\/\/totallubri.com.br\/?post_type=product&#038;p=10258"},"modified":"2025-01-23T14:55:32","modified_gmt":"2025-01-23T17:55:32","slug":"k1130-escova-de-lubrificacao-com-ever-last","status":"publish","type":"product","link":"https:\/\/totallubri.com.br\/?product=k1130-escova-de-lubrificacao-com-ever-last","title":{"rendered":"K1130 \u2013 ESCOVA DE LUBRIFICA\u00c7\u00c3O COM EVER-LAST-LUPUS"},"content":{"rendered":"<p>Escova de lubrifica\u00e7\u00e3o de alta performance constru\u00eddas em 04 partes. Podem ser recortadas para ajustar as larguras exatas das correntes e engrenagens. Possui uma camada de BUNA-N que causa o bombeamento do \u00f3leo com o movimento da corrente. Indicado para lubrifica\u00e7\u00e3o de correntes e engrenagens com maior exig\u00eancia de lubrifica\u00e7\u00e3o.<\/p>\n<p>Medidas: (A) 60 mm x (L) 9 mm x (C) 30 mm<\/p>\n<table width=\"645\">\n<tbody>\n<tr>\n<td width=\"114\">K1127<\/td>\n<td width=\"531\">Escova Nylon Para Lubrificacao Centralizada Adaptavel A Mangueira De Oleo &#8211; 1-8Pol Npt<\/td>\n<\/tr>\n<tr>\n<td width=\"114\">K1128<\/td>\n<td width=\"531\">Escova Aco Inox Para Lubrificacao Centralizada Adaptavel A Mangueira De Oleo &#8211; 1-8Pol Npt<\/td>\n<\/tr>\n<tr>\n<td width=\"114\">K1129<\/td>\n<td width=\"531\">Escova Nylon Para Lubrificacao Centralizada Adaptavel A Mangueira De Oleo &#8211; 1-8Pol Npt<\/td>\n<\/tr>\n<tr>\n<td width=\"114\">K1130<\/td>\n<td width=\"531\">Escova Nylon Para Lubrificacao Centralizada Adaptavel A Mangueira De Oleo &#8211; 1-8Pol Npt<\/td>\n<\/tr>\n<\/tbody>\n<\/table>\n","protected":false},"excerpt":{"rendered":"<p>Escova de lubrifica\u00e7\u00e3o de alta performance constru\u00eddas em 04 partes. Podem ser recortadas para ajustar as larguras exatas das correntes e engrenagens. Possui uma camada de BUNA-N que causa o bombeamento do \u00f3leo com o movimento da corrente. Indicado para lubrifica\u00e7\u00e3o de correntes e engrenagens com maior exig\u00eancia de lubrifica\u00e7\u00e3o. Medidas: (A) 60 mm x [&hellip;]<\/p>\n","protected":false},"featured_media":10256,"comment_status":"open","ping_status":"closed","template":"","meta":{"_exactmetrics_skip_tracking":false,"_exactmetrics_sitenote_active":false,"_exactmetrics_sitenote_note":"","_exactmetrics_sitenote_category":0},"product_brand":[],"product_cat":[131],"product_tag":[],"class_list":{"0":"post-10258","1":"product","2":"type-product","3":"status-publish","4":"has-post-thumbnail","6":"product_cat-equipamentos-e-acessorios-para-pneumaticos","8":"first","9":"instock","10":"shipping-taxable","11":"product-type-simple"},"_links":{"self":[{"href":"https:\/\/totallubri.com.br\/index.php?rest_route=\/wp\/v2\/product\/10258","targetHints":{"allow":["GET"]}}],"collection":[{"href":"https:\/\/totallubri.com.br\/index.php?rest_route=\/wp\/v2\/product"}],"about":[{"href":"https:\/\/totallubri.com.br\/index.php?rest_route=\/wp\/v2\/types\/product"}],"replies":[{"embeddable":true,"href":"https:\/\/totallubri.com.br\/index.php?rest_route=%2Fwp%2Fv2%2Fcomments&post=10258"}],"wp:featuredmedia":[{"embeddable":true,"href":"https:\/\/totallubri.com.br\/index.php?rest_route=\/wp\/v2\/media\/10256"}],"wp:attachment":[{"href":"https:\/\/totallubri.com.br\/index.php?rest_route=%2Fwp%2Fv2%2Fmedia&parent=10258"}],"wp:term":[{"taxonomy":"product_brand","embeddable":true,"href":"https:\/\/totallubri.com.br\/index.php?rest_route=%2Fwp%2Fv2%2Fproduct_brand&post=10258"},{"taxonomy":"product_cat","embeddable":true,"href":"https:\/\/totallubri.com.br\/index.php?rest_route=%2Fwp%2Fv2%2Fproduct_cat&post=10258"},{"taxonomy":"product_tag","embeddable":true,"href":"https:\/\/totallubri.com.br\/index.php?rest_route=%2Fwp%2Fv2%2Fproduct_tag&post=10258"}],"curies":[{"name":"wp","href":"https:\/\/api.w.org\/{rel}","templated":true}]}}