{"id":10263,"date":"2024-05-15T16:09:22","date_gmt":"2024-05-15T19:09:22","guid":{"rendered":"https:\/\/totallubri.com.br\/?post_type=product&#038;p=10263"},"modified":"2025-01-23T14:59:32","modified_gmt":"2025-01-23T17:59:32","slug":"k1132-escova-de-lubrificacao-redonda","status":"publish","type":"product","link":"https:\/\/totallubri.com.br\/?product=k1132-escova-de-lubrificacao-redonda","title":{"rendered":"K1132 \u2013 ESCOVA DE LUBRIFICA\u00c7\u00c3O REDONDA-LUPUS"},"content":{"rendered":"<p>Escova de lubrifica\u00e7\u00e3o, indicada para correntes com alto \u00edndice de sujeira. Suas resistentes cerdas removem a sujeira e efetuam a lubrifica\u00e7\u00e3o. Cerdas de a\u00e7o INOX resistentes a longos per\u00edodos de lubrifica\u00e7\u00e3o. Promovem a lubrifica\u00e7\u00e3o nos locais de atrito.<\/p>\n<p>Medidas: (A) 60 mm x (L) 25 mm<\/p>\n<table width=\"645\">\n<tbody>\n<tr>\n<td width=\"114\">K1131<\/td>\n<td width=\"531\">Escova Aco Inox Para Lubrificacao Centralizada Adaptavel A Mangueira De Oleo &#8211; 1-8Pol Npt<\/td>\n<\/tr>\n<tr>\n<td width=\"114\">K1132<\/td>\n<td width=\"531\">Escova Aco Inox Para Lubrificacao Centralizada Adaptavel A Mangueira De Oleo &#8211; 1-8Pol Npt<\/td>\n<\/tr>\n<\/tbody>\n<\/table>\n","protected":false},"excerpt":{"rendered":"<p>Escova de lubrifica\u00e7\u00e3o, indicada para correntes com alto \u00edndice de sujeira. Suas resistentes cerdas removem a sujeira e efetuam a lubrifica\u00e7\u00e3o. Cerdas de a\u00e7o INOX resistentes a longos per\u00edodos de lubrifica\u00e7\u00e3o. Promovem a lubrifica\u00e7\u00e3o nos locais de atrito. Medidas: (A) 60 mm x (L) 25 mm K1131 Escova Aco Inox Para Lubrificacao Centralizada Adaptavel A [&hellip;]<\/p>\n","protected":false},"featured_media":10261,"comment_status":"open","ping_status":"closed","template":"","meta":{"_exactmetrics_skip_tracking":false,"_exactmetrics_sitenote_active":false,"_exactmetrics_sitenote_note":"","_exactmetrics_sitenote_category":0},"product_brand":[],"product_cat":[131],"product_tag":[],"class_list":{"0":"post-10263","1":"product","2":"type-product","3":"status-publish","4":"has-post-thumbnail","6":"product_cat-equipamentos-e-acessorios-para-pneumaticos","8":"first","9":"instock","10":"shipping-taxable","11":"product-type-simple"},"_links":{"self":[{"href":"https:\/\/totallubri.com.br\/index.php?rest_route=\/wp\/v2\/product\/10263","targetHints":{"allow":["GET"]}}],"collection":[{"href":"https:\/\/totallubri.com.br\/index.php?rest_route=\/wp\/v2\/product"}],"about":[{"href":"https:\/\/totallubri.com.br\/index.php?rest_route=\/wp\/v2\/types\/product"}],"replies":[{"embeddable":true,"href":"https:\/\/totallubri.com.br\/index.php?rest_route=%2Fwp%2Fv2%2Fcomments&post=10263"}],"wp:featuredmedia":[{"embeddable":true,"href":"https:\/\/totallubri.com.br\/index.php?rest_route=\/wp\/v2\/media\/10261"}],"wp:attachment":[{"href":"https:\/\/totallubri.com.br\/index.php?rest_route=%2Fwp%2Fv2%2Fmedia&parent=10263"}],"wp:term":[{"taxonomy":"product_brand","embeddable":true,"href":"https:\/\/totallubri.com.br\/index.php?rest_route=%2Fwp%2Fv2%2Fproduct_brand&post=10263"},{"taxonomy":"product_cat","embeddable":true,"href":"https:\/\/totallubri.com.br\/index.php?rest_route=%2Fwp%2Fv2%2Fproduct_cat&post=10263"},{"taxonomy":"product_tag","embeddable":true,"href":"https:\/\/totallubri.com.br\/index.php?rest_route=%2Fwp%2Fv2%2Fproduct_tag&post=10263"}],"curies":[{"name":"wp","href":"https:\/\/api.w.org\/{rel}","templated":true}]}}