{"id":10265,"date":"2024-05-15T16:12:55","date_gmt":"2024-05-15T19:12:55","guid":{"rendered":"https:\/\/totallubri.com.br\/?post_type=product&#038;p=10265"},"modified":"2025-02-27T17:03:18","modified_gmt":"2025-02-27T20:03:18","slug":"10265","status":"publish","type":"product","link":"https:\/\/totallubri.com.br\/?product=10265","title":{"rendered":"K1133 \u2013 APLICADORES GIRATORIOS \u2013 LUPUS"},"content":{"rendered":"<p>Aplicador girat\u00f3rio de sistemas de lubrifica\u00e7\u00e3o indicado para correntes de alta temperatura. Seu sistema girat\u00f3rio reduz o atrito com a corrente e promove eficiente lubrifica\u00e7\u00e3o. Pode ser posicionado ao lado de baixo da corrente apenas para limpeza, na parte superior para limpeza e lubrifica\u00e7\u00e3o.<\/p>\n<p>Medidas: (A) 117 mm x (L) 35 mm (C) 77 mm<\/p>\n<p>OBS: Com terminal para tubo de 1\/4\u2033<\/p>\n<p><strong>+ DETALHES SOBRE ESTE PRODUTO:<\/strong><\/p>\n<h2>Informa\u00e7\u00e3o adicional<\/h2>\n<table class=\"woocommerce-product-attributes shop_attributes\">\n<tbody>\n<tr class=\"woocommerce-product-attributes-item woocommerce-product-attributes-item--attribute_pa_material\">\n<th class=\"woocommerce-product-attributes-item__label\">Material<\/th>\n<td class=\"woocommerce-product-attributes-item__value\">A\u00e7o inox<\/td>\n<\/tr>\n<tr class=\"woocommerce-product-attributes-item woocommerce-product-attributes-item--attribute_pa_conexao\">\n<th class=\"woocommerce-product-attributes-item__label\">Conex\u00e3o<\/th>\n<td class=\"woocommerce-product-attributes-item__value\">1\/8&#8243; NPT<\/td>\n<\/tr>\n<tr class=\"woocommerce-product-attributes-item woocommerce-product-attributes-item--attribute_pa_temp-maxima-de-trabalho\">\n<th class=\"woocommerce-product-attributes-item__label\">Temp. m\u00e1xima de trabalho<\/th>\n<td class=\"woocommerce-product-attributes-item__value\">205\u00b0C<\/td>\n<\/tr>\n<\/tbody>\n<\/table>\n<p>&nbsp;<\/p>\n<table width=\"645\">\n<tbody>\n<tr>\n<td width=\"114\">K1133<\/td>\n<td width=\"531\">Escova Aco Inox Para Lubrificacao Centralizada Adaptavel A Mangueira De Oleo &#8211; 1-4Pol Npt<\/td>\n<\/tr>\n<tr>\n<td width=\"114\">K1134<\/td>\n<td width=\"531\">Escova Aco Inox Para Lubrificacao Centralizada Adaptavel A Mangueira De Oleo &#8211; 1-8Pol Npt<\/td>\n<\/tr>\n<\/tbody>\n<\/table>\n<p>&nbsp;<\/p>\n","protected":false},"excerpt":{"rendered":"<p>Aplicador girat\u00f3rio de sistemas de lubrifica\u00e7\u00e3o indicado para correntes de alta temperatura. Seu sistema girat\u00f3rio reduz o atrito com a corrente e promove eficiente lubrifica\u00e7\u00e3o. Pode ser posicionado ao lado de baixo da corrente apenas para limpeza, na parte superior para limpeza e lubrifica\u00e7\u00e3o. Medidas: (A) 117 mm x (L) 35 mm (C) 77 mm [&hellip;]<\/p>\n","protected":false},"featured_media":10266,"comment_status":"open","ping_status":"closed","template":"","meta":{"_exactmetrics_skip_tracking":false,"_exactmetrics_sitenote_active":false,"_exactmetrics_sitenote_note":"","_exactmetrics_sitenote_category":0},"product_brand":[],"product_cat":[131],"product_tag":[],"class_list":{"0":"post-10265","1":"product","2":"type-product","3":"status-publish","4":"has-post-thumbnail","6":"product_cat-equipamentos-e-acessorios-para-pneumaticos","8":"first","9":"instock","10":"shipping-taxable","11":"product-type-simple"},"_links":{"self":[{"href":"https:\/\/totallubri.com.br\/index.php?rest_route=\/wp\/v2\/product\/10265","targetHints":{"allow":["GET"]}}],"collection":[{"href":"https:\/\/totallubri.com.br\/index.php?rest_route=\/wp\/v2\/product"}],"about":[{"href":"https:\/\/totallubri.com.br\/index.php?rest_route=\/wp\/v2\/types\/product"}],"replies":[{"embeddable":true,"href":"https:\/\/totallubri.com.br\/index.php?rest_route=%2Fwp%2Fv2%2Fcomments&post=10265"}],"wp:featuredmedia":[{"embeddable":true,"href":"https:\/\/totallubri.com.br\/index.php?rest_route=\/wp\/v2\/media\/10266"}],"wp:attachment":[{"href":"https:\/\/totallubri.com.br\/index.php?rest_route=%2Fwp%2Fv2%2Fmedia&parent=10265"}],"wp:term":[{"taxonomy":"product_brand","embeddable":true,"href":"https:\/\/totallubri.com.br\/index.php?rest_route=%2Fwp%2Fv2%2Fproduct_brand&post=10265"},{"taxonomy":"product_cat","embeddable":true,"href":"https:\/\/totallubri.com.br\/index.php?rest_route=%2Fwp%2Fv2%2Fproduct_cat&post=10265"},{"taxonomy":"product_tag","embeddable":true,"href":"https:\/\/totallubri.com.br\/index.php?rest_route=%2Fwp%2Fv2%2Fproduct_tag&post=10265"}],"curies":[{"name":"wp","href":"https:\/\/api.w.org\/{rel}","templated":true}]}}