{"id":10271,"date":"2024-05-15T16:46:50","date_gmt":"2024-05-15T19:46:50","guid":{"rendered":"https:\/\/totallubri.com.br\/?post_type=product&#038;p=10271"},"modified":"2024-08-02T21:36:58","modified_gmt":"2024-08-03T00:36:58","slug":"f2011-esguicho-manual","status":"publish","type":"product","link":"https:\/\/totallubri.com.br\/?product=f2011-esguicho-manual","title":{"rendered":"F2011 \u2013 ESGUICHO MANUAL-LUPUS"},"content":{"rendered":"<p>Em lat\u00e3o, este esguicho possui v\u00e1lvula de esfera onde o operador pode ligar e desligar a vaz\u00e3o, com apenas 1\/4 de volta.<\/p>\n<p>Peso: 0,36 kg<br \/>\nMedidas: (C) 130 mm x (L) 120 mm (A) 55 mm<\/p>\n","protected":false},"excerpt":{"rendered":"<p>Em lat\u00e3o, este esguicho possui v\u00e1lvula de esfera onde o operador pode ligar e desligar a vaz\u00e3o, com apenas 1\/4 de volta. Peso: 0,36 kg Medidas: (C) 130 mm x (L) 120 mm (A) 55 mm<\/p>\n","protected":false},"featured_media":10272,"comment_status":"open","ping_status":"closed","template":"","meta":{"_exactmetrics_skip_tracking":false,"_exactmetrics_sitenote_active":false,"_exactmetrics_sitenote_note":"","_exactmetrics_sitenote_category":0},"product_brand":[],"product_cat":[92],"product_tag":[],"class_list":{"0":"post-10271","1":"product","2":"type-product","3":"status-publish","4":"has-post-thumbnail","6":"product_cat-combate-a-incendio","8":"first","9":"instock","10":"shipping-taxable","11":"product-type-simple"},"_links":{"self":[{"href":"https:\/\/totallubri.com.br\/index.php?rest_route=\/wp\/v2\/product\/10271","targetHints":{"allow":["GET"]}}],"collection":[{"href":"https:\/\/totallubri.com.br\/index.php?rest_route=\/wp\/v2\/product"}],"about":[{"href":"https:\/\/totallubri.com.br\/index.php?rest_route=\/wp\/v2\/types\/product"}],"replies":[{"embeddable":true,"href":"https:\/\/totallubri.com.br\/index.php?rest_route=%2Fwp%2Fv2%2Fcomments&post=10271"}],"wp:featuredmedia":[{"embeddable":true,"href":"https:\/\/totallubri.com.br\/index.php?rest_route=\/wp\/v2\/media\/10272"}],"wp:attachment":[{"href":"https:\/\/totallubri.com.br\/index.php?rest_route=%2Fwp%2Fv2%2Fmedia&parent=10271"}],"wp:term":[{"taxonomy":"product_brand","embeddable":true,"href":"https:\/\/totallubri.com.br\/index.php?rest_route=%2Fwp%2Fv2%2Fproduct_brand&post=10271"},{"taxonomy":"product_cat","embeddable":true,"href":"https:\/\/totallubri.com.br\/index.php?rest_route=%2Fwp%2Fv2%2Fproduct_cat&post=10271"},{"taxonomy":"product_tag","embeddable":true,"href":"https:\/\/totallubri.com.br\/index.php?rest_route=%2Fwp%2Fv2%2Fproduct_tag&post=10271"}],"curies":[{"name":"wp","href":"https:\/\/api.w.org\/{rel}","templated":true}]}}