{"id":10303,"date":"2024-05-15T17:30:21","date_gmt":"2024-05-15T20:30:21","guid":{"rendered":"https:\/\/totallubri.com.br\/?post_type=product&#038;p=10303"},"modified":"2024-08-11T17:19:53","modified_gmt":"2024-08-11T20:19:53","slug":"f2100-esguicho-manual","status":"publish","type":"product","link":"https:\/\/totallubri.com.br\/?product=f2100-esguicho-manual","title":{"rendered":"F2100 \u2013 ESGUICHO MANUAL-LUPUS"},"content":{"rendered":"<p>Em alum\u00ednio anodizado e ABS, permite o acoplamento direto a mangueira. Esguicho de f\u00e1cil opera\u00e7\u00e3o e regulagem com apenas 1\/4\u201d de volta. Possibilita o direcionamento e regulagem do fluxo de \u00e1gua. Possui cabo tipo rev\u00f3lver e al\u00e7a ergon\u00f4mica, sendo a al\u00e7a ajust\u00e1vel a posi\u00e7\u00e3o de utiliza\u00e7\u00e3o.<\/p>\n<p>&nbsp;<\/p>\n<p>Peso: 1,6 Kg<\/p>\n<p>Medidas: (C) 230 mm x (L) 122 mm x (A) 270 mm<\/p>\n","protected":false},"excerpt":{"rendered":"<p>Em alum\u00ednio anodizado e ABS, permite o acoplamento direto a mangueira. Esguicho de f\u00e1cil opera\u00e7\u00e3o e regulagem com apenas 1\/4\u201d de volta. Possibilita o direcionamento e regulagem do fluxo de \u00e1gua. Possui cabo tipo rev\u00f3lver e al\u00e7a ergon\u00f4mica, sendo a al\u00e7a ajust\u00e1vel a posi\u00e7\u00e3o de utiliza\u00e7\u00e3o. &nbsp; Peso: 1,6 Kg Medidas: (C) 230 mm x [&hellip;]<\/p>\n","protected":false},"featured_media":10304,"comment_status":"open","ping_status":"closed","template":"","meta":{"_exactmetrics_skip_tracking":false,"_exactmetrics_sitenote_active":false,"_exactmetrics_sitenote_note":"","_exactmetrics_sitenote_category":0},"product_brand":[],"product_cat":[92],"product_tag":[],"class_list":{"0":"post-10303","1":"product","2":"type-product","3":"status-publish","4":"has-post-thumbnail","6":"product_cat-combate-a-incendio","8":"first","9":"instock","10":"shipping-taxable","11":"product-type-simple"},"_links":{"self":[{"href":"https:\/\/totallubri.com.br\/index.php?rest_route=\/wp\/v2\/product\/10303","targetHints":{"allow":["GET"]}}],"collection":[{"href":"https:\/\/totallubri.com.br\/index.php?rest_route=\/wp\/v2\/product"}],"about":[{"href":"https:\/\/totallubri.com.br\/index.php?rest_route=\/wp\/v2\/types\/product"}],"replies":[{"embeddable":true,"href":"https:\/\/totallubri.com.br\/index.php?rest_route=%2Fwp%2Fv2%2Fcomments&post=10303"}],"wp:featuredmedia":[{"embeddable":true,"href":"https:\/\/totallubri.com.br\/index.php?rest_route=\/wp\/v2\/media\/10304"}],"wp:attachment":[{"href":"https:\/\/totallubri.com.br\/index.php?rest_route=%2Fwp%2Fv2%2Fmedia&parent=10303"}],"wp:term":[{"taxonomy":"product_brand","embeddable":true,"href":"https:\/\/totallubri.com.br\/index.php?rest_route=%2Fwp%2Fv2%2Fproduct_brand&post=10303"},{"taxonomy":"product_cat","embeddable":true,"href":"https:\/\/totallubri.com.br\/index.php?rest_route=%2Fwp%2Fv2%2Fproduct_cat&post=10303"},{"taxonomy":"product_tag","embeddable":true,"href":"https:\/\/totallubri.com.br\/index.php?rest_route=%2Fwp%2Fv2%2Fproduct_tag&post=10303"}],"curies":[{"name":"wp","href":"https:\/\/api.w.org\/{rel}","templated":true}]}}