{"id":10306,"date":"2024-05-15T17:32:50","date_gmt":"2024-05-15T20:32:50","guid":{"rendered":"https:\/\/totallubri.com.br\/?post_type=product&#038;p=10306"},"modified":"2024-08-11T17:21:14","modified_gmt":"2024-08-11T20:21:14","slug":"f2101-esguicho-manual","status":"publish","type":"product","link":"https:\/\/totallubri.com.br\/?product=f2101-esguicho-manual","title":{"rendered":"F2101 \u2013 ESGUICHO MANUAL-LUPUS"},"content":{"rendered":"<p>Em alum\u00ednio, ABS e v\u00e1lvula em a\u00e7o inox, permite o acoplamento direto a mangueira. Esguicho de f\u00e1cil opera\u00e7\u00e3o e regulagem com apenas 1\/4\u201d de volta. Possibilita rota\u00e7\u00e3o de 360 \u00b0, e direcionamento e regulagem do fluxo de \u00e1gua. Por ser autom\u00e1tico, fornece press\u00e3o constante, e a vaz\u00e3o pode ser constante ou vari\u00e1vel mesmo<br \/>\nem opera\u00e7\u00e3o. Possui cabo tipo rev\u00f3lver e al\u00e7a ergon\u00f4mica, sendo a al\u00e7a ajust\u00e1vel a posi\u00e7\u00e3o de utiliza\u00e7\u00e3o.<\/p>\n<p>&nbsp;<\/p>\n<p>Peso: 1,6 Kg<\/p>\n<p>Medidas: (C) 280 mm x (L) 119 mm x (A) 248 mm<\/p>\n","protected":false},"excerpt":{"rendered":"<p>Em alum\u00ednio, ABS e v\u00e1lvula em a\u00e7o inox, permite o acoplamento direto a mangueira. Esguicho de f\u00e1cil opera\u00e7\u00e3o e regulagem com apenas 1\/4\u201d de volta. Possibilita rota\u00e7\u00e3o de 360 \u00b0, e direcionamento e regulagem do fluxo de \u00e1gua. Por ser autom\u00e1tico, fornece press\u00e3o constante, e a vaz\u00e3o pode ser constante ou vari\u00e1vel mesmo em opera\u00e7\u00e3o. [&hellip;]<\/p>\n","protected":false},"featured_media":10307,"comment_status":"open","ping_status":"closed","template":"","meta":{"_exactmetrics_skip_tracking":false,"_exactmetrics_sitenote_active":false,"_exactmetrics_sitenote_note":"","_exactmetrics_sitenote_category":0},"product_brand":[],"product_cat":[92],"product_tag":[],"class_list":{"0":"post-10306","1":"product","2":"type-product","3":"status-publish","4":"has-post-thumbnail","6":"product_cat-combate-a-incendio","8":"first","9":"instock","10":"shipping-taxable","11":"product-type-simple"},"_links":{"self":[{"href":"https:\/\/totallubri.com.br\/index.php?rest_route=\/wp\/v2\/product\/10306","targetHints":{"allow":["GET"]}}],"collection":[{"href":"https:\/\/totallubri.com.br\/index.php?rest_route=\/wp\/v2\/product"}],"about":[{"href":"https:\/\/totallubri.com.br\/index.php?rest_route=\/wp\/v2\/types\/product"}],"replies":[{"embeddable":true,"href":"https:\/\/totallubri.com.br\/index.php?rest_route=%2Fwp%2Fv2%2Fcomments&post=10306"}],"wp:featuredmedia":[{"embeddable":true,"href":"https:\/\/totallubri.com.br\/index.php?rest_route=\/wp\/v2\/media\/10307"}],"wp:attachment":[{"href":"https:\/\/totallubri.com.br\/index.php?rest_route=%2Fwp%2Fv2%2Fmedia&parent=10306"}],"wp:term":[{"taxonomy":"product_brand","embeddable":true,"href":"https:\/\/totallubri.com.br\/index.php?rest_route=%2Fwp%2Fv2%2Fproduct_brand&post=10306"},{"taxonomy":"product_cat","embeddable":true,"href":"https:\/\/totallubri.com.br\/index.php?rest_route=%2Fwp%2Fv2%2Fproduct_cat&post=10306"},{"taxonomy":"product_tag","embeddable":true,"href":"https:\/\/totallubri.com.br\/index.php?rest_route=%2Fwp%2Fv2%2Fproduct_tag&post=10306"}],"curies":[{"name":"wp","href":"https:\/\/api.w.org\/{rel}","templated":true}]}}