{"id":10316,"date":"2024-05-16T14:51:26","date_gmt":"2024-05-16T17:51:26","guid":{"rendered":"https:\/\/totallubri.com.br\/?post_type=product&#038;p=10316"},"modified":"2024-07-28T20:22:40","modified_gmt":"2024-07-28T23:22:40","slug":"f2300-canhao-monitor-manual-fixo","status":"publish","type":"product","link":"https:\/\/totallubri.com.br\/?product=f2300-canhao-monitor-manual-fixo","title":{"rendered":"F2300 \u2013 CANHAO MONITOR MANUAL \u2013 FIXO-LUPUS"},"content":{"rendered":"<p>Em alum\u00ednio e a\u00e7o inox com bico ajust\u00e1vel, jato direto, spray ou neblina. Proporciona uma rota\u00e7\u00e3o de 360\u00b0 e inclina\u00e7\u00e3o entre -45\u00b0 \u00e0 80\u00b0, de f\u00e1cil opera\u00e7\u00e3o, proporcionando um controle completo do equipamento.<\/p>\n<p>&nbsp;<\/p>\n<p>Peso: 16 Kg<\/p>\n<p>Medidas: (A) 700 mm x (L) 230 mm x (C) 360 mm<\/p>\n","protected":false},"excerpt":{"rendered":"<p>Em alum\u00ednio e a\u00e7o inox com bico ajust\u00e1vel, jato direto, spray ou neblina. Proporciona uma rota\u00e7\u00e3o de 360\u00b0 e inclina\u00e7\u00e3o entre -45\u00b0 \u00e0 80\u00b0, de f\u00e1cil opera\u00e7\u00e3o, proporcionando um controle completo do equipamento. &nbsp; Peso: 16 Kg Medidas: (A) 700 mm x (L) 230 mm x (C) 360 mm<\/p>\n","protected":false},"featured_media":10317,"comment_status":"open","ping_status":"closed","template":"","meta":{"_exactmetrics_skip_tracking":false,"_exactmetrics_sitenote_active":false,"_exactmetrics_sitenote_note":"","_exactmetrics_sitenote_category":0},"product_brand":[],"product_cat":[92],"product_tag":[],"class_list":{"0":"post-10316","1":"product","2":"type-product","3":"status-publish","4":"has-post-thumbnail","6":"product_cat-combate-a-incendio","8":"first","9":"instock","10":"shipping-taxable","11":"product-type-simple"},"_links":{"self":[{"href":"https:\/\/totallubri.com.br\/index.php?rest_route=\/wp\/v2\/product\/10316","targetHints":{"allow":["GET"]}}],"collection":[{"href":"https:\/\/totallubri.com.br\/index.php?rest_route=\/wp\/v2\/product"}],"about":[{"href":"https:\/\/totallubri.com.br\/index.php?rest_route=\/wp\/v2\/types\/product"}],"replies":[{"embeddable":true,"href":"https:\/\/totallubri.com.br\/index.php?rest_route=%2Fwp%2Fv2%2Fcomments&post=10316"}],"wp:featuredmedia":[{"embeddable":true,"href":"https:\/\/totallubri.com.br\/index.php?rest_route=\/wp\/v2\/media\/10317"}],"wp:attachment":[{"href":"https:\/\/totallubri.com.br\/index.php?rest_route=%2Fwp%2Fv2%2Fmedia&parent=10316"}],"wp:term":[{"taxonomy":"product_brand","embeddable":true,"href":"https:\/\/totallubri.com.br\/index.php?rest_route=%2Fwp%2Fv2%2Fproduct_brand&post=10316"},{"taxonomy":"product_cat","embeddable":true,"href":"https:\/\/totallubri.com.br\/index.php?rest_route=%2Fwp%2Fv2%2Fproduct_cat&post=10316"},{"taxonomy":"product_tag","embeddable":true,"href":"https:\/\/totallubri.com.br\/index.php?rest_route=%2Fwp%2Fv2%2Fproduct_tag&post=10316"}],"curies":[{"name":"wp","href":"https:\/\/api.w.org\/{rel}","templated":true}]}}