{"id":10319,"date":"2024-05-16T14:54:00","date_gmt":"2024-05-16T17:54:00","guid":{"rendered":"https:\/\/totallubri.com.br\/?post_type=product&#038;p=10319"},"modified":"2024-07-28T20:24:00","modified_gmt":"2024-07-28T23:24:00","slug":"f2303-canhao-monitor-manual-fixo","status":"publish","type":"product","link":"https:\/\/totallubri.com.br\/?product=f2303-canhao-monitor-manual-fixo","title":{"rendered":"F2303 \u2013 CANHAO MONITOR MANUAL \u2013 FIXO-LUPUS"},"content":{"rendered":"<p>Em a\u00e7o e a\u00e7o inox, com bico ajust\u00e1vel, jato direto ou spray e jun\u00e7\u00f5es rolamentadas. Proporciona uma rota\u00e7\u00e3o de 360\u00b0 e inclina\u00e7\u00e3o entre -15\u00b0 \u00e0 60\u00b0, de f\u00e1cil opera\u00e7\u00e3o, proporcionando um controle completo do equipamento.<\/p>\n<p>&nbsp;<\/p>\n<p>Peso: 16 Kg<\/p>\n<p>Medidas: (A) 700 mm x (L) 230 mm x (C) 360 mm<\/p>\n","protected":false},"excerpt":{"rendered":"<p>Em a\u00e7o e a\u00e7o inox, com bico ajust\u00e1vel, jato direto ou spray e jun\u00e7\u00f5es rolamentadas. Proporciona uma rota\u00e7\u00e3o de 360\u00b0 e inclina\u00e7\u00e3o entre -15\u00b0 \u00e0 60\u00b0, de f\u00e1cil opera\u00e7\u00e3o, proporcionando um controle completo do equipamento. &nbsp; Peso: 16 Kg Medidas: (A) 700 mm x (L) 230 mm x (C) 360 mm<\/p>\n","protected":false},"featured_media":10320,"comment_status":"open","ping_status":"closed","template":"","meta":{"_exactmetrics_skip_tracking":false,"_exactmetrics_sitenote_active":false,"_exactmetrics_sitenote_note":"","_exactmetrics_sitenote_category":0},"product_brand":[],"product_cat":[92],"product_tag":[],"class_list":{"0":"post-10319","1":"product","2":"type-product","3":"status-publish","4":"has-post-thumbnail","6":"product_cat-combate-a-incendio","8":"first","9":"instock","10":"shipping-taxable","11":"product-type-simple"},"_links":{"self":[{"href":"https:\/\/totallubri.com.br\/index.php?rest_route=\/wp\/v2\/product\/10319","targetHints":{"allow":["GET"]}}],"collection":[{"href":"https:\/\/totallubri.com.br\/index.php?rest_route=\/wp\/v2\/product"}],"about":[{"href":"https:\/\/totallubri.com.br\/index.php?rest_route=\/wp\/v2\/types\/product"}],"replies":[{"embeddable":true,"href":"https:\/\/totallubri.com.br\/index.php?rest_route=%2Fwp%2Fv2%2Fcomments&post=10319"}],"wp:featuredmedia":[{"embeddable":true,"href":"https:\/\/totallubri.com.br\/index.php?rest_route=\/wp\/v2\/media\/10320"}],"wp:attachment":[{"href":"https:\/\/totallubri.com.br\/index.php?rest_route=%2Fwp%2Fv2%2Fmedia&parent=10319"}],"wp:term":[{"taxonomy":"product_brand","embeddable":true,"href":"https:\/\/totallubri.com.br\/index.php?rest_route=%2Fwp%2Fv2%2Fproduct_brand&post=10319"},{"taxonomy":"product_cat","embeddable":true,"href":"https:\/\/totallubri.com.br\/index.php?rest_route=%2Fwp%2Fv2%2Fproduct_cat&post=10319"},{"taxonomy":"product_tag","embeddable":true,"href":"https:\/\/totallubri.com.br\/index.php?rest_route=%2Fwp%2Fv2%2Fproduct_tag&post=10319"}],"curies":[{"name":"wp","href":"https:\/\/api.w.org\/{rel}","templated":true}]}}