{"id":10322,"date":"2024-05-16T14:55:28","date_gmt":"2024-05-16T17:55:28","guid":{"rendered":"https:\/\/totallubri.com.br\/?post_type=product&#038;p=10322"},"modified":"2025-03-05T14:53:48","modified_gmt":"2025-03-05T17:53:48","slug":"f2304-canhao-monitor-manual","status":"publish","type":"product","link":"https:\/\/totallubri.com.br\/?product=f2304-canhao-monitor-manual","title":{"rendered":"F2304 \u2013 CANHAO MONITOR MANUAL-LUPUS"},"content":{"rendered":"<p>Em alum\u00ednio, com jun\u00e7\u00f5es rolamentadas e dotadas de graxeiras para lubrifica\u00e7\u00e3o. Movimento horizontal livre em 360\u00b0 e vertical em 180\u00b0, por meio de alavanca, podendo ser travados em quaisquer posi\u00e7\u00f5es.<\/p>\n<p>&nbsp;<\/p>\n<p>Peso: 7 Kg<\/p>\n<p>Medidas: (A) 560 mm x (L) 390 mm x (C) 216 mm<\/p>\n","protected":false},"excerpt":{"rendered":"<p>Em alum\u00ednio, com jun\u00e7\u00f5es rolamentadas e dotadas de graxeiras para lubrifica\u00e7\u00e3o. Movimento horizontal livre em 360\u00b0 e vertical em 180\u00b0, por meio de alavanca, podendo ser travados em quaisquer posi\u00e7\u00f5es. &nbsp; Peso: 7 Kg Medidas: (A) 560 mm x (L) 390 mm x (C) 216 mm<\/p>\n","protected":false},"featured_media":10323,"comment_status":"open","ping_status":"closed","template":"","meta":{"_exactmetrics_skip_tracking":false,"_exactmetrics_sitenote_active":false,"_exactmetrics_sitenote_note":"","_exactmetrics_sitenote_category":0},"product_brand":[],"product_cat":[92],"product_tag":[],"class_list":{"0":"post-10322","1":"product","2":"type-product","3":"status-publish","4":"has-post-thumbnail","6":"product_cat-combate-a-incendio","8":"first","9":"instock","10":"featured","11":"shipping-taxable","12":"product-type-simple"},"_links":{"self":[{"href":"https:\/\/totallubri.com.br\/index.php?rest_route=\/wp\/v2\/product\/10322","targetHints":{"allow":["GET"]}}],"collection":[{"href":"https:\/\/totallubri.com.br\/index.php?rest_route=\/wp\/v2\/product"}],"about":[{"href":"https:\/\/totallubri.com.br\/index.php?rest_route=\/wp\/v2\/types\/product"}],"replies":[{"embeddable":true,"href":"https:\/\/totallubri.com.br\/index.php?rest_route=%2Fwp%2Fv2%2Fcomments&post=10322"}],"wp:featuredmedia":[{"embeddable":true,"href":"https:\/\/totallubri.com.br\/index.php?rest_route=\/wp\/v2\/media\/10323"}],"wp:attachment":[{"href":"https:\/\/totallubri.com.br\/index.php?rest_route=%2Fwp%2Fv2%2Fmedia&parent=10322"}],"wp:term":[{"taxonomy":"product_brand","embeddable":true,"href":"https:\/\/totallubri.com.br\/index.php?rest_route=%2Fwp%2Fv2%2Fproduct_brand&post=10322"},{"taxonomy":"product_cat","embeddable":true,"href":"https:\/\/totallubri.com.br\/index.php?rest_route=%2Fwp%2Fv2%2Fproduct_cat&post=10322"},{"taxonomy":"product_tag","embeddable":true,"href":"https:\/\/totallubri.com.br\/index.php?rest_route=%2Fwp%2Fv2%2Fproduct_tag&post=10322"}],"curies":[{"name":"wp","href":"https:\/\/api.w.org\/{rel}","templated":true}]}}