{"id":10560,"date":"2024-05-17T11:07:05","date_gmt":"2024-05-17T14:07:05","guid":{"rendered":"https:\/\/totallubri.com.br\/?post_type=product&#038;p=10560"},"modified":"2024-08-15T17:46:17","modified_gmt":"2024-08-15T20:46:17","slug":"f2305-canhao-monitor","status":"publish","type":"product","link":"https:\/\/totallubri.com.br\/?product=f2305-canhao-monitor","title":{"rendered":"F2305 \u2013 CANH\u00c3O MONITOR-LUPUS"},"content":{"rendered":"<p>Em alum\u00ednio e a\u00e7o inox com acionamento eletr\u00f4nico a dist\u00e2ncia atrav\u00e9s de joystick. Com rota\u00e7\u00e3o de 360\u00b0 e inclina\u00e7\u00e3o de -55\u00b0 \u00e0 90\u00b0. Vantagens: sistema proporciona autom\u00e1tico remoto.<\/p>\n<p>&nbsp;<\/p>\n<p>Peso: 21 Kg<\/p>\n<p>Medidas: (A) 610 mm x (L) 380 mm x (C) 360 mm<\/p>\n","protected":false},"excerpt":{"rendered":"<p>Em alum\u00ednio e a\u00e7o inox com acionamento eletr\u00f4nico a dist\u00e2ncia atrav\u00e9s de joystick. Com rota\u00e7\u00e3o de 360\u00b0 e inclina\u00e7\u00e3o de -55\u00b0 \u00e0 90\u00b0. Vantagens: sistema proporciona autom\u00e1tico remoto. &nbsp; Peso: 21 Kg Medidas: (A) 610 mm x (L) 380 mm x (C) 360 mm<\/p>\n","protected":false},"featured_media":10561,"comment_status":"open","ping_status":"closed","template":"","meta":{"_exactmetrics_skip_tracking":false,"_exactmetrics_sitenote_active":false,"_exactmetrics_sitenote_note":"","_exactmetrics_sitenote_category":0},"product_brand":[],"product_cat":[92],"product_tag":[],"class_list":{"0":"post-10560","1":"product","2":"type-product","3":"status-publish","4":"has-post-thumbnail","6":"product_cat-combate-a-incendio","8":"first","9":"instock","10":"shipping-taxable","11":"product-type-simple"},"_links":{"self":[{"href":"https:\/\/totallubri.com.br\/index.php?rest_route=\/wp\/v2\/product\/10560","targetHints":{"allow":["GET"]}}],"collection":[{"href":"https:\/\/totallubri.com.br\/index.php?rest_route=\/wp\/v2\/product"}],"about":[{"href":"https:\/\/totallubri.com.br\/index.php?rest_route=\/wp\/v2\/types\/product"}],"replies":[{"embeddable":true,"href":"https:\/\/totallubri.com.br\/index.php?rest_route=%2Fwp%2Fv2%2Fcomments&post=10560"}],"wp:featuredmedia":[{"embeddable":true,"href":"https:\/\/totallubri.com.br\/index.php?rest_route=\/wp\/v2\/media\/10561"}],"wp:attachment":[{"href":"https:\/\/totallubri.com.br\/index.php?rest_route=%2Fwp%2Fv2%2Fmedia&parent=10560"}],"wp:term":[{"taxonomy":"product_brand","embeddable":true,"href":"https:\/\/totallubri.com.br\/index.php?rest_route=%2Fwp%2Fv2%2Fproduct_brand&post=10560"},{"taxonomy":"product_cat","embeddable":true,"href":"https:\/\/totallubri.com.br\/index.php?rest_route=%2Fwp%2Fv2%2Fproduct_cat&post=10560"},{"taxonomy":"product_tag","embeddable":true,"href":"https:\/\/totallubri.com.br\/index.php?rest_route=%2Fwp%2Fv2%2Fproduct_tag&post=10560"}],"curies":[{"name":"wp","href":"https:\/\/api.w.org\/{rel}","templated":true}]}}