{"id":10566,"date":"2024-05-17T11:09:43","date_gmt":"2024-05-17T14:09:43","guid":{"rendered":"https:\/\/totallubri.com.br\/?post_type=product&#038;p=10566"},"modified":"2024-08-12T13:42:38","modified_gmt":"2024-08-12T16:42:38","slug":"f2306-canhao-monitor-remoto-com-acessorios","status":"publish","type":"product","link":"https:\/\/totallubri.com.br\/?product=f2306-canhao-monitor-remoto-com-acessorios","title":{"rendered":"F2306 \u2013 CANH\u00c3O MONITOR REMOTO COM ACESSORIOS-LUPUS"},"content":{"rendered":"<p>Proporciona controle autom\u00e1tico remoto monitorado por c\u00e2mera, utilizando joystick ou RC transmitter. Com rota\u00e7\u00e3o de 360\u00b0 e inclina\u00e7\u00e3o de -55\u00b0 \u00e0 90\u00b0.<\/p>\n<p>&nbsp;<\/p>\n<p>Peso: 21,5 kg<\/p>\n<p>Medidas: (C) 450mm x (L) 340mm x (A) 415mm<\/p>\n","protected":false},"excerpt":{"rendered":"<p>Proporciona controle autom\u00e1tico remoto monitorado por c\u00e2mera, utilizando joystick ou RC transmitter. Com rota\u00e7\u00e3o de 360\u00b0 e inclina\u00e7\u00e3o de -55\u00b0 \u00e0 90\u00b0. &nbsp; Peso: 21,5 kg Medidas: (C) 450mm x (L) 340mm x (A) 415mm<\/p>\n","protected":false},"featured_media":10564,"comment_status":"open","ping_status":"closed","template":"","meta":{"_exactmetrics_skip_tracking":false,"_exactmetrics_sitenote_active":false,"_exactmetrics_sitenote_note":"","_exactmetrics_sitenote_category":0},"product_brand":[],"product_cat":[92],"product_tag":[],"class_list":{"0":"post-10566","1":"product","2":"type-product","3":"status-publish","4":"has-post-thumbnail","6":"product_cat-combate-a-incendio","8":"first","9":"instock","10":"shipping-taxable","11":"product-type-simple"},"_links":{"self":[{"href":"https:\/\/totallubri.com.br\/index.php?rest_route=\/wp\/v2\/product\/10566","targetHints":{"allow":["GET"]}}],"collection":[{"href":"https:\/\/totallubri.com.br\/index.php?rest_route=\/wp\/v2\/product"}],"about":[{"href":"https:\/\/totallubri.com.br\/index.php?rest_route=\/wp\/v2\/types\/product"}],"replies":[{"embeddable":true,"href":"https:\/\/totallubri.com.br\/index.php?rest_route=%2Fwp%2Fv2%2Fcomments&post=10566"}],"wp:featuredmedia":[{"embeddable":true,"href":"https:\/\/totallubri.com.br\/index.php?rest_route=\/wp\/v2\/media\/10564"}],"wp:attachment":[{"href":"https:\/\/totallubri.com.br\/index.php?rest_route=%2Fwp%2Fv2%2Fmedia&parent=10566"}],"wp:term":[{"taxonomy":"product_brand","embeddable":true,"href":"https:\/\/totallubri.com.br\/index.php?rest_route=%2Fwp%2Fv2%2Fproduct_brand&post=10566"},{"taxonomy":"product_cat","embeddable":true,"href":"https:\/\/totallubri.com.br\/index.php?rest_route=%2Fwp%2Fv2%2Fproduct_cat&post=10566"},{"taxonomy":"product_tag","embeddable":true,"href":"https:\/\/totallubri.com.br\/index.php?rest_route=%2Fwp%2Fv2%2Fproduct_tag&post=10566"}],"curies":[{"name":"wp","href":"https:\/\/api.w.org\/{rel}","templated":true}]}}