{"id":10580,"date":"2024-05-20T15:58:36","date_gmt":"2024-05-20T18:58:36","guid":{"rendered":"https:\/\/totallubri.com.br\/?post_type=product&#038;p=10580"},"modified":"2024-12-15T13:54:28","modified_gmt":"2024-12-15T16:54:28","slug":"f2402-carretel-manual-base-simples","status":"publish","type":"product","link":"https:\/\/totallubri.com.br\/?product=f2402-carretel-manual-base-simples","title":{"rendered":"F2402 \u2013 CARRETEL MANUAL BASE SIMPLES-LUPUS"},"content":{"rendered":"<p>Em chapa de a\u00e7o, possui \u00f3tima resist\u00eancia mec\u00e2nica garantindo suas caracter\u00edsticas funcionais e mancal girat\u00f3rio de entrada sobre esferas de a\u00e7o cromadas, dotado de graxeira para lubrifica\u00e7\u00e3o, e mancal da manivela com rolamento de esferas.<\/p>\n<p>&nbsp;<\/p>\n<p>Peso: 18 Kg<\/p>\n<p>Medidas: (\u00d8) 470 mm x (L) 1000 mm x (A) 534 mm<\/p>\n<p>&nbsp;<\/p>\n<p>OBS: mangueira n\u00e3o acompanha o produto.<\/p>\n","protected":false},"excerpt":{"rendered":"<p>Em chapa de a\u00e7o, possui \u00f3tima resist\u00eancia mec\u00e2nica garantindo suas caracter\u00edsticas funcionais e mancal girat\u00f3rio de entrada sobre esferas de a\u00e7o cromadas, dotado de graxeira para lubrifica\u00e7\u00e3o, e mancal da manivela com rolamento de esferas. &nbsp; Peso: 18 Kg Medidas: (\u00d8) 470 mm x (L) 1000 mm x (A) 534 mm &nbsp; OBS: mangueira n\u00e3o [&hellip;]<\/p>\n","protected":false},"featured_media":10576,"comment_status":"open","ping_status":"closed","template":"","meta":{"_exactmetrics_skip_tracking":false,"_exactmetrics_sitenote_active":false,"_exactmetrics_sitenote_note":"","_exactmetrics_sitenote_category":0},"product_brand":[],"product_cat":[92],"product_tag":[],"class_list":{"0":"post-10580","1":"product","2":"type-product","3":"status-publish","4":"has-post-thumbnail","6":"product_cat-combate-a-incendio","8":"first","9":"instock","10":"shipping-taxable","11":"product-type-simple"},"_links":{"self":[{"href":"https:\/\/totallubri.com.br\/index.php?rest_route=\/wp\/v2\/product\/10580","targetHints":{"allow":["GET"]}}],"collection":[{"href":"https:\/\/totallubri.com.br\/index.php?rest_route=\/wp\/v2\/product"}],"about":[{"href":"https:\/\/totallubri.com.br\/index.php?rest_route=\/wp\/v2\/types\/product"}],"replies":[{"embeddable":true,"href":"https:\/\/totallubri.com.br\/index.php?rest_route=%2Fwp%2Fv2%2Fcomments&post=10580"}],"wp:featuredmedia":[{"embeddable":true,"href":"https:\/\/totallubri.com.br\/index.php?rest_route=\/wp\/v2\/media\/10576"}],"wp:attachment":[{"href":"https:\/\/totallubri.com.br\/index.php?rest_route=%2Fwp%2Fv2%2Fmedia&parent=10580"}],"wp:term":[{"taxonomy":"product_brand","embeddable":true,"href":"https:\/\/totallubri.com.br\/index.php?rest_route=%2Fwp%2Fv2%2Fproduct_brand&post=10580"},{"taxonomy":"product_cat","embeddable":true,"href":"https:\/\/totallubri.com.br\/index.php?rest_route=%2Fwp%2Fv2%2Fproduct_cat&post=10580"},{"taxonomy":"product_tag","embeddable":true,"href":"https:\/\/totallubri.com.br\/index.php?rest_route=%2Fwp%2Fv2%2Fproduct_tag&post=10580"}],"curies":[{"name":"wp","href":"https:\/\/api.w.org\/{rel}","templated":true}]}}