{"id":10587,"date":"2024-05-20T16:05:18","date_gmt":"2024-05-20T19:05:18","guid":{"rendered":"https:\/\/totallubri.com.br\/?post_type=product&#038;p=10587"},"modified":"2024-12-15T13:52:47","modified_gmt":"2024-12-15T16:52:47","slug":"f2405-carretel-manual-basculante","status":"publish","type":"product","link":"https:\/\/totallubri.com.br\/?product=f2405-carretel-manual-basculante","title":{"rendered":"F2405 \u2013 CARRETEL MANUAL BASCULANTE -LUPUS"},"content":{"rendered":"<p>Em a\u00e7o, possui base de fixa\u00e7\u00e3o com girat\u00f3rio, assim facilitando seu manuseio e local de instala\u00e7\u00e3o.<br \/>\nOBS.: N\u00e3o acompanha esguicho.<\/p>\n<p>&nbsp;<\/p>\n<p>Peso: 25 kg<br \/>\nMedidas: (\u00d8)550 mm x (L) 610 mm (A) 240 mm<\/p>\n","protected":false},"excerpt":{"rendered":"<p>Em a\u00e7o, possui base de fixa\u00e7\u00e3o com girat\u00f3rio, assim facilitando seu manuseio e local de instala\u00e7\u00e3o. OBS.: N\u00e3o acompanha esguicho. &nbsp; Peso: 25 kg Medidas: (\u00d8)550 mm x (L) 610 mm (A) 240 mm<\/p>\n","protected":false},"featured_media":10583,"comment_status":"open","ping_status":"closed","template":"","meta":{"_exactmetrics_skip_tracking":false,"_exactmetrics_sitenote_active":false,"_exactmetrics_sitenote_note":"","_exactmetrics_sitenote_category":0},"product_brand":[],"product_cat":[92],"product_tag":[],"class_list":{"0":"post-10587","1":"product","2":"type-product","3":"status-publish","4":"has-post-thumbnail","6":"product_cat-combate-a-incendio","8":"first","9":"instock","10":"shipping-taxable","11":"product-type-simple"},"_links":{"self":[{"href":"https:\/\/totallubri.com.br\/index.php?rest_route=\/wp\/v2\/product\/10587","targetHints":{"allow":["GET"]}}],"collection":[{"href":"https:\/\/totallubri.com.br\/index.php?rest_route=\/wp\/v2\/product"}],"about":[{"href":"https:\/\/totallubri.com.br\/index.php?rest_route=\/wp\/v2\/types\/product"}],"replies":[{"embeddable":true,"href":"https:\/\/totallubri.com.br\/index.php?rest_route=%2Fwp%2Fv2%2Fcomments&post=10587"}],"wp:featuredmedia":[{"embeddable":true,"href":"https:\/\/totallubri.com.br\/index.php?rest_route=\/wp\/v2\/media\/10583"}],"wp:attachment":[{"href":"https:\/\/totallubri.com.br\/index.php?rest_route=%2Fwp%2Fv2%2Fmedia&parent=10587"}],"wp:term":[{"taxonomy":"product_brand","embeddable":true,"href":"https:\/\/totallubri.com.br\/index.php?rest_route=%2Fwp%2Fv2%2Fproduct_brand&post=10587"},{"taxonomy":"product_cat","embeddable":true,"href":"https:\/\/totallubri.com.br\/index.php?rest_route=%2Fwp%2Fv2%2Fproduct_cat&post=10587"},{"taxonomy":"product_tag","embeddable":true,"href":"https:\/\/totallubri.com.br\/index.php?rest_route=%2Fwp%2Fv2%2Fproduct_tag&post=10587"}],"curies":[{"name":"wp","href":"https:\/\/api.w.org\/{rel}","templated":true}]}}