{"id":10589,"date":"2024-05-20T16:11:25","date_gmt":"2024-05-20T19:11:25","guid":{"rendered":"https:\/\/totallubri.com.br\/?post_type=product&#038;p=10589"},"modified":"2024-08-12T14:42:55","modified_gmt":"2024-08-12T17:42:55","slug":"f2115-espargidor","status":"publish","type":"product","link":"https:\/\/totallubri.com.br\/?product=f2115-espargidor","title":{"rendered":"F2115 \u2013 ESPARGIDOR-LUPUS"},"content":{"rendered":"<p>Em alum\u00ednio fundido elimina oxida\u00e7\u00e3o das partes m\u00f3veis aumentando a vida \u00fatil do equipamento. Funciona por aspers\u00e3o, permitindo o ajuste de vaz\u00e3o, dire\u00e7\u00e3o e leque, entre 90\u00b0 e 180\u00b0 por meio do anel rotativo e anel bipartido.<\/p>\n<p>&nbsp;<\/p>\n<p>Peso: 3,1 Kg<\/p>\n<p>Medidas: (\u00d8) 170 mm x (L) 195 mm x (A) 158 mm<\/p>\n","protected":false},"excerpt":{"rendered":"<p>Em alum\u00ednio fundido elimina oxida\u00e7\u00e3o das partes m\u00f3veis aumentando a vida \u00fatil do equipamento. Funciona por aspers\u00e3o, permitindo o ajuste de vaz\u00e3o, dire\u00e7\u00e3o e leque, entre 90\u00b0 e 180\u00b0 por meio do anel rotativo e anel bipartido. &nbsp; Peso: 3,1 Kg Medidas: (\u00d8) 170 mm x (L) 195 mm x (A) 158 mm<\/p>\n","protected":false},"featured_media":10590,"comment_status":"open","ping_status":"closed","template":"","meta":{"_exactmetrics_skip_tracking":false,"_exactmetrics_sitenote_active":false,"_exactmetrics_sitenote_note":"","_exactmetrics_sitenote_category":0},"product_brand":[],"product_cat":[92],"product_tag":[],"class_list":{"0":"post-10589","1":"product","2":"type-product","3":"status-publish","4":"has-post-thumbnail","6":"product_cat-combate-a-incendio","8":"first","9":"instock","10":"shipping-taxable","11":"product-type-simple"},"_links":{"self":[{"href":"https:\/\/totallubri.com.br\/index.php?rest_route=\/wp\/v2\/product\/10589","targetHints":{"allow":["GET"]}}],"collection":[{"href":"https:\/\/totallubri.com.br\/index.php?rest_route=\/wp\/v2\/product"}],"about":[{"href":"https:\/\/totallubri.com.br\/index.php?rest_route=\/wp\/v2\/types\/product"}],"replies":[{"embeddable":true,"href":"https:\/\/totallubri.com.br\/index.php?rest_route=%2Fwp%2Fv2%2Fcomments&post=10589"}],"wp:featuredmedia":[{"embeddable":true,"href":"https:\/\/totallubri.com.br\/index.php?rest_route=\/wp\/v2\/media\/10590"}],"wp:attachment":[{"href":"https:\/\/totallubri.com.br\/index.php?rest_route=%2Fwp%2Fv2%2Fmedia&parent=10589"}],"wp:term":[{"taxonomy":"product_brand","embeddable":true,"href":"https:\/\/totallubri.com.br\/index.php?rest_route=%2Fwp%2Fv2%2Fproduct_brand&post=10589"},{"taxonomy":"product_cat","embeddable":true,"href":"https:\/\/totallubri.com.br\/index.php?rest_route=%2Fwp%2Fv2%2Fproduct_cat&post=10589"},{"taxonomy":"product_tag","embeddable":true,"href":"https:\/\/totallubri.com.br\/index.php?rest_route=%2Fwp%2Fv2%2Fproduct_tag&post=10589"}],"curies":[{"name":"wp","href":"https:\/\/api.w.org\/{rel}","templated":true}]}}