{"id":14799,"date":"2025-02-24T09:48:10","date_gmt":"2025-02-24T12:48:10","guid":{"rendered":"https:\/\/totallubri.com.br\/?post_type=product&#038;p=14799"},"modified":"2025-03-31T14:32:29","modified_gmt":"2025-03-31T17:32:29","slug":"protetor-anti-respingo-p-bico-automatico-2100-arl01-verde","status":"publish","type":"product","link":"https:\/\/totallubri.com.br\/?product=protetor-anti-respingo-p-bico-automatico-2100-arl01-verde","title":{"rendered":"PROTETOR ANTI RESPINGO P\/BICO AUTOMATICO \u2013 2100-ARL01-VERDE-TOT-LUB"},"content":{"rendered":"<p>Protetor anti-respingo em borracha, compat\u00edvel com bocais de todos os ve\u00edculos. Proporciona veda\u00e7\u00e3o, protegendo o ve\u00edculo e o frentista.<\/p>\n<p>Peso: 0,04 Kg<\/p>\n<p>Medidas: (\u00d8) 110 mm<\/p>\n<p>OUTRAS OP\u00c7OES DE USO<\/p>\n<table width=\"458\">\n<tbody>\n<tr>\n<td width=\"286\">CODIGO<\/td>\n<td width=\"98\">PONTEIRAS<\/td>\n<td width=\"74\">COR<\/td>\n<\/tr>\n<tr>\n<td>2100-ARL06<\/td>\n<td>1\/2&#8243; E 3\/4&#8243;<\/td>\n<td>CINZA<\/td>\n<\/tr>\n<tr>\n<td>2100-ARL05<\/td>\n<td>1\/2&#8243; E 3\/4&#8243;<\/td>\n<td>PRETO<\/td>\n<\/tr>\n<tr>\n<td>2100-ARL04<\/td>\n<td>1\/2&#8243; E 3\/4&#8243;<\/td>\n<td>AMARELO<\/td>\n<\/tr>\n<tr>\n<td>2100-ARL03<\/td>\n<td>1\/2&#8243; E 3\/4&#8243;<\/td>\n<td>AZUL<\/td>\n<\/tr>\n<tr>\n<td>2100-ARL02<\/td>\n<td>1\/2&#8243; E 3\/4&#8243;<\/td>\n<td>VERMELHO<\/td>\n<\/tr>\n<tr>\n<td>2100-ARL01<\/td>\n<td>1\/2&#8243; E 3\/4&#8243;<\/td>\n<td>VERDE<\/td>\n<\/tr>\n<\/tbody>\n<\/table>\n","protected":false},"excerpt":{"rendered":"<p>Protetor anti-respingo em borracha, compat\u00edvel com bocais de todos os ve\u00edculos. Proporciona veda\u00e7\u00e3o, protegendo o ve\u00edculo e o frentista. Peso: 0,04 Kg Medidas: (\u00d8) 110 mm OUTRAS OP\u00c7OES DE USO CODIGO PONTEIRAS COR 2100-ARL06 1\/2&#8243; E 3\/4&#8243; CINZA 2100-ARL05 1\/2&#8243; E 3\/4&#8243; PRETO 2100-ARL04 1\/2&#8243; E 3\/4&#8243; AMARELO 2100-ARL03 1\/2&#8243; E 3\/4&#8243; AZUL 2100-ARL02 1\/2&#8243; [&hellip;]<\/p>\n","protected":false},"featured_media":14800,"comment_status":"open","ping_status":"closed","template":"","meta":{"_exactmetrics_skip_tracking":false,"_exactmetrics_sitenote_active":false,"_exactmetrics_sitenote_note":"","_exactmetrics_sitenote_category":0},"product_brand":[],"product_cat":[103],"product_tag":[],"class_list":{"0":"post-14799","1":"product","2":"type-product","3":"status-publish","4":"has-post-thumbnail","6":"product_cat-modulo-para-abastecimento","8":"first","9":"instock","10":"shipping-taxable","11":"product-type-simple"},"_links":{"self":[{"href":"https:\/\/totallubri.com.br\/index.php?rest_route=\/wp\/v2\/product\/14799","targetHints":{"allow":["GET"]}}],"collection":[{"href":"https:\/\/totallubri.com.br\/index.php?rest_route=\/wp\/v2\/product"}],"about":[{"href":"https:\/\/totallubri.com.br\/index.php?rest_route=\/wp\/v2\/types\/product"}],"replies":[{"embeddable":true,"href":"https:\/\/totallubri.com.br\/index.php?rest_route=%2Fwp%2Fv2%2Fcomments&post=14799"}],"wp:featuredmedia":[{"embeddable":true,"href":"https:\/\/totallubri.com.br\/index.php?rest_route=\/wp\/v2\/media\/14800"}],"wp:attachment":[{"href":"https:\/\/totallubri.com.br\/index.php?rest_route=%2Fwp%2Fv2%2Fmedia&parent=14799"}],"wp:term":[{"taxonomy":"product_brand","embeddable":true,"href":"https:\/\/totallubri.com.br\/index.php?rest_route=%2Fwp%2Fv2%2Fproduct_brand&post=14799"},{"taxonomy":"product_cat","embeddable":true,"href":"https:\/\/totallubri.com.br\/index.php?rest_route=%2Fwp%2Fv2%2Fproduct_cat&post=14799"},{"taxonomy":"product_tag","embeddable":true,"href":"https:\/\/totallubri.com.br\/index.php?rest_route=%2Fwp%2Fv2%2Fproduct_tag&post=14799"}],"curies":[{"name":"wp","href":"https:\/\/api.w.org\/{rel}","templated":true}]}}