{"id":14995,"date":"2025-03-06T17:51:40","date_gmt":"2025-03-06T20:51:40","guid":{"rendered":"https:\/\/totallubri.com.br\/?post_type=product&#038;p=14995"},"modified":"2025-03-28T15:22:54","modified_gmt":"2025-03-28T18:22:54","slug":"acoplador-hidraulico-fino-p-graxacruzetas04-garras-lub-13","status":"publish","type":"product","link":"https:\/\/totallubri.com.br\/?product=acoplador-hidraulico-fino-p-graxacruzetas04-garras-lub-13","title":{"rendered":"ACOPLADOR HIDRAULICO FINO P\/GRAXA(CRUZETAS)04 GARRAS LUB-13-LUBEFER"},"content":{"rendered":"<h2>Descri\u00e7\u00e3o<\/h2>\n<p>Em a\u00e7o, para trabalhos leves\u00a0 com bombas manuais.<\/p>\n<p>Peso: 0,12 Kg<\/p>\n<p>Medidas: 24 X 11 X 5cm<\/p>\n<p>Castanhas: 4<\/p>\n<p><strong>\u00a0+ DETALHES LINHA ACOPLADORES\u00a0<\/strong><\/p>\n<p>Solicitar foto dos demais itens e cota\u00e7\u00e3o aos vendedores:<\/p>\n<table width=\"512\">\n<tbody>\n<tr>\n<td width=\"87\">CODIGO<\/td>\n<td width=\"242\">DESCRICAO<\/td>\n<td width=\"94\">PESO<\/td>\n<td width=\"89\">DIMENSOES<\/td>\n<\/tr>\n<tr>\n<td>LUB-12<\/td>\n<td>ACOPLADOR\u00a0 HIDRAULICO REDONDO<\/td>\n<td>0,12KG<\/td>\n<td>24X11X5CM<\/td>\n<\/tr>\n<tr>\n<td>LUB-13<\/td>\n<td>ACOPLADOR HIDRAULICO<\/td>\n<td>0,12KG<\/td>\n<td>24X11X5CM<\/td>\n<\/tr>\n<tr>\n<td>LUB-14<\/td>\n<td>ACOPLADOR HIDRAULICO C\/VALVULA<\/td>\n<td>0,2KG<\/td>\n<td>24X11X5CM<\/td>\n<\/tr>\n<tr>\n<td>LUB-15<\/td>\n<td>ACOPLADOR HIDRAULICO MEDIO<\/td>\n<td>0,2KG<\/td>\n<td>24X11X5CM<\/td>\n<\/tr>\n<\/tbody>\n<\/table>\n","protected":false},"excerpt":{"rendered":"<p>Descri\u00e7\u00e3o Em a\u00e7o, para trabalhos leves\u00a0 com bombas manuais. Peso: 0,12 Kg Medidas: 24 X 11 X 5cm Castanhas: 4 \u00a0+ DETALHES LINHA ACOPLADORES\u00a0 Solicitar foto dos demais itens e cota\u00e7\u00e3o aos vendedores: CODIGO DESCRICAO PESO DIMENSOES LUB-12 ACOPLADOR\u00a0 HIDRAULICO REDONDO 0,12KG 24X11X5CM LUB-13 ACOPLADOR HIDRAULICO 0,12KG 24X11X5CM LUB-14 ACOPLADOR HIDRAULICO C\/VALVULA 0,2KG 24X11X5CM LUB-15 [&hellip;]<\/p>\n","protected":false},"featured_media":14996,"comment_status":"open","ping_status":"closed","template":"","meta":{"_exactmetrics_skip_tracking":false,"_exactmetrics_sitenote_active":false,"_exactmetrics_sitenote_note":"","_exactmetrics_sitenote_category":0},"product_brand":[],"product_cat":[112],"product_tag":[],"class_list":{"0":"post-14995","1":"product","2":"type-product","3":"status-publish","4":"has-post-thumbnail","6":"product_cat-propulsoras-especiais-e-alta-vazao-suportes-e-acessorios-para-propulsoras","8":"first","9":"instock","10":"shipping-taxable","11":"product-type-simple"},"_links":{"self":[{"href":"https:\/\/totallubri.com.br\/index.php?rest_route=\/wp\/v2\/product\/14995","targetHints":{"allow":["GET"]}}],"collection":[{"href":"https:\/\/totallubri.com.br\/index.php?rest_route=\/wp\/v2\/product"}],"about":[{"href":"https:\/\/totallubri.com.br\/index.php?rest_route=\/wp\/v2\/types\/product"}],"replies":[{"embeddable":true,"href":"https:\/\/totallubri.com.br\/index.php?rest_route=%2Fwp%2Fv2%2Fcomments&post=14995"}],"wp:featuredmedia":[{"embeddable":true,"href":"https:\/\/totallubri.com.br\/index.php?rest_route=\/wp\/v2\/media\/14996"}],"wp:attachment":[{"href":"https:\/\/totallubri.com.br\/index.php?rest_route=%2Fwp%2Fv2%2Fmedia&parent=14995"}],"wp:term":[{"taxonomy":"product_brand","embeddable":true,"href":"https:\/\/totallubri.com.br\/index.php?rest_route=%2Fwp%2Fv2%2Fproduct_brand&post=14995"},{"taxonomy":"product_cat","embeddable":true,"href":"https:\/\/totallubri.com.br\/index.php?rest_route=%2Fwp%2Fv2%2Fproduct_cat&post=14995"},{"taxonomy":"product_tag","embeddable":true,"href":"https:\/\/totallubri.com.br\/index.php?rest_route=%2Fwp%2Fv2%2Fproduct_tag&post=14995"}],"curies":[{"name":"wp","href":"https:\/\/api.w.org\/{rel}","templated":true}]}}