{"id":15003,"date":"2025-03-07T14:21:30","date_gmt":"2025-03-07T17:21:30","guid":{"rendered":"https:\/\/totallubri.com.br\/?post_type=product&#038;p=15003"},"modified":"2025-03-28T11:42:40","modified_gmt":"2025-03-28T14:42:40","slug":"conjunto-rosqueaveis-engate-pino-hidraulicos-rosca-femea-1-4-2","status":"publish","type":"product","link":"https:\/\/totallubri.com.br\/?product=conjunto-rosqueaveis-engate-pino-hidraulicos-rosca-femea-1-4-2","title":{"rendered":"CONJUNTO ROSQUE\u00c1VEIS ENGATE\/PINO HIDR\u00c1ULICOS ROSCA FEMEA 1\/4\u2033-LUBEFER"},"content":{"rendered":"<p>CONJUNTO ROSQUE\u00c1VEIS ENGATE E PINO HIDR\u00c1ULICOS ROSCA F\u00caMEA DE 1<\/p>\n<table width=\"823\">\n<tbody>\n<tr>\n<td width=\"87\">CODIGO<\/td>\n<td width=\"522\">DESCRICAO<\/td>\n<td width=\"94\">PESO<\/td>\n<td width=\"120\">DIMENSOES<\/td>\n<\/tr>\n<tr>\n<td>LUB-2000-MP<\/td>\n<td>CONJUNTO ROSQUEAVEL PINO HIDRAULICO ROSCA FEMEA + ENGATE 1\/4<\/td>\n<td>0,225KG<\/td>\n<td>24X11X5CM<\/td>\n<\/tr>\n<tr>\n<td>LUB-2050P<\/td>\n<td>CONJUNTO ROSQUE\u00c1VEIS ENGATE E PINO HIDR\u00c1ULICOS ROSCA F\u00caMEA DE 1\/2<\/td>\n<td>0,61KG<\/td>\n<td>24X11X5CM<\/td>\n<\/tr>\n<tr>\n<td>LUB-2070-HP<\/td>\n<td>CONJUNTO ROSQUE\u00c1VEIS ENGATE E PINO HIDR\u00c1ULICOS ROSCA F\u00caMEA DE 1\u2033<\/td>\n<td>2.5KG<\/td>\n<td>20X14X15CM<\/td>\n<\/tr>\n<\/tbody>\n<\/table>\n<p>Solicitar foto dos demais itens e cota\u00e7\u00e3o aos vendedores:<\/p>\n<table width=\"361\">\n<tbody>\n<tr>\n<td width=\"361\">+ DETALHES SOBRE ESTE PRODUTO:<\/td>\n<\/tr>\n<\/tbody>\n<\/table>\n<table class=\"woocommerce-product-attributes shop_attributes\" aria-label=\"Detalhes do produto\">\n<tbody>\n<tr class=\"woocommerce-product-attributes-item woocommerce-product-attributes-item--weight\">\n<th class=\"woocommerce-product-attributes-item__label\" scope=\"row\">Peso<\/th>\n<td class=\"woocommerce-product-attributes-item__value\">0.225 kg<\/td>\n<\/tr>\n<tr class=\"woocommerce-product-attributes-item woocommerce-product-attributes-item--dimensions\">\n<th class=\"woocommerce-product-attributes-item__label\" scope=\"row\">Dimens\u00f5es<\/th>\n<td class=\"woocommerce-product-attributes-item__value\">24 \u00d7 11 \u00d7 5 cm<\/td>\n<\/tr>\n<\/tbody>\n<\/table>\n","protected":false},"excerpt":{"rendered":"<p>CONJUNTO ROSQUE\u00c1VEIS ENGATE E PINO HIDR\u00c1ULICOS ROSCA F\u00caMEA DE 1 CODIGO DESCRICAO PESO DIMENSOES LUB-2000-MP CONJUNTO ROSQUEAVEL PINO HIDRAULICO ROSCA FEMEA + ENGATE 1\/4 0,225KG 24X11X5CM LUB-2050P CONJUNTO ROSQUE\u00c1VEIS ENGATE E PINO HIDR\u00c1ULICOS ROSCA F\u00caMEA DE 1\/2 0,61KG 24X11X5CM LUB-2070-HP CONJUNTO ROSQUE\u00c1VEIS ENGATE E PINO HIDR\u00c1ULICOS ROSCA F\u00caMEA DE 1\u2033 2.5KG 20X14X15CM Solicitar foto dos [&hellip;]<\/p>\n","protected":false},"featured_media":15017,"comment_status":"open","ping_status":"closed","template":"","meta":{"_exactmetrics_skip_tracking":false,"_exactmetrics_sitenote_active":false,"_exactmetrics_sitenote_note":"","_exactmetrics_sitenote_category":0},"product_brand":[],"product_cat":[56],"product_tag":[],"class_list":{"0":"post-15003","1":"product","2":"type-product","3":"status-publish","4":"has-post-thumbnail","6":"product_cat-graxa","8":"first","9":"instock","10":"shipping-taxable","11":"product-type-simple"},"_links":{"self":[{"href":"https:\/\/totallubri.com.br\/index.php?rest_route=\/wp\/v2\/product\/15003","targetHints":{"allow":["GET"]}}],"collection":[{"href":"https:\/\/totallubri.com.br\/index.php?rest_route=\/wp\/v2\/product"}],"about":[{"href":"https:\/\/totallubri.com.br\/index.php?rest_route=\/wp\/v2\/types\/product"}],"replies":[{"embeddable":true,"href":"https:\/\/totallubri.com.br\/index.php?rest_route=%2Fwp%2Fv2%2Fcomments&post=15003"}],"wp:featuredmedia":[{"embeddable":true,"href":"https:\/\/totallubri.com.br\/index.php?rest_route=\/wp\/v2\/media\/15017"}],"wp:attachment":[{"href":"https:\/\/totallubri.com.br\/index.php?rest_route=%2Fwp%2Fv2%2Fmedia&parent=15003"}],"wp:term":[{"taxonomy":"product_brand","embeddable":true,"href":"https:\/\/totallubri.com.br\/index.php?rest_route=%2Fwp%2Fv2%2Fproduct_brand&post=15003"},{"taxonomy":"product_cat","embeddable":true,"href":"https:\/\/totallubri.com.br\/index.php?rest_route=%2Fwp%2Fv2%2Fproduct_cat&post=15003"},{"taxonomy":"product_tag","embeddable":true,"href":"https:\/\/totallubri.com.br\/index.php?rest_route=%2Fwp%2Fv2%2Fproduct_tag&post=15003"}],"curies":[{"name":"wp","href":"https:\/\/api.w.org\/{rel}","templated":true}]}}