{"id":15034,"date":"2025-03-09T18:21:19","date_gmt":"2025-03-09T21:21:19","guid":{"rendered":"https:\/\/totallubri.com.br\/?post_type=product&#038;p=15034"},"modified":"2025-05-06T17:06:20","modified_gmt":"2025-05-06T20:06:20","slug":"espig-fixo-macho-rosca-1-8-x-1-4-aco","status":"publish","type":"product","link":"https:\/\/totallubri.com.br\/?product=espig-fixo-macho-rosca-1-8-x-1-4-aco","title":{"rendered":"ESPIGAO.FIXO MACHO ROSCA 1\/8 X 1\/4 ACO-LUBEFER"},"content":{"rendered":"<p>ESPIG.FIXO MACHO ROSCA 1\/8 X 1\/4 ACO<\/p>\n<table width=\"361\">\n<tbody>\n<tr>\n<td width=\"361\">Solicitar foto dos demais produtos e cota\u00e7\u00e3o aos vendedores<\/td>\n<\/tr>\n<\/tbody>\n<\/table>\n<table width=\"617\">\n<tbody>\n<tr>\n<td width=\"87\">CODIGO<\/td>\n<td width=\"252\">DESCRI\u00c7\u00c3O<\/td>\n<td width=\"94\">MEDIDA<\/td>\n<td width=\"120\">MANGUEIRA<\/td>\n<td width=\"64\">QTDE\/CX<\/td>\n<\/tr>\n<tr>\n<td>LUB-23E1<\/td>\n<td>ESPIG\u00d5ES FIXOS ROSCA 1\/8 NPT MACHO<\/td>\n<td>40MM<\/td>\n<td>1\/8&#8243;<\/td>\n<td>5<\/td>\n<\/tr>\n<tr>\n<td>LUB-23E2<\/td>\n<td>ESPIG\u00d5ES FIXOS ROSCA 1\/8 NPT MACHO<\/td>\n<td>40MM<\/td>\n<td>3\/16&#8243;<\/td>\n<td>5<\/td>\n<\/tr>\n<tr>\n<td>LUB-23E<\/td>\n<td>ESPIG\u00d5ES FIXOS ROSCA 1\/8 NPT MACHO<\/td>\n<td>40MM<\/td>\n<td>1\/4&#8243;<\/td>\n<td>5<\/td>\n<\/tr>\n<tr>\n<td>LUB-23F<\/td>\n<td>ESPIG\u00d5ES FIXOS ROSCA 1\/8 NPT MACHO<\/td>\n<td>40MM<\/td>\n<td>5\/16&#8243;<\/td>\n<td>5<\/td>\n<\/tr>\n<tr>\n<td>LUB-23G<\/td>\n<td>ESPIG\u00d5ES FIXOS ROSCA 1\/8 NPT MACHO<\/td>\n<td>40MM<\/td>\n<td>3\/8&#8243;<\/td>\n<td>5<\/td>\n<\/tr>\n<tr>\n<td>LUB-23G1<\/td>\n<td>ESPIG\u00d5ES FIXOS ROSCA 1\/8 NPT MACHO<\/td>\n<td>40MM<\/td>\n<td>1\/2&#8243;<\/td>\n<td>5<\/td>\n<\/tr>\n<\/tbody>\n<\/table>\n<table width=\"361\">\n<tbody>\n<tr>\n<td width=\"361\">+ DETALHES SOBRE ESTE PRODUTO:<\/td>\n<\/tr>\n<\/tbody>\n<\/table>\n<table class=\"woocommerce-product-attributes shop_attributes\" aria-label=\"Detalhes do produto\">\n<tbody>\n<tr class=\"woocommerce-product-attributes-item woocommerce-product-attributes-item--weight\">\n<th class=\"woocommerce-product-attributes-item__label\" scope=\"row\">Peso<\/th>\n<td class=\"woocommerce-product-attributes-item__value\">0.08 kg<\/td>\n<\/tr>\n<tr class=\"woocommerce-product-attributes-item woocommerce-product-attributes-item--dimensions\">\n<th class=\"woocommerce-product-attributes-item__label\" scope=\"row\">Dimens\u00f5es<\/th>\n<td class=\"woocommerce-product-attributes-item__value\">24 \u00d7 20 \u00d7 5 cm<\/td>\n<\/tr>\n<\/tbody>\n<\/table>\n","protected":false},"excerpt":{"rendered":"<p>ESPIG.FIXO MACHO ROSCA 1\/8 X 1\/4 ACO Solicitar foto dos demais produtos e cota\u00e7\u00e3o aos vendedores CODIGO DESCRI\u00c7\u00c3O MEDIDA MANGUEIRA QTDE\/CX LUB-23E1 ESPIG\u00d5ES FIXOS ROSCA 1\/8 NPT MACHO 40MM 1\/8&#8243; 5 LUB-23E2 ESPIG\u00d5ES FIXOS ROSCA 1\/8 NPT MACHO 40MM 3\/16&#8243; 5 LUB-23E ESPIG\u00d5ES FIXOS ROSCA 1\/8 NPT MACHO 40MM 1\/4&#8243; 5 LUB-23F ESPIG\u00d5ES FIXOS ROSCA [&hellip;]<\/p>\n","protected":false},"featured_media":15035,"comment_status":"open","ping_status":"closed","template":"","meta":{"_exactmetrics_skip_tracking":false,"_exactmetrics_sitenote_active":false,"_exactmetrics_sitenote_note":"","_exactmetrics_sitenote_category":0},"product_brand":[],"product_cat":[97],"product_tag":[],"class_list":{"0":"post-15034","1":"product","2":"type-product","3":"status-publish","4":"has-post-thumbnail","6":"product_cat-mangueiras-terminais-e-acessorios-para-mangueiras","8":"first","9":"instock","10":"shipping-taxable","11":"product-type-simple"},"_links":{"self":[{"href":"https:\/\/totallubri.com.br\/index.php?rest_route=\/wp\/v2\/product\/15034","targetHints":{"allow":["GET"]}}],"collection":[{"href":"https:\/\/totallubri.com.br\/index.php?rest_route=\/wp\/v2\/product"}],"about":[{"href":"https:\/\/totallubri.com.br\/index.php?rest_route=\/wp\/v2\/types\/product"}],"replies":[{"embeddable":true,"href":"https:\/\/totallubri.com.br\/index.php?rest_route=%2Fwp%2Fv2%2Fcomments&post=15034"}],"wp:featuredmedia":[{"embeddable":true,"href":"https:\/\/totallubri.com.br\/index.php?rest_route=\/wp\/v2\/media\/15035"}],"wp:attachment":[{"href":"https:\/\/totallubri.com.br\/index.php?rest_route=%2Fwp%2Fv2%2Fmedia&parent=15034"}],"wp:term":[{"taxonomy":"product_brand","embeddable":true,"href":"https:\/\/totallubri.com.br\/index.php?rest_route=%2Fwp%2Fv2%2Fproduct_brand&post=15034"},{"taxonomy":"product_cat","embeddable":true,"href":"https:\/\/totallubri.com.br\/index.php?rest_route=%2Fwp%2Fv2%2Fproduct_cat&post=15034"},{"taxonomy":"product_tag","embeddable":true,"href":"https:\/\/totallubri.com.br\/index.php?rest_route=%2Fwp%2Fv2%2Fproduct_tag&post=15034"}],"curies":[{"name":"wp","href":"https:\/\/api.w.org\/{rel}","templated":true}]}}