{"id":15058,"date":"2025-03-10T10:33:10","date_gmt":"2025-03-10T13:33:10","guid":{"rendered":"https:\/\/totallubri.com.br\/?post_type=product&#038;p=15058"},"modified":"2025-05-06T16:57:23","modified_gmt":"2025-05-06T19:57:23","slug":"esp-fixo-macho-r-1-1-4-x-1-latao","status":"publish","type":"product","link":"https:\/\/totallubri.com.br\/?product=esp-fixo-macho-r-1-1-4-x-1-latao","title":{"rendered":"ESPIGAO.FIXO MACHO R. 1.1\/4 X 1 LATAO-LUBEFER"},"content":{"rendered":"<p>ESP.FIXO MACHO R. 1.1\/4 X 1 LATAO<\/p>\n<table width=\"361\">\n<tbody>\n<tr>\n<td width=\"361\">Solicitar foto dos demais produtos e cota\u00e7\u00e3o aos vendedores<\/td>\n<\/tr>\n<\/tbody>\n<\/table>\n<table width=\"617\">\n<tbody>\n<tr>\n<td width=\"87\"><\/td>\n<td width=\"252\"><\/td>\n<td width=\"94\"><\/td>\n<td width=\"120\">ESPESSURA<\/td>\n<td width=\"64\"><\/td>\n<\/tr>\n<tr>\n<td>CODIGO<\/td>\n<td>DESCRI\u00c7\u00c3O<\/td>\n<td>MEDIDA<\/td>\n<td>MANGUEIRA<\/td>\n<td>QTDE\/CX<\/td>\n<\/tr>\n<tr>\n<td>LUB-26NP<\/td>\n<td>ESPIG\u00d5ES FIXOS ROSCA 1.1\/4&#8243;\u00a0 NPT MACHO<\/td>\n<td>100MM<\/td>\n<td>1&#8243;<\/td>\n<td>2<\/td>\n<\/tr>\n<tr>\n<td>LUB-26NPA<\/td>\n<td>ESPIG\u00d5ES FIXOS ROSCA 1.1\/4&#8243;\u00a0 NPT MACHO<\/td>\n<td>100MM<\/td>\n<td>1.1\/4&#8243;<\/td>\n<td>2<\/td>\n<\/tr>\n<tr>\n<td>LUB-26NPA1<\/td>\n<td>ESPIG\u00d5ES FIXOS ROSCA 1.1\/4&#8243;\u00a0 NPT MACHO<\/td>\n<td>100MM<\/td>\n<td>1.1\/2&#8243;<\/td>\n<td>2<\/td>\n<\/tr>\n<tr>\n<td>LUB-26NPB<\/td>\n<td>ESPIG\u00d5ES FIXOS ROSCA 1.1\/4&#8243;\u00a0 NPT MACHO<\/td>\n<td>100MM<\/td>\n<td>2&#8243;<\/td>\n<td>2<\/td>\n<\/tr>\n<\/tbody>\n<\/table>\n<table width=\"361\">\n<tbody>\n<tr>\n<td width=\"361\">+ DETALHES SOBRE ESTE PRODUTO:<\/td>\n<\/tr>\n<\/tbody>\n<\/table>\n<table class=\"woocommerce-product-attributes shop_attributes\" aria-label=\"Detalhes do produto\">\n<tbody>\n<tr class=\"woocommerce-product-attributes-item woocommerce-product-attributes-item--weight\">\n<th class=\"woocommerce-product-attributes-item__label\" scope=\"row\">Peso<\/th>\n<td class=\"woocommerce-product-attributes-item__value\">0.48 kg<\/td>\n<\/tr>\n<tr class=\"woocommerce-product-attributes-item woocommerce-product-attributes-item--dimensions\">\n<th class=\"woocommerce-product-attributes-item__label\" scope=\"row\">Dimens\u00f5es<\/th>\n<td class=\"woocommerce-product-attributes-item__value\">24 \u00d7 11 \u00d7 5 cm<\/td>\n<\/tr>\n<\/tbody>\n<\/table>\n","protected":false},"excerpt":{"rendered":"<p>ESP.FIXO MACHO R. 1.1\/4 X 1 LATAO Solicitar foto dos demais produtos e cota\u00e7\u00e3o aos vendedores ESPESSURA CODIGO DESCRI\u00c7\u00c3O MEDIDA MANGUEIRA QTDE\/CX LUB-26NP ESPIG\u00d5ES FIXOS ROSCA 1.1\/4&#8243;\u00a0 NPT MACHO 100MM 1&#8243; 2 LUB-26NPA ESPIG\u00d5ES FIXOS ROSCA 1.1\/4&#8243;\u00a0 NPT MACHO 100MM 1.1\/4&#8243; 2 LUB-26NPA1 ESPIG\u00d5ES FIXOS ROSCA 1.1\/4&#8243;\u00a0 NPT MACHO 100MM 1.1\/2&#8243; 2 LUB-26NPB ESPIG\u00d5ES FIXOS [&hellip;]<\/p>\n","protected":false},"featured_media":15079,"comment_status":"open","ping_status":"closed","template":"","meta":{"_exactmetrics_skip_tracking":false,"_exactmetrics_sitenote_active":false,"_exactmetrics_sitenote_note":"","_exactmetrics_sitenote_category":0},"product_brand":[],"product_cat":[97],"product_tag":[],"class_list":{"0":"post-15058","1":"product","2":"type-product","3":"status-publish","4":"has-post-thumbnail","6":"product_cat-mangueiras-terminais-e-acessorios-para-mangueiras","8":"first","9":"instock","10":"shipping-taxable","11":"product-type-simple"},"_links":{"self":[{"href":"https:\/\/totallubri.com.br\/index.php?rest_route=\/wp\/v2\/product\/15058","targetHints":{"allow":["GET"]}}],"collection":[{"href":"https:\/\/totallubri.com.br\/index.php?rest_route=\/wp\/v2\/product"}],"about":[{"href":"https:\/\/totallubri.com.br\/index.php?rest_route=\/wp\/v2\/types\/product"}],"replies":[{"embeddable":true,"href":"https:\/\/totallubri.com.br\/index.php?rest_route=%2Fwp%2Fv2%2Fcomments&post=15058"}],"wp:featuredmedia":[{"embeddable":true,"href":"https:\/\/totallubri.com.br\/index.php?rest_route=\/wp\/v2\/media\/15079"}],"wp:attachment":[{"href":"https:\/\/totallubri.com.br\/index.php?rest_route=%2Fwp%2Fv2%2Fmedia&parent=15058"}],"wp:term":[{"taxonomy":"product_brand","embeddable":true,"href":"https:\/\/totallubri.com.br\/index.php?rest_route=%2Fwp%2Fv2%2Fproduct_brand&post=15058"},{"taxonomy":"product_cat","embeddable":true,"href":"https:\/\/totallubri.com.br\/index.php?rest_route=%2Fwp%2Fv2%2Fproduct_cat&post=15058"},{"taxonomy":"product_tag","embeddable":true,"href":"https:\/\/totallubri.com.br\/index.php?rest_route=%2Fwp%2Fv2%2Fproduct_tag&post=15058"}],"curies":[{"name":"wp","href":"https:\/\/api.w.org\/{rel}","templated":true}]}}