{"id":15072,"date":"2025-03-10T10:56:07","date_gmt":"2025-03-10T13:56:07","guid":{"rendered":"https:\/\/totallubri.com.br\/?post_type=product&#038;p=15072"},"modified":"2025-05-06T16:49:28","modified_gmt":"2025-05-06T19:49:28","slug":"esp-fixo-r-macho-2-1-2-x-2-latao","status":"publish","type":"product","link":"https:\/\/totallubri.com.br\/?product=esp-fixo-r-macho-2-1-2-x-2-latao","title":{"rendered":"ESPIGAO. FIXO R.MACHO 2.1\/2 X 2 LATAO -LUBEFER"},"content":{"rendered":"<p>ESP. FIXO R.MACHO 2.1\/2 X 2 LATAO<\/p>\n<table width=\"361\">\n<tbody>\n<tr>\n<td width=\"361\">Solicitar foto dos demais produtos e cota\u00e7\u00e3o aos vendedores<\/td>\n<\/tr>\n<\/tbody>\n<\/table>\n<table width=\"553\">\n<tbody>\n<tr>\n<td width=\"87\"><\/td>\n<td width=\"252\"><\/td>\n<td width=\"94\"><\/td>\n<td width=\"120\">ESPESSURA<\/td>\n<\/tr>\n<tr>\n<td>CODIGO<\/td>\n<td>DESCRI\u00c7\u00c3O<\/td>\n<td>MEDIDA<\/td>\n<td>MANGUEIRA<\/td>\n<\/tr>\n<tr>\n<td>LUB-26NND<\/td>\n<td>ESPIG\u00d5ES FIXOS ROSCA 2.1\/2&#8243;\u00a0 NPT MACHO<\/td>\n<td>110MM<\/td>\n<td>2.1\/2&#8243;<\/td>\n<\/tr>\n<tr>\n<td>LUB-26NNE<\/td>\n<td>ESPIG\u00d5ES FIXOS ROSCA 2.1\/2&#8243;\u00a0 NPT MACHO<\/td>\n<td>110MM<\/td>\n<td>2&#8243;<\/td>\n<\/tr>\n<tr>\n<td>LUB-26NNG<\/td>\n<td>ESPIG\u00d5ES FIXOS ROSCA 2.1\/2&#8243;\u00a0 NPT MACHO<\/td>\n<td>110MM<\/td>\n<td>3&#8243;<\/td>\n<\/tr>\n<tr>\n<td>LUB-26NNH<\/td>\n<td>ESPIG\u00d5ES FIXOS ROSCA 3&#8243;\u00a0 NPT MACHO<\/td>\n<td>110MM<\/td>\n<td>3&#8243;<\/td>\n<\/tr>\n<tr>\n<td>LUB-26NNH1<\/td>\n<td>ESPIG\u00d5ES FIXOS ROSCA 4&#8243;\u00a0 NPT MACHO<\/td>\n<td>110MM<\/td>\n<td>4&#8243;<\/td>\n<\/tr>\n<\/tbody>\n<\/table>\n<table width=\"361\">\n<tbody>\n<tr>\n<td width=\"361\">+ DETALHES SOBRE ESTE PRODUTO:<\/td>\n<\/tr>\n<\/tbody>\n<\/table>\n<table class=\"woocommerce-product-attributes shop_attributes\" aria-label=\"Detalhes do produto\">\n<tbody>\n<tr class=\"woocommerce-product-attributes-item woocommerce-product-attributes-item--weight\">\n<th class=\"woocommerce-product-attributes-item__label\" scope=\"row\">Peso<\/th>\n<td class=\"woocommerce-product-attributes-item__value\">0.935 kg<\/td>\n<\/tr>\n<tr class=\"woocommerce-product-attributes-item woocommerce-product-attributes-item--dimensions\">\n<th class=\"woocommerce-product-attributes-item__label\" scope=\"row\">Dimens\u00f5es<\/th>\n<td class=\"woocommerce-product-attributes-item__value\">20 \u00d7 14 \u00d7 15 cm<\/td>\n<\/tr>\n<\/tbody>\n<\/table>\n","protected":false},"excerpt":{"rendered":"<p>ESP. FIXO R.MACHO 2.1\/2 X 2 LATAO Solicitar foto dos demais produtos e cota\u00e7\u00e3o aos vendedores ESPESSURA CODIGO DESCRI\u00c7\u00c3O MEDIDA MANGUEIRA LUB-26NND ESPIG\u00d5ES FIXOS ROSCA 2.1\/2&#8243;\u00a0 NPT MACHO 110MM 2.1\/2&#8243; LUB-26NNE ESPIG\u00d5ES FIXOS ROSCA 2.1\/2&#8243;\u00a0 NPT MACHO 110MM 2&#8243; LUB-26NNG ESPIG\u00d5ES FIXOS ROSCA 2.1\/2&#8243;\u00a0 NPT MACHO 110MM 3&#8243; LUB-26NNH ESPIG\u00d5ES FIXOS ROSCA 3&#8243;\u00a0 NPT MACHO [&hellip;]<\/p>\n","protected":false},"featured_media":15073,"comment_status":"open","ping_status":"closed","template":"","meta":{"_exactmetrics_skip_tracking":false,"_exactmetrics_sitenote_active":false,"_exactmetrics_sitenote_note":"","_exactmetrics_sitenote_category":0},"product_brand":[],"product_cat":[97],"product_tag":[],"class_list":{"0":"post-15072","1":"product","2":"type-product","3":"status-publish","4":"has-post-thumbnail","6":"product_cat-mangueiras-terminais-e-acessorios-para-mangueiras","8":"first","9":"instock","10":"shipping-taxable","11":"product-type-simple"},"_links":{"self":[{"href":"https:\/\/totallubri.com.br\/index.php?rest_route=\/wp\/v2\/product\/15072","targetHints":{"allow":["GET"]}}],"collection":[{"href":"https:\/\/totallubri.com.br\/index.php?rest_route=\/wp\/v2\/product"}],"about":[{"href":"https:\/\/totallubri.com.br\/index.php?rest_route=\/wp\/v2\/types\/product"}],"replies":[{"embeddable":true,"href":"https:\/\/totallubri.com.br\/index.php?rest_route=%2Fwp%2Fv2%2Fcomments&post=15072"}],"wp:featuredmedia":[{"embeddable":true,"href":"https:\/\/totallubri.com.br\/index.php?rest_route=\/wp\/v2\/media\/15073"}],"wp:attachment":[{"href":"https:\/\/totallubri.com.br\/index.php?rest_route=%2Fwp%2Fv2%2Fmedia&parent=15072"}],"wp:term":[{"taxonomy":"product_brand","embeddable":true,"href":"https:\/\/totallubri.com.br\/index.php?rest_route=%2Fwp%2Fv2%2Fproduct_brand&post=15072"},{"taxonomy":"product_cat","embeddable":true,"href":"https:\/\/totallubri.com.br\/index.php?rest_route=%2Fwp%2Fv2%2Fproduct_cat&post=15072"},{"taxonomy":"product_tag","embeddable":true,"href":"https:\/\/totallubri.com.br\/index.php?rest_route=%2Fwp%2Fv2%2Fproduct_tag&post=15072"}],"curies":[{"name":"wp","href":"https:\/\/api.w.org\/{rel}","templated":true}]}}