{"id":15083,"date":"2025-03-10T11:29:17","date_gmt":"2025-03-10T14:29:17","guid":{"rendered":"https:\/\/totallubri.com.br\/?post_type=product&#038;p=15083"},"modified":"2025-05-06T16:45:38","modified_gmt":"2025-05-06T19:45:38","slug":"espig-fixo-femea-bsp-3-8-x-1-4-aco","status":"publish","type":"product","link":"https:\/\/totallubri.com.br\/?product=espig-fixo-femea-bsp-3-8-x-1-4-aco","title":{"rendered":"ESPIGAO.FIXO FEMEA BSP 3\/8 X 1\/4 ACO-LUBEFER"},"content":{"rendered":"<p>ESPIG.FIXO FEMEA BSP 3\/8 X 1\/4 ACO<\/p>\n<table width=\"361\">\n<tbody>\n<tr>\n<td width=\"361\">Solicitar foto dos demais produtos e cota\u00e7\u00e3o aos vendedores<\/td>\n<\/tr>\n<\/tbody>\n<\/table>\n<table width=\"553\">\n<tbody>\n<tr>\n<td width=\"87\"><\/td>\n<td width=\"252\"><\/td>\n<td width=\"94\">ESPESSURA<\/td>\n<td width=\"120\"><\/td>\n<\/tr>\n<tr>\n<td>CODIGO<\/td>\n<td>DESCRI\u00c7\u00c3O<\/td>\n<td>MANGUEIRA<\/td>\n<td>QTDE\/CX<\/td>\n<\/tr>\n<tr>\n<td>LUB-24Q<\/td>\n<td>ESPIG\u00d5ES FIXOS ROSCA 3\/8&#8243;\u00a0 NPT FEMEA<\/td>\n<td>1\/4&#8243;<\/td>\n<td>5<\/td>\n<\/tr>\n<tr>\n<td>LUB-24R<\/td>\n<td>ESPIG\u00d5ES FIXOS ROSCA 3\/8&#8243;\u00a0 NPT FEMEA<\/td>\n<td>5\/16&#8243;<\/td>\n<td>5<\/td>\n<\/tr>\n<tr>\n<td>LUB-24S<\/td>\n<td>ESPIG\u00d5ES FIXOS ROSCA 3\/8&#8243;\u00a0 NPT FEMEA<\/td>\n<td>3\/8&#8243;<\/td>\n<td>5<\/td>\n<\/tr>\n<tr>\n<td>LUB-24T<\/td>\n<td>ESPIG\u00d5ES FIXOS ROSCA 3\/8&#8243;\u00a0 NPT FEMEA<\/td>\n<td>1\/2&#8243;<\/td>\n<td>5<\/td>\n<\/tr>\n<\/tbody>\n<\/table>\n<table width=\"361\">\n<tbody>\n<tr>\n<td width=\"361\">+ DETALHES SOBRE ESTE PRODUTO:<\/td>\n<\/tr>\n<\/tbody>\n<\/table>\n<table class=\"woocommerce-product-attributes shop_attributes\" aria-label=\"Detalhes do produto\">\n<tbody>\n<tr class=\"woocommerce-product-attributes-item woocommerce-product-attributes-item--weight\">\n<th class=\"woocommerce-product-attributes-item__label\" scope=\"row\">Peso<\/th>\n<td class=\"woocommerce-product-attributes-item__value\">0.17 kg<\/td>\n<\/tr>\n<tr class=\"woocommerce-product-attributes-item woocommerce-product-attributes-item--dimensions\">\n<th class=\"woocommerce-product-attributes-item__label\" scope=\"row\">Dimens\u00f5es<\/th>\n<td class=\"woocommerce-product-attributes-item__value\">24 \u00d7 20 \u00d7 5 cm<\/td>\n<\/tr>\n<\/tbody>\n<\/table>\n","protected":false},"excerpt":{"rendered":"<p>ESPIG.FIXO FEMEA BSP 3\/8 X 1\/4 ACO Solicitar foto dos demais produtos e cota\u00e7\u00e3o aos vendedores ESPESSURA CODIGO DESCRI\u00c7\u00c3O MANGUEIRA QTDE\/CX LUB-24Q ESPIG\u00d5ES FIXOS ROSCA 3\/8&#8243;\u00a0 NPT FEMEA 1\/4&#8243; 5 LUB-24R ESPIG\u00d5ES FIXOS ROSCA 3\/8&#8243;\u00a0 NPT FEMEA 5\/16&#8243; 5 LUB-24S ESPIG\u00d5ES FIXOS ROSCA 3\/8&#8243;\u00a0 NPT FEMEA 3\/8&#8243; 5 LUB-24T ESPIG\u00d5ES FIXOS ROSCA 3\/8&#8243;\u00a0 NPT FEMEA [&hellip;]<\/p>\n","protected":false},"featured_media":15084,"comment_status":"open","ping_status":"closed","template":"","meta":{"_exactmetrics_skip_tracking":false,"_exactmetrics_sitenote_active":false,"_exactmetrics_sitenote_note":"","_exactmetrics_sitenote_category":0},"product_brand":[],"product_cat":[97],"product_tag":[],"class_list":{"0":"post-15083","1":"product","2":"type-product","3":"status-publish","4":"has-post-thumbnail","6":"product_cat-mangueiras-terminais-e-acessorios-para-mangueiras","8":"first","9":"instock","10":"shipping-taxable","11":"product-type-simple"},"_links":{"self":[{"href":"https:\/\/totallubri.com.br\/index.php?rest_route=\/wp\/v2\/product\/15083","targetHints":{"allow":["GET"]}}],"collection":[{"href":"https:\/\/totallubri.com.br\/index.php?rest_route=\/wp\/v2\/product"}],"about":[{"href":"https:\/\/totallubri.com.br\/index.php?rest_route=\/wp\/v2\/types\/product"}],"replies":[{"embeddable":true,"href":"https:\/\/totallubri.com.br\/index.php?rest_route=%2Fwp%2Fv2%2Fcomments&post=15083"}],"wp:featuredmedia":[{"embeddable":true,"href":"https:\/\/totallubri.com.br\/index.php?rest_route=\/wp\/v2\/media\/15084"}],"wp:attachment":[{"href":"https:\/\/totallubri.com.br\/index.php?rest_route=%2Fwp%2Fv2%2Fmedia&parent=15083"}],"wp:term":[{"taxonomy":"product_brand","embeddable":true,"href":"https:\/\/totallubri.com.br\/index.php?rest_route=%2Fwp%2Fv2%2Fproduct_brand&post=15083"},{"taxonomy":"product_cat","embeddable":true,"href":"https:\/\/totallubri.com.br\/index.php?rest_route=%2Fwp%2Fv2%2Fproduct_cat&post=15083"},{"taxonomy":"product_tag","embeddable":true,"href":"https:\/\/totallubri.com.br\/index.php?rest_route=%2Fwp%2Fv2%2Fproduct_tag&post=15083"}],"curies":[{"name":"wp","href":"https:\/\/api.w.org\/{rel}","templated":true}]}}