{"id":15100,"date":"2025-03-10T14:35:57","date_gmt":"2025-03-10T17:35:57","guid":{"rendered":"https:\/\/totallubri.com.br\/?post_type=product&#038;p=15100"},"modified":"2025-03-28T12:59:09","modified_gmt":"2025-03-28T15:59:09","slug":"misturador-tinta-18-lts-acoplamento-mandril-3-8","status":"publish","type":"product","link":"https:\/\/totallubri.com.br\/?product=misturador-tinta-18-lts-acoplamento-mandril-3-8","title":{"rendered":"MISTURADOR TINTA 18 LTS ACOPLAMENTO MANDRIL 3\/8-LUBEFER"},"content":{"rendered":"<p>MISTURADOR TINTA 18 LTS ACOPLAMENTO MANDRIL 3\/8<\/p>\n<table width=\"361\">\n<tbody>\n<tr>\n<td width=\"361\">Solicitar foto dos demais produtos e cota\u00e7\u00e3o aos vendedores<\/td>\n<\/tr>\n<\/tbody>\n<\/table>\n<table width=\"745\">\n<tbody>\n<tr>\n<td width=\"87\">CODIGO<\/td>\n<td width=\"252\">DESCRI\u00c7\u00c3O<\/td>\n<td width=\"94\"><\/td>\n<td width=\"120\"><\/td>\n<td width=\"64\"><\/td>\n<td width=\"64\"><\/td>\n<td width=\"64\"><\/td>\n<\/tr>\n<tr>\n<td>LUB-MIX 01<\/td>\n<td colspan=\"6\">MISTURADOR DE TINTAS CONECTA-SE (FURADEIRA,IDEAL P\/LATA 18LTS C\/ACOPLAMENTO NO MANDRIL 3\/8&#8243;<\/td>\n<\/tr>\n<tr>\n<td>LUB-MIX 02<\/td>\n<td colspan=\"6\">MISTURADOR DE TINTAS CONECTA-SE (FURADEIRA,IDEAL P\/LATA 3,6LTS C\/ACOPLAMENTO NO MANDRIL 3\/8&#8243;<\/td>\n<\/tr>\n<\/tbody>\n<\/table>\n<table width=\"361\">\n<tbody>\n<tr>\n<td width=\"361\">+ DETALHES SOBRE ESTE PRODUTO:<\/p>\n<table class=\"woocommerce-product-attributes shop_attributes\" aria-label=\"Detalhes do produto\">\n<tbody>\n<tr class=\"woocommerce-product-attributes-item woocommerce-product-attributes-item--weight\">\n<th class=\"woocommerce-product-attributes-item__label\" scope=\"row\">Peso<\/th>\n<td class=\"woocommerce-product-attributes-item__value\">0.45 kg<\/td>\n<\/tr>\n<tr class=\"woocommerce-product-attributes-item woocommerce-product-attributes-item--dimensions\">\n<th class=\"woocommerce-product-attributes-item__label\" scope=\"row\">Dimens\u00f5es<\/th>\n<td class=\"woocommerce-product-attributes-item__value\">11 \u00d7 11 \u00d7 60 cm<\/td>\n<\/tr>\n<\/tbody>\n<\/table>\n<\/td>\n<\/tr>\n<\/tbody>\n<\/table>\n","protected":false},"excerpt":{"rendered":"<p>MISTURADOR TINTA 18 LTS ACOPLAMENTO MANDRIL 3\/8 Solicitar foto dos demais produtos e cota\u00e7\u00e3o aos vendedores CODIGO DESCRI\u00c7\u00c3O LUB-MIX 01 MISTURADOR DE TINTAS CONECTA-SE (FURADEIRA,IDEAL P\/LATA 18LTS C\/ACOPLAMENTO NO MANDRIL 3\/8&#8243; LUB-MIX 02 MISTURADOR DE TINTAS CONECTA-SE (FURADEIRA,IDEAL P\/LATA 3,6LTS C\/ACOPLAMENTO NO MANDRIL 3\/8&#8243; + DETALHES SOBRE ESTE PRODUTO: Peso 0.45 kg Dimens\u00f5es 11 \u00d7 [&hellip;]<\/p>\n","protected":false},"featured_media":15101,"comment_status":"open","ping_status":"closed","template":"","meta":{"_exactmetrics_skip_tracking":false,"_exactmetrics_sitenote_active":false,"_exactmetrics_sitenote_note":"","_exactmetrics_sitenote_category":0},"product_brand":[],"product_cat":[130],"product_tag":[],"class_list":{"0":"post-15100","1":"product","2":"type-product","3":"status-publish","4":"has-post-thumbnail","6":"product_cat-itens-para-manutencao-em-geral","8":"first","9":"instock","10":"shipping-taxable","11":"product-type-simple"},"_links":{"self":[{"href":"https:\/\/totallubri.com.br\/index.php?rest_route=\/wp\/v2\/product\/15100","targetHints":{"allow":["GET"]}}],"collection":[{"href":"https:\/\/totallubri.com.br\/index.php?rest_route=\/wp\/v2\/product"}],"about":[{"href":"https:\/\/totallubri.com.br\/index.php?rest_route=\/wp\/v2\/types\/product"}],"replies":[{"embeddable":true,"href":"https:\/\/totallubri.com.br\/index.php?rest_route=%2Fwp%2Fv2%2Fcomments&post=15100"}],"wp:featuredmedia":[{"embeddable":true,"href":"https:\/\/totallubri.com.br\/index.php?rest_route=\/wp\/v2\/media\/15101"}],"wp:attachment":[{"href":"https:\/\/totallubri.com.br\/index.php?rest_route=%2Fwp%2Fv2%2Fmedia&parent=15100"}],"wp:term":[{"taxonomy":"product_brand","embeddable":true,"href":"https:\/\/totallubri.com.br\/index.php?rest_route=%2Fwp%2Fv2%2Fproduct_brand&post=15100"},{"taxonomy":"product_cat","embeddable":true,"href":"https:\/\/totallubri.com.br\/index.php?rest_route=%2Fwp%2Fv2%2Fproduct_cat&post=15100"},{"taxonomy":"product_tag","embeddable":true,"href":"https:\/\/totallubri.com.br\/index.php?rest_route=%2Fwp%2Fv2%2Fproduct_tag&post=15100"}],"curies":[{"name":"wp","href":"https:\/\/api.w.org\/{rel}","templated":true}]}}