{"id":15105,"date":"2025-03-12T09:15:45","date_gmt":"2025-03-12T12:15:45","guid":{"rendered":"https:\/\/totallubri.com.br\/?post_type=product&#038;p=15105"},"modified":"2025-03-28T11:39:12","modified_gmt":"2025-03-28T14:39:12","slug":"mangueira-espiral-c-500-mts-c-term","status":"publish","type":"product","link":"https:\/\/totallubri.com.br\/?product=mangueira-espiral-c-500-mts-c-term","title":{"rendered":"MANGUEIRA ESPIRAL C\/ 5,00 MTS. C\/TERM.-LUBEFER"},"content":{"rendered":"<p>MANGUEIRA ESPIRAL C\/ 5,00 MTS. C\/TERM.<\/p>\n<table width=\"361\">\n<tbody>\n<tr>\n<td width=\"361\">Solicitar foto dos demais produtos e cota\u00e7\u00e3o aos vendedores<\/td>\n<\/tr>\n<\/tbody>\n<\/table>\n<table width=\"958\">\n<tbody>\n<tr>\n<td width=\"87\"><\/td>\n<td width=\"657\"><\/td>\n<td width=\"94\">ESPESSURA<\/td>\n<td width=\"120\"><\/td>\n<\/tr>\n<tr>\n<td>CODIGO<\/td>\n<td>DESCRI\u00c7\u00c3O<\/td>\n<td>MANGUEIRA<\/td>\n<td>TERMINAIS<\/td>\n<\/tr>\n<tr>\n<td>LUB-80E1<\/td>\n<td>MANGUEIRA ESPIRALADA EM PU C\/3,00 MTS MONTADA C\/2 TERMINAIS LUB-80E PORCA LUB-80D<\/td>\n<td>8X6MM<\/td>\n<td>1\/4&#8243;<\/td>\n<\/tr>\n<tr>\n<td>LUB-80E<\/td>\n<td>MANGUEIRA ESPIRALADA EM PU C\/5,00 MTS MONTADA C\/2 TERMINAIS LUB-80E PORCA LUB-80D<\/td>\n<td>8X6MM<\/td>\n<td>1\/4&#8243;<\/td>\n<\/tr>\n<tr>\n<td>LUB-80F<\/td>\n<td>MANGUEIRA ESPIRALADA EM PU C\/10,00 MTS MONTADA C\/2 TERMINAIS LUB-80E PORCA LUB-80D<\/td>\n<td>8X6MM<\/td>\n<td>1\/4&#8243;<\/td>\n<\/tr>\n<tr>\n<td>LUB-80G<\/td>\n<td>MANGUEIRA ESPIRALADA EM PU C\/15,00 MTS MONTADA C\/2 TERMINAIS LUB-80E PORCA LUB-80D<\/td>\n<td>8X6MM<\/td>\n<td>1\/4&#8243;<\/td>\n<\/tr>\n<tr>\n<td>LUB-80H<\/td>\n<td>MANGUEIRA ESPIRALADA EM PU C\/7,5 00 MTS MONTADA C\/2 TERMINAIS LUB-80E PORCA LUB-80D<\/td>\n<td>8X6MM<\/td>\n<td>1\/4&#8243;<\/td>\n<\/tr>\n<tr>\n<td>LUB-80L<\/td>\n<td>MANGUEIRA ESPIRALADA EM PU C\/5,00 MTS MONTADA C\/2 TERMINAIS LUB-80R PORCA LUB-80D1 FX MACHO 1\/4&#8243;<\/td>\n<td>12,70X9,53MM<\/td>\n<td>3\/8&#8243;<\/td>\n<\/tr>\n<tr>\n<td>LUB-80M<\/td>\n<td>MANGUEIRA ESPIRALADA EM PU C\/7,5,00 MTS MONTADA C\/2 TERMINAIS LUB-80R PORCA LUB-80D1 FX MACHO 1\/4&#8243;<\/td>\n<td>12,70X9,53MM<\/td>\n<td>3\/8&#8243;<\/td>\n<\/tr>\n<tr>\n<td>LUB-80N<\/td>\n<td>MANGUEIRA ESPIRALADA EM PU C\/10,00 MTS MONTADA C\/2 TERMINAIS LUB-80R PORCA LUB-80D1 FX MACHO 1\/4&#8243;<\/td>\n<td>12,70X9,53MM<\/td>\n<td>3\/8&#8243;<\/td>\n<\/tr>\n<tr>\n<td>LUB-80P<\/td>\n<td>MANGUEIRA ESPIRALADA EM PU C\/15,00 MTS MONTADA C\/2 TERMINAIS LUB-80R PORCA LUB-80D1 FX MACHO 1\/4&#8243;<\/td>\n<td>12,70X9,53MM<\/td>\n<td>3\/8&#8243;<\/td>\n<\/tr>\n<\/tbody>\n<\/table>\n<table width=\"361\">\n<tbody>\n<tr>\n<td width=\"361\">+ DETALHES SOBRE ESTE PRODUTO:<\/td>\n<\/tr>\n<\/tbody>\n<\/table>\n<table class=\"woocommerce-product-attributes shop_attributes\" aria-label=\"Detalhes do produto\">\n<tbody>\n<tr class=\"woocommerce-product-attributes-item woocommerce-product-attributes-item--weight\">\n<th class=\"woocommerce-product-attributes-item__label\" scope=\"row\">Peso<\/th>\n<td class=\"woocommerce-product-attributes-item__value\">0.21 kg<\/td>\n<\/tr>\n<tr class=\"woocommerce-product-attributes-item woocommerce-product-attributes-item--dimensions\">\n<th class=\"woocommerce-product-attributes-item__label\" scope=\"row\">Dimens\u00f5es<\/th>\n<td class=\"woocommerce-product-attributes-item__value\">30 \u00d7 24 \u00d7 18 cm<\/td>\n<\/tr>\n<tr class=\"woocommerce-product-attributes-item woocommerce-product-attributes-item--attribute_pa_categorias\">\n<th class=\"woocommerce-product-attributes-item__label\" scope=\"row\">Categorias<\/th>\n<td class=\"woocommerce-product-attributes-item__value\"><a href=\"https:\/\/www.lubefercomercial.com.br\/categorias\/mangueiras-espirais-e-terminais\/\" rel=\"tag\">Mangueiras espirais e terminais<\/a><\/td>\n<\/tr>\n<\/tbody>\n<\/table>\n","protected":false},"excerpt":{"rendered":"<p>MANGUEIRA ESPIRAL C\/ 5,00 MTS. C\/TERM. Solicitar foto dos demais produtos e cota\u00e7\u00e3o aos vendedores ESPESSURA CODIGO DESCRI\u00c7\u00c3O MANGUEIRA TERMINAIS LUB-80E1 MANGUEIRA ESPIRALADA EM PU C\/3,00 MTS MONTADA C\/2 TERMINAIS LUB-80E PORCA LUB-80D 8X6MM 1\/4&#8243; LUB-80E MANGUEIRA ESPIRALADA EM PU C\/5,00 MTS MONTADA C\/2 TERMINAIS LUB-80E PORCA LUB-80D 8X6MM 1\/4&#8243; LUB-80F MANGUEIRA ESPIRALADA EM PU [&hellip;]<\/p>\n","protected":false},"featured_media":15106,"comment_status":"open","ping_status":"closed","template":"","meta":{"_exactmetrics_skip_tracking":false,"_exactmetrics_sitenote_active":false,"_exactmetrics_sitenote_note":"","_exactmetrics_sitenote_category":0},"product_brand":[],"product_cat":[97],"product_tag":[],"class_list":{"0":"post-15105","1":"product","2":"type-product","3":"status-publish","4":"has-post-thumbnail","6":"product_cat-mangueiras-terminais-e-acessorios-para-mangueiras","8":"first","9":"instock","10":"shipping-taxable","11":"product-type-simple"},"_links":{"self":[{"href":"https:\/\/totallubri.com.br\/index.php?rest_route=\/wp\/v2\/product\/15105","targetHints":{"allow":["GET"]}}],"collection":[{"href":"https:\/\/totallubri.com.br\/index.php?rest_route=\/wp\/v2\/product"}],"about":[{"href":"https:\/\/totallubri.com.br\/index.php?rest_route=\/wp\/v2\/types\/product"}],"replies":[{"embeddable":true,"href":"https:\/\/totallubri.com.br\/index.php?rest_route=%2Fwp%2Fv2%2Fcomments&post=15105"}],"wp:featuredmedia":[{"embeddable":true,"href":"https:\/\/totallubri.com.br\/index.php?rest_route=\/wp\/v2\/media\/15106"}],"wp:attachment":[{"href":"https:\/\/totallubri.com.br\/index.php?rest_route=%2Fwp%2Fv2%2Fmedia&parent=15105"}],"wp:term":[{"taxonomy":"product_brand","embeddable":true,"href":"https:\/\/totallubri.com.br\/index.php?rest_route=%2Fwp%2Fv2%2Fproduct_brand&post=15105"},{"taxonomy":"product_cat","embeddable":true,"href":"https:\/\/totallubri.com.br\/index.php?rest_route=%2Fwp%2Fv2%2Fproduct_cat&post=15105"},{"taxonomy":"product_tag","embeddable":true,"href":"https:\/\/totallubri.com.br\/index.php?rest_route=%2Fwp%2Fv2%2Fproduct_tag&post=15105"}],"curies":[{"name":"wp","href":"https:\/\/api.w.org\/{rel}","templated":true}]}}