{"id":15118,"date":"2025-03-12T09:56:14","date_gmt":"2025-03-12T12:56:14","guid":{"rendered":"https:\/\/totallubri.com.br\/?post_type=product&#038;p=15118"},"modified":"2025-03-28T13:24:55","modified_gmt":"2025-03-28T16:24:55","slug":"comando-gxa-esp-mod-c-bico-lub-13","status":"publish","type":"product","link":"https:\/\/totallubri.com.br\/?product=comando-gxa-esp-mod-c-bico-lub-13","title":{"rendered":"COMANDO GXA ESP MOD C\/BICO LUB.13 -LUBEFER"},"content":{"rendered":"<p>COMANDO GXA ESP MOD C\/BICO LUB.13<\/p>\n<table width=\"744\">\n<tbody>\n<tr>\n<td width=\"87\">CODIGO<\/td>\n<td width=\"657\">DESCRI\u00c7\u00c3O<\/td>\n<\/tr>\n<tr>\n<td>LUB-C<\/td>\n<td>COMANDO DE GRAXA COM BICO RIGIDO E LUB-13<\/td>\n<\/tr>\n<tr>\n<td>LUB-C4<\/td>\n<td>COMANDO DE GRAXA COM BICO FLEXIVEL DE 30MM E LUB-13<\/td>\n<\/tr>\n<tr>\n<td>LUB-C5<\/td>\n<td>COMANDO DE GRAXA COM BICO FLEXIVEL DE 50MM E LUB-13<\/td>\n<\/tr>\n<\/tbody>\n<\/table>\n<table width=\"361\">\n<tbody>\n<tr>\n<td width=\"361\">+ DETALHES SOBRE ESTE PRODUTO:<\/td>\n<\/tr>\n<\/tbody>\n<\/table>\n<table class=\"woocommerce-product-attributes shop_attributes\" aria-label=\"Detalhes do produto\">\n<tbody>\n<tr class=\"woocommerce-product-attributes-item woocommerce-product-attributes-item--weight\">\n<th class=\"woocommerce-product-attributes-item__label\" scope=\"row\">Peso<\/th>\n<td class=\"woocommerce-product-attributes-item__value\">0.6 kg<\/td>\n<\/tr>\n<tr class=\"woocommerce-product-attributes-item woocommerce-product-attributes-item--dimensions\">\n<th class=\"woocommerce-product-attributes-item__label\" scope=\"row\">Dimens\u00f5es<\/th>\n<td class=\"woocommerce-product-attributes-item__value\">24 \u00d7 20 \u00d7 5 cm<\/td>\n<\/tr>\n<tr class=\"woocommerce-product-attributes-item woocommerce-product-attributes-item--attribute_pa_categorias\">\n<th class=\"woocommerce-product-attributes-item__label\" scope=\"row\">Categorias<\/th>\n<td class=\"woocommerce-product-attributes-item__value\"><a href=\"https:\/\/www.lubefercomercial.com.br\/categorias\/acessorios-para-lubrificacao\/\" rel=\"tag\">Acess\u00f3rios para lubrifica\u00e7\u00e3o<\/a><\/td>\n<\/tr>\n<\/tbody>\n<\/table>\n","protected":false},"excerpt":{"rendered":"<p>COMANDO GXA ESP MOD C\/BICO LUB.13 CODIGO DESCRI\u00c7\u00c3O LUB-C COMANDO DE GRAXA COM BICO RIGIDO E LUB-13 LUB-C4 COMANDO DE GRAXA COM BICO FLEXIVEL DE 30MM E LUB-13 LUB-C5 COMANDO DE GRAXA COM BICO FLEXIVEL DE 50MM E LUB-13 + DETALHES SOBRE ESTE PRODUTO: Peso 0.6 kg Dimens\u00f5es 24 \u00d7 20 \u00d7 5 cm Categorias [&hellip;]<\/p>\n","protected":false},"featured_media":15120,"comment_status":"open","ping_status":"closed","template":"","meta":{"_exactmetrics_skip_tracking":false,"_exactmetrics_sitenote_active":false,"_exactmetrics_sitenote_note":"","_exactmetrics_sitenote_category":0},"product_brand":[],"product_cat":[112],"product_tag":[],"class_list":{"0":"post-15118","1":"product","2":"type-product","3":"status-publish","4":"has-post-thumbnail","6":"product_cat-propulsoras-especiais-e-alta-vazao-suportes-e-acessorios-para-propulsoras","8":"first","9":"instock","10":"shipping-taxable","11":"product-type-simple"},"_links":{"self":[{"href":"https:\/\/totallubri.com.br\/index.php?rest_route=\/wp\/v2\/product\/15118","targetHints":{"allow":["GET"]}}],"collection":[{"href":"https:\/\/totallubri.com.br\/index.php?rest_route=\/wp\/v2\/product"}],"about":[{"href":"https:\/\/totallubri.com.br\/index.php?rest_route=\/wp\/v2\/types\/product"}],"replies":[{"embeddable":true,"href":"https:\/\/totallubri.com.br\/index.php?rest_route=%2Fwp%2Fv2%2Fcomments&post=15118"}],"wp:featuredmedia":[{"embeddable":true,"href":"https:\/\/totallubri.com.br\/index.php?rest_route=\/wp\/v2\/media\/15120"}],"wp:attachment":[{"href":"https:\/\/totallubri.com.br\/index.php?rest_route=%2Fwp%2Fv2%2Fmedia&parent=15118"}],"wp:term":[{"taxonomy":"product_brand","embeddable":true,"href":"https:\/\/totallubri.com.br\/index.php?rest_route=%2Fwp%2Fv2%2Fproduct_brand&post=15118"},{"taxonomy":"product_cat","embeddable":true,"href":"https:\/\/totallubri.com.br\/index.php?rest_route=%2Fwp%2Fv2%2Fproduct_cat&post=15118"},{"taxonomy":"product_tag","embeddable":true,"href":"https:\/\/totallubri.com.br\/index.php?rest_route=%2Fwp%2Fv2%2Fproduct_tag&post=15118"}],"curies":[{"name":"wp","href":"https:\/\/api.w.org\/{rel}","templated":true}]}}