{"id":15131,"date":"2025-03-12T11:24:54","date_gmt":"2025-03-12T14:24:54","guid":{"rendered":"https:\/\/totallubri.com.br\/?post_type=product&#038;p=15131"},"modified":"2025-03-31T11:56:42","modified_gmt":"2025-03-31T14:56:42","slug":"caixa-plastica-372l-tot-lub","status":"publish","type":"product","link":"https:\/\/totallubri.com.br\/?product=caixa-plastica-372l-tot-lub","title":{"rendered":"CAIXA PL\u00c1STICA 372L -TOT-LUB"},"content":{"rendered":"<p>A<strong>\u00a0Caixa Pl\u00e1stica 372 Litros\u00a0<\/strong>, tamb\u00e9m conhecida como\u00a0Caixa Container, \u00e9 um dos modelos mais resistentes do mercado, possui tampa com encaixe para empilhamento e frisos que impedem o ac\u00famulo de \u00e1gua. Al\u00e9m disso, \u00e9 robusta e possui fundo super resistente.<br \/>\nCom capacidade para comportar grandes volumes, ela\u00a0\u00e9 extremamente forte e dur\u00e1vel e pode ser utilizada em diversos segmentos. Com isso, garante maior seguran\u00e7a e qualidade no armazenamento de pe\u00e7as e produtos em geral.<br \/>\nPode ser utilizada por exemplo para acondicionar produtos e pe\u00e7as de diversos tipos e tamanhos, pois pode comportar grandes volumes de carga.<br \/>\nHigieniza\u00e7\u00e3o \u00e9 simples de ser feita, podendo-se utilizar somente \u00e1gua e sab\u00e3o.<br \/>\nProduto dentro das normas exigidas no mercado.<\/p>\n<p><strong>*Vendida com ou sem tampa*<\/strong><br \/>\n<strong>* Podendo ser sem Puxador, com Puxador Lateral ou Puxador Frontal*<br \/>\n* Sem rod\u00edzios ou com 04 rod\u00edzios \u2013 sendo 02 fixos e 02 girat\u00f3rios\u00a0\u2013 que auxiliam a sua movimenta\u00e7\u00e3o e garantem o transporte de diversos tipos de produtos, de forma pr\u00e1tica e segura.*<\/strong><\/p>\n<p>+ DETALHES SOBRE ESTE PRODUTO:<\/p>\n<p><strong>ESPECIFICA\u00c7\u00d5ES<\/strong><\/p>\n<p><strong>DESCRI\u00c7\u00c3O:\u00a0<\/strong>Caixa Container 372L.<br \/>\n<strong>ALTURA:\u00a0<\/strong>850mm<br \/>\n<strong>LARGURA<\/strong>: 750mm<br \/>\n<strong>COMPRIMENTO:<\/strong>\u00a01040mm<br \/>\n<strong>CAPACIDADE<\/strong>: 372L<\/p>\n<p><strong>DIFERENCIAIS<\/strong><\/p>\n<p>\u2022 Resist\u00eancia e durabilidade garantidas;<br \/>\n\u2022 Facilidade no transporte;<br \/>\n\u2022 Rod\u00edzios e Puxador refor\u00e7ados;<br \/>\n\u2022 Fundo resistente;<\/p>\n<p><strong>UTILIZA\u00c7\u00d5ES<\/strong><\/p>\n<p>\u2022 Muito utilizada em grandes ind\u00fastrias e com\u00e9rcio em geral;<br \/>\n\u2022 Armazenamento e estoque de grandes volumes;<br \/>\n\u2022 Ideal para utiliza\u00e7\u00e3o em condom\u00ednios, shoppings, lavanderias, ind\u00fastrias, etc;<br \/>\n\u2022 Ideal para organiza\u00e7\u00e3o e acondicionamento de pe\u00e7as e produtos, de forma segura;<br \/>\n\u2022 Maior durabilidade e melhor custo benef\u00edcio do mercado.<\/p>\n<p>&nbsp;<\/p>\n","protected":false},"excerpt":{"rendered":"<p>A\u00a0Caixa Pl\u00e1stica 372 Litros\u00a0, tamb\u00e9m conhecida como\u00a0Caixa Container, \u00e9 um dos modelos mais resistentes do mercado, possui tampa com encaixe para empilhamento e frisos que impedem o ac\u00famulo de \u00e1gua. Al\u00e9m disso, \u00e9 robusta e possui fundo super resistente. Com capacidade para comportar grandes volumes, ela\u00a0\u00e9 extremamente forte e dur\u00e1vel e pode ser utilizada em [&hellip;]<\/p>\n","protected":false},"featured_media":15132,"comment_status":"open","ping_status":"closed","template":"","meta":{"_exactmetrics_skip_tracking":false,"_exactmetrics_sitenote_active":false,"_exactmetrics_sitenote_note":"","_exactmetrics_sitenote_category":0},"product_brand":[],"product_cat":[63],"product_tag":[],"class_list":{"0":"post-15131","1":"product","2":"type-product","3":"status-publish","4":"has-post-thumbnail","6":"product_cat-meio-ambiente","8":"first","9":"instock","10":"shipping-taxable","11":"product-type-simple"},"_links":{"self":[{"href":"https:\/\/totallubri.com.br\/index.php?rest_route=\/wp\/v2\/product\/15131","targetHints":{"allow":["GET"]}}],"collection":[{"href":"https:\/\/totallubri.com.br\/index.php?rest_route=\/wp\/v2\/product"}],"about":[{"href":"https:\/\/totallubri.com.br\/index.php?rest_route=\/wp\/v2\/types\/product"}],"replies":[{"embeddable":true,"href":"https:\/\/totallubri.com.br\/index.php?rest_route=%2Fwp%2Fv2%2Fcomments&post=15131"}],"wp:featuredmedia":[{"embeddable":true,"href":"https:\/\/totallubri.com.br\/index.php?rest_route=\/wp\/v2\/media\/15132"}],"wp:attachment":[{"href":"https:\/\/totallubri.com.br\/index.php?rest_route=%2Fwp%2Fv2%2Fmedia&parent=15131"}],"wp:term":[{"taxonomy":"product_brand","embeddable":true,"href":"https:\/\/totallubri.com.br\/index.php?rest_route=%2Fwp%2Fv2%2Fproduct_brand&post=15131"},{"taxonomy":"product_cat","embeddable":true,"href":"https:\/\/totallubri.com.br\/index.php?rest_route=%2Fwp%2Fv2%2Fproduct_cat&post=15131"},{"taxonomy":"product_tag","embeddable":true,"href":"https:\/\/totallubri.com.br\/index.php?rest_route=%2Fwp%2Fv2%2Fproduct_tag&post=15131"}],"curies":[{"name":"wp","href":"https:\/\/api.w.org\/{rel}","templated":true}]}}