{"id":15134,"date":"2025-03-12T11:40:57","date_gmt":"2025-03-12T14:40:57","guid":{"rendered":"https:\/\/totallubri.com.br\/?post_type=product&#038;p=15134"},"modified":"2025-03-12T11:42:59","modified_gmt":"2025-03-12T14:42:59","slug":"caixa-hortifruti-56-x-36-x-31-tot-lub","status":"publish","type":"product","link":"https:\/\/totallubri.com.br\/?product=caixa-hortifruti-56-x-36-x-31-tot-lub","title":{"rendered":"Caixa Hortifr\u00fati 56 x 36 x 31 -Tot-lub"},"content":{"rendered":"<p>CAIXA\u00a0 HORTIFR\u00daTI 56X36X31<\/p>\n<p>Fabricado em PEAD (Polietileno de alta densidade) tamb\u00e9m conhecida como caixa agr\u00edcola \u00e9 ideal para organiza\u00e7\u00e3o e armazenamento de diversos produtos.\u00a0<strong>A caixa hortifr\u00fati 56 x 36 x 31\u00a0<\/strong>\u00e9 conhecida por esse nome porque \u00e9 amplamente utilizada por produtores de frutas, verduras, hortali\u00e7as e legumes no transporte e estoque deste tipo de alimento.<br \/>\nNormalmente, as que t\u00eam capacidade para 49 litros s\u00e3o as mais comuns em feiras, mercados, sacol\u00f5es, e outros locais que necessitam de caixas maiores.<\/p>\n<p><strong>&#8221; OBS: Outras medidas solicitar or\u00e7amento ao vendedor.&#8221;<\/strong><\/p>\n<p>+ DETALHES SOBRE O PRODUTO:<\/p>\n<p>\u2013 Totalmente Vazada;<br \/>\n\u2013 Ombreiras para facilitar o transporte;<br \/>\n\u2013 Espa\u00e7o para grava\u00e7\u00e3o personalizada;<br \/>\n\u2013 Sem Tampa;<\/p>\n<p><strong>Cores:\u00a0 <\/strong><strong>Polipropileno:<\/strong>\u00a0Azul, Branco, Preto, Verde e Vermelho.<br \/>\n<strong>\u00a0Cores: Polietileno: <\/strong>Amarelo, Azul, Cinza, Laranja, Natural, Verde e Vermelho.<\/p>\n<p><strong>ESPECIFICA\u00c7\u00d5ES<\/strong><\/p>\n<p><strong>DESCRI\u00c7\u00c3O:\u00a0<\/strong>Caixa Hortifruti 56 x 36 x 31<br \/>\n<strong>ALTURA:\u00a0<\/strong>310mm<br \/>\n<strong>LARGURA:\u00a0<\/strong>365mm<br \/>\n<strong>COMPRIMENTO:\u00a0<\/strong>550mm<br \/>\n<strong>CAPACIDADE:<\/strong>\u00a050,5L<br \/>\n<strong>CAPACIDADE DE CARGA:<\/strong>\u00a025KG<\/p>\n<p><strong>CARACTERISTICAS<\/strong><\/p>\n<p><strong>A higieniza\u00e7\u00e3o da caixa hortifr\u00fati 56 x 36 x 31\u00a0<\/strong>\u00e9 facilitada por sua estrutura. Por serem feitas em um pl\u00e1stico de alta densidade, elas podem ser lavadas sem nenhum problema. tem secagem r\u00e1pida e n\u00e3o tem problema exposi\u00e7\u00e3o ao sol. Conta com espa\u00e7o para etiquetas para identifica\u00e7\u00e3o dos produtos.<\/p>\n<p>&nbsp;<\/p>\n","protected":false},"excerpt":{"rendered":"<p>CAIXA\u00a0 HORTIFR\u00daTI 56X36X31 Fabricado em PEAD (Polietileno de alta densidade) tamb\u00e9m conhecida como caixa agr\u00edcola \u00e9 ideal para organiza\u00e7\u00e3o e armazenamento de diversos produtos.\u00a0A caixa hortifr\u00fati 56 x 36 x 31\u00a0\u00e9 conhecida por esse nome porque \u00e9 amplamente utilizada por produtores de frutas, verduras, hortali\u00e7as e legumes no transporte e estoque deste tipo de alimento. [&hellip;]<\/p>\n","protected":false},"featured_media":15135,"comment_status":"open","ping_status":"closed","template":"","meta":{"_exactmetrics_skip_tracking":false,"_exactmetrics_sitenote_active":false,"_exactmetrics_sitenote_note":"","_exactmetrics_sitenote_category":0},"product_brand":[],"product_cat":[63],"product_tag":[],"class_list":{"0":"post-15134","1":"product","2":"type-product","3":"status-publish","4":"has-post-thumbnail","6":"product_cat-meio-ambiente","8":"first","9":"instock","10":"shipping-taxable","11":"product-type-simple"},"_links":{"self":[{"href":"https:\/\/totallubri.com.br\/index.php?rest_route=\/wp\/v2\/product\/15134","targetHints":{"allow":["GET"]}}],"collection":[{"href":"https:\/\/totallubri.com.br\/index.php?rest_route=\/wp\/v2\/product"}],"about":[{"href":"https:\/\/totallubri.com.br\/index.php?rest_route=\/wp\/v2\/types\/product"}],"replies":[{"embeddable":true,"href":"https:\/\/totallubri.com.br\/index.php?rest_route=%2Fwp%2Fv2%2Fcomments&post=15134"}],"wp:featuredmedia":[{"embeddable":true,"href":"https:\/\/totallubri.com.br\/index.php?rest_route=\/wp\/v2\/media\/15135"}],"wp:attachment":[{"href":"https:\/\/totallubri.com.br\/index.php?rest_route=%2Fwp%2Fv2%2Fmedia&parent=15134"}],"wp:term":[{"taxonomy":"product_brand","embeddable":true,"href":"https:\/\/totallubri.com.br\/index.php?rest_route=%2Fwp%2Fv2%2Fproduct_brand&post=15134"},{"taxonomy":"product_cat","embeddable":true,"href":"https:\/\/totallubri.com.br\/index.php?rest_route=%2Fwp%2Fv2%2Fproduct_cat&post=15134"},{"taxonomy":"product_tag","embeddable":true,"href":"https:\/\/totallubri.com.br\/index.php?rest_route=%2Fwp%2Fv2%2Fproduct_tag&post=15134"}],"curies":[{"name":"wp","href":"https:\/\/api.w.org\/{rel}","templated":true}]}}