{"id":15144,"date":"2025-03-12T12:03:26","date_gmt":"2025-03-12T15:03:26","guid":{"rendered":"https:\/\/totallubri.com.br\/?post_type=product&#038;p=15144"},"modified":"2025-03-12T12:10:07","modified_gmt":"2025-03-12T15:10:07","slug":"carrinho-para-varricao-100-litros-tot-lub","status":"publish","type":"product","link":"https:\/\/totallubri.com.br\/?product=carrinho-para-varricao-100-litros-tot-lub","title":{"rendered":"CARRINHO PARA VARRI\u00c7\u00c3O 100 LITROS -Tot-lub"},"content":{"rendered":"<p>Carrinho para varri\u00e7\u00e3o 100 Litros<\/p>\n<p>O\u00a0<strong>Carrinho para Varri\u00e7\u00e3o 100 Litros<\/strong> \u00e9 um tipo de carrinho para varri\u00e7\u00e3o de lixo muito utilizado por garis e funcion\u00e1rios de empresas que buscam praticidade e maior mobilidade durante o servi\u00e7o de coleta de res\u00edduos e limpeza de ruas, p\u00e1tios, estradas e qualquer tipo de ambiente muito movimentado. Com o corpo fabricado em PEAD (Polietileno de Alta Densidade) ou PEMD (Polietileno de M\u00e9dia Densidade), De f\u00e1cil Higieniza\u00e7\u00e3o possui ( Anti-Oxidante e Anti-UV. Possui suporte para vassoura e p\u00e1 de lixo, rodas de A\u00e7o Galvanizado 3,5\u201d x 8\u201d e pneus com c\u00e2mera de ar ou de borracha para uma melhor locomo\u00e7\u00e3o.Sua estrutura em tubo de a\u00e7o cil\u00edndrico \u00e9 altamente resistente com tratamento anti-\u00f3xido e pintura epoxi E limpeza muito mais eficiente.<br \/>\n<strong>CORES:<\/strong>\u00a0Amarelo, Azul, Branco, Cinza, Laranja, Marrom, Preto, Verde e Vermelho<\/p>\n<p><strong>ESPECIFICA\u00c7\u00d5ES<\/strong><\/p>\n<p><strong>MODELO:<\/strong> Carrinho 100 litros.<br \/>\n<strong>LARGURA:<\/strong>\u00a0750mm<br \/>\n<strong>ALTURA:<\/strong>\u00a01100mm<br \/>\n<strong>COMPRIMENTO:<\/strong>\u00a0900mm<br \/>\n<strong>PESO:<\/strong>\u00a012.5Kg<br \/>\n<strong>RODAS:<\/strong>\u00a03,5\u201d x 8\u201d e pneus com c\u00e2mera de ar ou de borracha.<br \/>\n<strong>MATERIAL:<\/strong>\u00a0PEMD (Polietileno de M\u00e9dia Densidade) ou PEAD (Polietileno de Alta Densidade)<strong>CORES<\/strong>: Amarelo, Azul, Branco, Cinza, Laranja, Marrom, Preto, Verde e Vermelho.<strong>CAPACIDADE:<\/strong>\u00a0100 litros.<\/p>\n<p><strong>DIFERENCIAIS<\/strong><\/p>\n<p>\u2022 Alta resist\u00eancia ao impacto e \u00e0 tra\u00e7\u00e3o;<br \/>\n\u2022 Possui prote\u00e7\u00e3o contra raios UV e aditivo antioxidante; \u2022 Rodas altamente resistentes, com pneus de borracha maci\u00e7a;<br \/>\n\u2022 Longa vida \u00fatil e \u00f3timo custo-benef\u00edcio.<\/p>\n<p><strong>UTILIZA\u00c7\u00d5ES<\/strong><\/p>\n<p>\u2022 Varri\u00e7\u00e3o de ruas e estradas;<br \/>\n\u2022 Ideal para coleta seletiva e urbana;<br \/>\n\u2022 Condom\u00ednios e shoppings;<br \/>\n\u2022 P\u00e1tios de escola e universidades;<br \/>\n\u2022 Res\u00edduos industriais e hospitalares.<\/p>\n","protected":false},"excerpt":{"rendered":"<p>Carrinho para varri\u00e7\u00e3o 100 Litros O\u00a0Carrinho para Varri\u00e7\u00e3o 100 Litros \u00e9 um tipo de carrinho para varri\u00e7\u00e3o de lixo muito utilizado por garis e funcion\u00e1rios de empresas que buscam praticidade e maior mobilidade durante o servi\u00e7o de coleta de res\u00edduos e limpeza de ruas, p\u00e1tios, estradas e qualquer tipo de ambiente muito movimentado. Com o [&hellip;]<\/p>\n","protected":false},"featured_media":15145,"comment_status":"open","ping_status":"closed","template":"","meta":{"_exactmetrics_skip_tracking":false,"_exactmetrics_sitenote_active":false,"_exactmetrics_sitenote_note":"","_exactmetrics_sitenote_category":0},"product_brand":[],"product_cat":[63],"product_tag":[],"class_list":{"0":"post-15144","1":"product","2":"type-product","3":"status-publish","4":"has-post-thumbnail","6":"product_cat-meio-ambiente","8":"first","9":"instock","10":"shipping-taxable","11":"product-type-simple"},"_links":{"self":[{"href":"https:\/\/totallubri.com.br\/index.php?rest_route=\/wp\/v2\/product\/15144","targetHints":{"allow":["GET"]}}],"collection":[{"href":"https:\/\/totallubri.com.br\/index.php?rest_route=\/wp\/v2\/product"}],"about":[{"href":"https:\/\/totallubri.com.br\/index.php?rest_route=\/wp\/v2\/types\/product"}],"replies":[{"embeddable":true,"href":"https:\/\/totallubri.com.br\/index.php?rest_route=%2Fwp%2Fv2%2Fcomments&post=15144"}],"wp:featuredmedia":[{"embeddable":true,"href":"https:\/\/totallubri.com.br\/index.php?rest_route=\/wp\/v2\/media\/15145"}],"wp:attachment":[{"href":"https:\/\/totallubri.com.br\/index.php?rest_route=%2Fwp%2Fv2%2Fmedia&parent=15144"}],"wp:term":[{"taxonomy":"product_brand","embeddable":true,"href":"https:\/\/totallubri.com.br\/index.php?rest_route=%2Fwp%2Fv2%2Fproduct_brand&post=15144"},{"taxonomy":"product_cat","embeddable":true,"href":"https:\/\/totallubri.com.br\/index.php?rest_route=%2Fwp%2Fv2%2Fproduct_cat&post=15144"},{"taxonomy":"product_tag","embeddable":true,"href":"https:\/\/totallubri.com.br\/index.php?rest_route=%2Fwp%2Fv2%2Fproduct_tag&post=15144"}],"curies":[{"name":"wp","href":"https:\/\/api.w.org\/{rel}","templated":true}]}}