{"id":15154,"date":"2025-03-12T12:32:02","date_gmt":"2025-03-12T15:32:02","guid":{"rendered":"https:\/\/totallubri.com.br\/?post_type=product&#038;p=15154"},"modified":"2025-05-01T18:57:47","modified_gmt":"2025-05-01T21:57:47","slug":"lixeira-basculante-60-litros-tot-lub","status":"publish","type":"product","link":"https:\/\/totallubri.com.br\/?product=lixeira-basculante-60-litros-tot-lub","title":{"rendered":"Lixeira Basculante 60 Litros \u2013 Tot-lub"},"content":{"rendered":"<h1 class=\"nome-produto titulo\">\u00a0 \u00a0Lixeira Basculante 60 Litros com ou sem suporte e individual.<\/h1>\n<p>A\u00a0<strong>Lixeira Basculante 60 Litros<\/strong>\u00a0\u00e9 fabricada em Polietileno de Alta Densidade (PEAD) ou Polipropileno (PP).<br \/>\nProduto injetadas em m\u00e1quinas de alta tecnologia e respeitando as principais normas vigentes da Ag\u00eancia Nacional de Vigil\u00e2ncia Sanit\u00e1ria (ANVISA). Resistente ao impacto, aos raios ultravioletas e \u00e0s repetidas lavagens, possui um sistema de multi encaixe (podem ser encaixadas umas \u00e0s outras). A facilidade no empilhamento garante armazenamento e estocagem \u00e1geis e com economia de espa\u00e7o. Compat\u00edvel com sacos de 60 litros e possui um sistema que permite que o saco de lixo fique preso de maneira adequada.<br \/>\nCores de acordo com materiais associadas \u00e1 norma de coleta de res\u00edduos pl\u00e1sticos, pap\u00e9is, vidros, metais, radioativos, org\u00e2nicos, n\u00e3o recicl\u00e1veis, etc.<\/p>\n<p><strong>Cores:<\/strong>\u00a0vermelha, verde, preto, marrom, laranja, cinza, branco, azul e amarelo.<\/p>\n<p><strong>ESPECIFICA\u00c7\u00d5ES<\/strong><\/p>\n<p><strong>MODELO:<\/strong>\u00a0Lixeira Basculante 60 Litros<br \/>\n<strong>LARGURA:<\/strong>\u00a0380mm<br \/>\n<strong>ALTURA:<\/strong>\u00a0720mm<br \/>\n<strong>COMPRIMENTO:<\/strong>\u00a0380mm<br \/>\n<strong>PESO:<\/strong>\u00a02,2Kg<br \/>\n<strong>MATERIAL:<\/strong> PEMD (Polietileno de M\u00e9dia Densidade) ou PEAD (Polietileno de Alta Densidade)<strong>CORES:<\/strong>\u00a0vermelha, verde, preto, marrom, laranja, cinza, branco, azul e amarelo.<br \/>\n<strong>CAPACIDADE:<\/strong>\u00a060L<\/p>\n<p><strong>Diferenciais<\/strong><\/p>\n<p>\u2022 Podem ser fabricadas em PP ou PEAD;<\/p>\n<p>\u2022 Haste na parte de fora da lixeira, evitando o ac\u00famulo de res\u00edduos;<\/p>\n<p>\u2022 Pedal para abertura, evitando o contato direto com o lixo;<\/p>\n<p>\u2022 F\u00e1cil higieniza\u00e7\u00e3o. Articula\u00e7\u00e3o com arma\u00e7\u00e3o para segurar o saco de lixo;<\/p>\n<p>\u2022 Possuem prote\u00e7\u00e3o contra raios UV.<\/p>\n<p><strong>Utiliza\u00e7\u00f5es<\/strong><\/p>\n<p>\u2022 Clubes, academias, escolas e universidades;<\/p>\n<p>\u2022 Restaurantes, lanchonetes, cozinhas industriais;<\/p>\n<p>\u2022 Shoppings e estabelecimentos comerciais;<\/p>\n<p>\u2022 Farm\u00e1cias, postos de sa\u00fade e hospitais.<\/p>\n<p>&nbsp;<\/p>\n","protected":false},"excerpt":{"rendered":"<p>\u00a0 \u00a0Lixeira Basculante 60 Litros com ou sem suporte e individual. A\u00a0Lixeira Basculante 60 Litros\u00a0\u00e9 fabricada em Polietileno de Alta Densidade (PEAD) ou Polipropileno (PP). Produto injetadas em m\u00e1quinas de alta tecnologia e respeitando as principais normas vigentes da Ag\u00eancia Nacional de Vigil\u00e2ncia Sanit\u00e1ria (ANVISA). Resistente ao impacto, aos raios ultravioletas e \u00e0s repetidas lavagens, [&hellip;]<\/p>\n","protected":false},"featured_media":15155,"comment_status":"open","ping_status":"closed","template":"","meta":{"_exactmetrics_skip_tracking":false,"_exactmetrics_sitenote_active":false,"_exactmetrics_sitenote_note":"","_exactmetrics_sitenote_category":0},"product_brand":[],"product_cat":[63],"product_tag":[],"class_list":{"0":"post-15154","1":"product","2":"type-product","3":"status-publish","4":"has-post-thumbnail","6":"product_cat-meio-ambiente","8":"first","9":"instock","10":"shipping-taxable","11":"product-type-simple"},"_links":{"self":[{"href":"https:\/\/totallubri.com.br\/index.php?rest_route=\/wp\/v2\/product\/15154","targetHints":{"allow":["GET"]}}],"collection":[{"href":"https:\/\/totallubri.com.br\/index.php?rest_route=\/wp\/v2\/product"}],"about":[{"href":"https:\/\/totallubri.com.br\/index.php?rest_route=\/wp\/v2\/types\/product"}],"replies":[{"embeddable":true,"href":"https:\/\/totallubri.com.br\/index.php?rest_route=%2Fwp%2Fv2%2Fcomments&post=15154"}],"wp:featuredmedia":[{"embeddable":true,"href":"https:\/\/totallubri.com.br\/index.php?rest_route=\/wp\/v2\/media\/15155"}],"wp:attachment":[{"href":"https:\/\/totallubri.com.br\/index.php?rest_route=%2Fwp%2Fv2%2Fmedia&parent=15154"}],"wp:term":[{"taxonomy":"product_brand","embeddable":true,"href":"https:\/\/totallubri.com.br\/index.php?rest_route=%2Fwp%2Fv2%2Fproduct_brand&post=15154"},{"taxonomy":"product_cat","embeddable":true,"href":"https:\/\/totallubri.com.br\/index.php?rest_route=%2Fwp%2Fv2%2Fproduct_cat&post=15154"},{"taxonomy":"product_tag","embeddable":true,"href":"https:\/\/totallubri.com.br\/index.php?rest_route=%2Fwp%2Fv2%2Fproduct_tag&post=15154"}],"curies":[{"name":"wp","href":"https:\/\/api.w.org\/{rel}","templated":true}]}}