{"id":15158,"date":"2025-03-12T12:43:23","date_gmt":"2025-03-12T15:43:23","guid":{"rendered":"https:\/\/totallubri.com.br\/?post_type=product&#038;p=15158"},"modified":"2025-03-12T12:43:40","modified_gmt":"2025-03-12T15:43:40","slug":"tanque-125-litros-horizontal-tot-lub","status":"publish","type":"product","link":"https:\/\/totallubri.com.br\/?product=tanque-125-litros-horizontal-tot-lub","title":{"rendered":"Tanque 125 Litros Horizontal -Tot-lub"},"content":{"rendered":"<p>Tanque 125 Litros Horizontal<\/p>\n<p>&#8220;OBS: Outras Op\u00e7\u00f5es e medidas solicitar or\u00e7amento com nossos vendedores&#8221;<\/p>\n<p>O tanque cil\u00edndrico horizontal, tamb\u00e9m chamado de reservat\u00f3rio de produtos l\u00edquidos, possibilita uma higieniza\u00e7\u00e3o mais f\u00e1cil e requer o m\u00ednimo de manuten\u00e7\u00e3o, sendo fabricado com material at\u00f3xico, n\u00e3o corros\u00edvel e superf\u00edcies completamente lisas, facilitando a conserva\u00e7\u00e3o.<br \/>\nIdeal para transportar l\u00edquidos de qualquer origem, o tanque cil\u00edndrico horizontal permite visualiza\u00e7\u00e3o da quantidade interna por se tratar de polietileno transl\u00facido, facilitando ainda mais a observ\u00e2ncia do estoque. De f\u00e1cil manuseio, por ser leve e n\u00e3o soltar farpas, adapt\u00e1vel \u00e0s condi\u00e7\u00f5es de espa\u00e7o, o tanque cil\u00edndrico horizontal se traduz em uma op\u00e7\u00e3o vers\u00e1til e de baixo custo, que possibilita sua realoca\u00e7\u00e3o com praticidade e menor esfor\u00e7o.<\/p>\n<p><strong>Utiliza\u00e7\u00f5es\u00a0 &#8211; <\/strong>\u00a0Combust\u00edvel &#8211; \u00c1gua- Produtos Qu\u00edmicos- L\u00edquidos em Geral- Gerador-Agr\u00edcola<\/p>\n<p><strong>ESPECIFICA\u00c7\u00d5ES<\/strong><\/p>\n<p><strong>MODELO:<\/strong>\u00a0Tanque 125 litros horizontal.<br \/>\n<strong>LARGURA:<\/strong>\u00a0398mm<br \/>\n<strong>ALTURA:<\/strong>\u00a0533mm<br \/>\n<strong>COMPRIMENTO:<\/strong>\u00a01040mm<br \/>\n<strong>PESO:<\/strong>\u00a010 Kg<br \/>\n<strong>MATERIAL:\u00a0<\/strong>PEMD (Polietileno de M\u00e9dia Densidade) ou PEAD (Polietileno de Alta Densidade). <strong>CAPACIDADE:\u00a0<\/strong>125 litros.<\/p>\n<p><strong>Diferenciais<\/strong><\/p>\n<p>&#8211; Material at\u00f3xico e resistente \u00e0 corros\u00e3o;<br \/>\n&#8211; Sem soldas e emendas;<br \/>\n&#8211; Superf\u00edcies totalmente lisas;<br \/>\n&#8211; Espessura uniforme e sem manchas;<br \/>\n&#8211; Resistente a intemp\u00e9ries e impactos;<br \/>\n&#8211; Praticidade de limpeza e livre de deforma\u00e7\u00e3o;<br \/>\n&#8211; Produzido em medidas e capacidades variadas.<\/p>\n<p>&nbsp;<\/p>\n","protected":false},"excerpt":{"rendered":"<p>Tanque 125 Litros Horizontal &#8220;OBS: Outras Op\u00e7\u00f5es e medidas solicitar or\u00e7amento com nossos vendedores&#8221; O tanque cil\u00edndrico horizontal, tamb\u00e9m chamado de reservat\u00f3rio de produtos l\u00edquidos, possibilita uma higieniza\u00e7\u00e3o mais f\u00e1cil e requer o m\u00ednimo de manuten\u00e7\u00e3o, sendo fabricado com material at\u00f3xico, n\u00e3o corros\u00edvel e superf\u00edcies completamente lisas, facilitando a conserva\u00e7\u00e3o. Ideal para transportar l\u00edquidos de [&hellip;]<\/p>\n","protected":false},"featured_media":15159,"comment_status":"open","ping_status":"closed","template":"","meta":{"_exactmetrics_skip_tracking":false,"_exactmetrics_sitenote_active":false,"_exactmetrics_sitenote_note":"","_exactmetrics_sitenote_category":0},"product_brand":[],"product_cat":[63],"product_tag":[],"class_list":{"0":"post-15158","1":"product","2":"type-product","3":"status-publish","4":"has-post-thumbnail","6":"product_cat-meio-ambiente","8":"first","9":"instock","10":"shipping-taxable","11":"product-type-simple"},"_links":{"self":[{"href":"https:\/\/totallubri.com.br\/index.php?rest_route=\/wp\/v2\/product\/15158","targetHints":{"allow":["GET"]}}],"collection":[{"href":"https:\/\/totallubri.com.br\/index.php?rest_route=\/wp\/v2\/product"}],"about":[{"href":"https:\/\/totallubri.com.br\/index.php?rest_route=\/wp\/v2\/types\/product"}],"replies":[{"embeddable":true,"href":"https:\/\/totallubri.com.br\/index.php?rest_route=%2Fwp%2Fv2%2Fcomments&post=15158"}],"wp:featuredmedia":[{"embeddable":true,"href":"https:\/\/totallubri.com.br\/index.php?rest_route=\/wp\/v2\/media\/15159"}],"wp:attachment":[{"href":"https:\/\/totallubri.com.br\/index.php?rest_route=%2Fwp%2Fv2%2Fmedia&parent=15158"}],"wp:term":[{"taxonomy":"product_brand","embeddable":true,"href":"https:\/\/totallubri.com.br\/index.php?rest_route=%2Fwp%2Fv2%2Fproduct_brand&post=15158"},{"taxonomy":"product_cat","embeddable":true,"href":"https:\/\/totallubri.com.br\/index.php?rest_route=%2Fwp%2Fv2%2Fproduct_cat&post=15158"},{"taxonomy":"product_tag","embeddable":true,"href":"https:\/\/totallubri.com.br\/index.php?rest_route=%2Fwp%2Fv2%2Fproduct_tag&post=15158"}],"curies":[{"name":"wp","href":"https:\/\/api.w.org\/{rel}","templated":true}]}}