{"id":15165,"date":"2025-03-12T13:12:54","date_gmt":"2025-03-12T16:12:54","guid":{"rendered":"https:\/\/totallubri.com.br\/?post_type=product&#038;p=15165"},"modified":"2025-03-31T12:02:26","modified_gmt":"2025-03-31T15:02:26","slug":"container-de-seguranca-tot-lub","status":"publish","type":"product","link":"https:\/\/totallubri.com.br\/?product=container-de-seguranca-tot-lub","title":{"rendered":"CONTAINER DE SEGURAN\u00c7A \u2013 TOT-LUB"},"content":{"rendered":"<p>Containers T4 possuem duas aberturas, uma para abastecimento e outra para despejo, ambas com sistema corta-chama para total seguran\u00e7a e v\u00e1lvulas de al\u00edvio e press\u00e3o. S\u00e3o fornecidos com mangueira flex\u00edvel para despejo em locais de recebimentos pequenos, preciso e livre de respingo.<\/p>\n<p>Tamanhos dispon\u00edveis:<\/p>\n<p>5.0 Lts<\/p>\n<p>10,0 Lts<\/p>\n<p>18,9 Lts<\/p>\n<p>Todos em material Inox.<\/p>\n<p>Solicite Or\u00e7amento com nossos vendedores.<\/p>\n","protected":false},"excerpt":{"rendered":"<p>Containers T4 possuem duas aberturas, uma para abastecimento e outra para despejo, ambas com sistema corta-chama para total seguran\u00e7a e v\u00e1lvulas de al\u00edvio e press\u00e3o. S\u00e3o fornecidos com mangueira flex\u00edvel para despejo em locais de recebimentos pequenos, preciso e livre de respingo. Tamanhos dispon\u00edveis: 5.0 Lts 10,0 Lts 18,9 Lts Todos em material Inox. Solicite [&hellip;]<\/p>\n","protected":false},"featured_media":15167,"comment_status":"open","ping_status":"closed","template":"","meta":{"_exactmetrics_skip_tracking":false,"_exactmetrics_sitenote_active":false,"_exactmetrics_sitenote_note":"","_exactmetrics_sitenote_category":0},"product_brand":[],"product_cat":[92],"product_tag":[],"class_list":{"0":"post-15165","1":"product","2":"type-product","3":"status-publish","4":"has-post-thumbnail","6":"product_cat-combate-a-incendio","8":"first","9":"instock","10":"shipping-taxable","11":"product-type-simple"},"_links":{"self":[{"href":"https:\/\/totallubri.com.br\/index.php?rest_route=\/wp\/v2\/product\/15165","targetHints":{"allow":["GET"]}}],"collection":[{"href":"https:\/\/totallubri.com.br\/index.php?rest_route=\/wp\/v2\/product"}],"about":[{"href":"https:\/\/totallubri.com.br\/index.php?rest_route=\/wp\/v2\/types\/product"}],"replies":[{"embeddable":true,"href":"https:\/\/totallubri.com.br\/index.php?rest_route=%2Fwp%2Fv2%2Fcomments&post=15165"}],"wp:featuredmedia":[{"embeddable":true,"href":"https:\/\/totallubri.com.br\/index.php?rest_route=\/wp\/v2\/media\/15167"}],"wp:attachment":[{"href":"https:\/\/totallubri.com.br\/index.php?rest_route=%2Fwp%2Fv2%2Fmedia&parent=15165"}],"wp:term":[{"taxonomy":"product_brand","embeddable":true,"href":"https:\/\/totallubri.com.br\/index.php?rest_route=%2Fwp%2Fv2%2Fproduct_brand&post=15165"},{"taxonomy":"product_cat","embeddable":true,"href":"https:\/\/totallubri.com.br\/index.php?rest_route=%2Fwp%2Fv2%2Fproduct_cat&post=15165"},{"taxonomy":"product_tag","embeddable":true,"href":"https:\/\/totallubri.com.br\/index.php?rest_route=%2Fwp%2Fv2%2Fproduct_tag&post=15165"}],"curies":[{"name":"wp","href":"https:\/\/api.w.org\/{rel}","templated":true}]}}