{"id":15180,"date":"2025-03-12T14:44:24","date_gmt":"2025-03-12T17:44:24","guid":{"rendered":"https:\/\/totallubri.com.br\/?post_type=product&#038;p=15180"},"modified":"2025-03-12T14:58:16","modified_gmt":"2025-03-12T17:58:16","slug":"pulsar-plus-74kw-ew1076-e-wolf","status":"publish","type":"product","link":"https:\/\/totallubri.com.br\/?product=pulsar-plus-74kw-ew1076-e-wolf","title":{"rendered":"Pulsar Plus 7,4kw EW1076 \u2013 E WOLF"},"content":{"rendered":"<h2>Descri\u00e7\u00e3o<\/h2>\n<p>O Wallbox Pulsar Plus \u00e9 um sistema de carregamento pr\u00e1tico e inteligente para ve\u00edculos el\u00e9tricos e h\u00edbridos plug-in, que se conecta \u00e0 plataforma de gerenciamento de carregamento myWallbox usando Wi-Fi ou Bluetooth. Vem com prote\u00e7\u00e3o contra vazamento DC integrada como padr\u00e3o. \u00c9 compacto e apresenta a tecnologia mais avan\u00e7ada para fornecer o m\u00e1ximo desempenho de carregamento. O Pulsar Plus adapta-se facilmente a qualquer instala\u00e7\u00e3o em garagens privadas ou estacionamentos partilhados. Dimens\u00f5es (sem o cabo): 166x163x82 mm<\/p>\n<p><strong>Dimens\u00f5es(sem o cabo):\u00a0<\/strong>166x163x82 mm<\/p>\n<h2>Informa\u00e7\u00e3o adicional<\/h2>\n<table class=\"woocommerce-product-attributes shop_attributes\" aria-label=\"Detalhes do produto\">\n<tbody>\n<tr class=\"woocommerce-product-attributes-item woocommerce-product-attributes-item--attribute_pot%c3%aancia\">\n<th class=\"woocommerce-product-attributes-item__label\" scope=\"row\">Pot\u00eancia<\/th>\n<td class=\"woocommerce-product-attributes-item__value\">7,4kw (monof\u00e1sico ou bif\u00e1sico)<\/td>\n<\/tr>\n<tr class=\"woocommerce-product-attributes-item woocommerce-product-attributes-item--attribute_alimenta%c3%a7%c3%a3o\">\n<th class=\"woocommerce-product-attributes-item__label\" scope=\"row\">Alimenta\u00e7\u00e3o<\/th>\n<td class=\"woocommerce-product-attributes-item__value\">32A (1P)<\/td>\n<\/tr>\n<tr class=\"woocommerce-product-attributes-item woocommerce-product-attributes-item--attribute_carregador\">\n<th class=\"woocommerce-product-attributes-item__label\" scope=\"row\">Carregador<\/th>\n<td class=\"woocommerce-product-attributes-item__value\">AC<\/td>\n<\/tr>\n<tr class=\"woocommerce-product-attributes-item woocommerce-product-attributes-item--attribute_interface-de-comunica%c3%a7%c3%a3o\">\n<th class=\"woocommerce-product-attributes-item__label\" scope=\"row\">Interface de comunica\u00e7\u00e3o<\/th>\n<td class=\"woocommerce-product-attributes-item__value\">Aplica\u00e7\u00e3o Wallbox \/ Portal MyWallbox<\/td>\n<\/tr>\n<tr class=\"woocommerce-product-attributes-item woocommerce-product-attributes-item--attribute_conex%c3%a3o\">\n<th class=\"woocommerce-product-attributes-item__label\" scope=\"row\">Conex\u00e3o<\/th>\n<td class=\"woocommerce-product-attributes-item__value\">Wifi e Bluetooth<\/td>\n<\/tr>\n<tr class=\"woocommerce-product-attributes-item woocommerce-product-attributes-item--attribute_grau-de-prote%c3%a7%c3%a3o\">\n<th class=\"woocommerce-product-attributes-item__label\" scope=\"row\">Grau de prote\u00e7\u00e3o<\/th>\n<td class=\"woocommerce-product-attributes-item__value\">IP54 \/ IK08<\/td>\n<\/tr>\n<tr class=\"woocommerce-product-attributes-item woocommerce-product-attributes-item--attribute_conector-ve%c3%adculo\">\n<th class=\"woocommerce-product-attributes-item__label\" scope=\"row\">Conector (ve\u00edculo)<\/th>\n<td class=\"woocommerce-product-attributes-item__value\">Tipo 1 ou Tipo 2<\/td>\n<\/tr>\n<tr class=\"woocommerce-product-attributes-item woocommerce-product-attributes-item--attribute_temperatura-de-trabalho\">\n<th class=\"woocommerce-product-attributes-item__label\" scope=\"row\">Temperatura de trabalho<\/th>\n<td class=\"woocommerce-product-attributes-item__value\">-25 \u00baC a 40 \u00baC (50 \u00b0C com<br \/>\nredu\u00e7\u00e3o da capacidade)<\/td>\n<\/tr>\n<tr class=\"woocommerce-product-attributes-item woocommerce-product-attributes-item--attribute_peso\">\n<th class=\"woocommerce-product-attributes-item__label\" scope=\"row\">Peso<\/th>\n<td class=\"woocommerce-product-attributes-item__value\">1kg<\/td>\n<\/tr>\n<tr class=\"woocommerce-product-attributes-item woocommerce-product-attributes-item--attribute_cabo\">\n<th class=\"woocommerce-product-attributes-item__label\" scope=\"row\">Cabo<\/th>\n<td class=\"woocommerce-product-attributes-item__value\">5m (7m opcional)<\/td>\n<\/tr>\n<\/tbody>\n<\/table>\n","protected":false},"excerpt":{"rendered":"<p>Descri\u00e7\u00e3o O Wallbox Pulsar Plus \u00e9 um sistema de carregamento pr\u00e1tico e inteligente para ve\u00edculos el\u00e9tricos e h\u00edbridos plug-in, que se conecta \u00e0 plataforma de gerenciamento de carregamento myWallbox usando Wi-Fi ou Bluetooth. Vem com prote\u00e7\u00e3o contra vazamento DC integrada como padr\u00e3o. \u00c9 compacto e apresenta a tecnologia mais avan\u00e7ada para fornecer o m\u00e1ximo desempenho [&hellip;]<\/p>\n","protected":false},"featured_media":15190,"comment_status":"open","ping_status":"closed","template":"","meta":{"_exactmetrics_skip_tracking":false,"_exactmetrics_sitenote_active":false,"_exactmetrics_sitenote_note":"","_exactmetrics_sitenote_category":0},"product_brand":[],"product_cat":[132],"product_tag":[],"class_list":{"0":"post-15180","1":"product","2":"type-product","3":"status-publish","4":"has-post-thumbnail","6":"product_cat-linha-de-carregadores-e-acessorios-p-carros-eletricos","8":"first","9":"instock","10":"shipping-taxable","11":"product-type-simple"},"_links":{"self":[{"href":"https:\/\/totallubri.com.br\/index.php?rest_route=\/wp\/v2\/product\/15180","targetHints":{"allow":["GET"]}}],"collection":[{"href":"https:\/\/totallubri.com.br\/index.php?rest_route=\/wp\/v2\/product"}],"about":[{"href":"https:\/\/totallubri.com.br\/index.php?rest_route=\/wp\/v2\/types\/product"}],"replies":[{"embeddable":true,"href":"https:\/\/totallubri.com.br\/index.php?rest_route=%2Fwp%2Fv2%2Fcomments&post=15180"}],"wp:featuredmedia":[{"embeddable":true,"href":"https:\/\/totallubri.com.br\/index.php?rest_route=\/wp\/v2\/media\/15190"}],"wp:attachment":[{"href":"https:\/\/totallubri.com.br\/index.php?rest_route=%2Fwp%2Fv2%2Fmedia&parent=15180"}],"wp:term":[{"taxonomy":"product_brand","embeddable":true,"href":"https:\/\/totallubri.com.br\/index.php?rest_route=%2Fwp%2Fv2%2Fproduct_brand&post=15180"},{"taxonomy":"product_cat","embeddable":true,"href":"https:\/\/totallubri.com.br\/index.php?rest_route=%2Fwp%2Fv2%2Fproduct_cat&post=15180"},{"taxonomy":"product_tag","embeddable":true,"href":"https:\/\/totallubri.com.br\/index.php?rest_route=%2Fwp%2Fv2%2Fproduct_tag&post=15180"}],"curies":[{"name":"wp","href":"https:\/\/api.w.org\/{rel}","templated":true}]}}