{"id":15192,"date":"2025-03-12T15:01:56","date_gmt":"2025-03-12T18:01:56","guid":{"rendered":"https:\/\/totallubri.com.br\/?post_type=product&#038;p=15192"},"modified":"2025-03-12T15:03:44","modified_gmt":"2025-03-12T18:03:44","slug":"pulsar-max-22kw-ew1079-e-wolf","status":"publish","type":"product","link":"https:\/\/totallubri.com.br\/?product=pulsar-max-22kw-ew1079-e-wolf","title":{"rendered":"Pulsar Max 22kw EW1079 \u2013 E WOLF"},"content":{"rendered":"<h2>Descri\u00e7\u00e3o<\/h2>\n<p>O Wallbox Pulsar Max \u00e9 uma solu\u00e7\u00e3o de carregamento inteligente poderosa e confi\u00e1vel para ve\u00edculos el\u00e9tricos e h\u00edbridos plug-in. Uma de suas vantagens \u00e9 a possibilidade de se trabalhar em power sharing com at\u00e9 100 carregadores simultaneamente. Mant\u00e9m o tamanho compacto e o desempenho avan\u00e7ado da fam\u00edlia Pulsar, apresentando um design robusto atualizado, classifica\u00e7\u00e3o de prote\u00e7\u00e3o IK10 e instala\u00e7\u00e3o ainda mais f\u00e1cil. \u00c9 controlado pelo aplicativo myWallbox via WiFi e Bluetooth e \u00e9 compat\u00edvel com todas as funcionalidades do Wallbox Energy Management.<\/p>\n<p><strong>Dimens\u00f5es(sem o cabo):\u00a0<\/strong>198x201x99mm<\/p>\n<h2>Informa\u00e7\u00e3o adicional<\/h2>\n<table class=\"woocommerce-product-attributes shop_attributes\" aria-label=\"Detalhes do produto\">\n<tbody>\n<tr class=\"woocommerce-product-attributes-item woocommerce-product-attributes-item--attribute_pot%c3%aancia\">\n<th class=\"woocommerce-product-attributes-item__label\" scope=\"row\">Pot\u00eancia<\/th>\n<td class=\"woocommerce-product-attributes-item__value\">22kw<\/td>\n<\/tr>\n<tr class=\"woocommerce-product-attributes-item woocommerce-product-attributes-item--attribute_alimenta%c3%a7%c3%a3o\">\n<th class=\"woocommerce-product-attributes-item__label\" scope=\"row\">Alimenta\u00e7\u00e3o<\/th>\n<td class=\"woocommerce-product-attributes-item__value\">32A (3P)<\/td>\n<\/tr>\n<tr class=\"woocommerce-product-attributes-item woocommerce-product-attributes-item--attribute_carregador\">\n<th class=\"woocommerce-product-attributes-item__label\" scope=\"row\">Carregador<\/th>\n<td class=\"woocommerce-product-attributes-item__value\">AC<\/td>\n<\/tr>\n<tr class=\"woocommerce-product-attributes-item woocommerce-product-attributes-item--attribute_interface-de-comunica%c3%a7%c3%a3o\">\n<th class=\"woocommerce-product-attributes-item__label\" scope=\"row\">Interface de comunica\u00e7\u00e3o<\/th>\n<td class=\"woocommerce-product-attributes-item__value\">Aplica\u00e7\u00e3o Wallbox \/ Portal MyWallbox<\/td>\n<\/tr>\n<tr class=\"woocommerce-product-attributes-item woocommerce-product-attributes-item--attribute_conex%c3%a3o\">\n<th class=\"woocommerce-product-attributes-item__label\" scope=\"row\">Conex\u00e3o<\/th>\n<td class=\"woocommerce-product-attributes-item__value\">Wifi e Bluetooth<\/td>\n<\/tr>\n<tr class=\"woocommerce-product-attributes-item woocommerce-product-attributes-item--attribute_grau-de-prote%c3%a7%c3%a3o\">\n<th class=\"woocommerce-product-attributes-item__label\" scope=\"row\">Grau de prote\u00e7\u00e3o<\/th>\n<td class=\"woocommerce-product-attributes-item__value\">IP55 \/ IK10<\/td>\n<\/tr>\n<tr class=\"woocommerce-product-attributes-item woocommerce-product-attributes-item--attribute_conector-ve%c3%adculo\">\n<th class=\"woocommerce-product-attributes-item__label\" scope=\"row\">Conector (ve\u00edculo)<\/th>\n<td class=\"woocommerce-product-attributes-item__value\">Tipo 2<\/td>\n<\/tr>\n<tr class=\"woocommerce-product-attributes-item woocommerce-product-attributes-item--attribute_temperatura-de-trabalho\">\n<th class=\"woocommerce-product-attributes-item__label\" scope=\"row\">Temperatura de trabalho<\/th>\n<td class=\"woocommerce-product-attributes-item__value\">-25\u00baC a 50\u00baC<\/td>\n<\/tr>\n<tr class=\"woocommerce-product-attributes-item woocommerce-product-attributes-item--attribute_peso\">\n<th class=\"woocommerce-product-attributes-item__label\" scope=\"row\">Peso<\/th>\n<td class=\"woocommerce-product-attributes-item__value\">1,3kg<\/td>\n<\/tr>\n<tr class=\"woocommerce-product-attributes-item woocommerce-product-attributes-item--attribute_cabo\">\n<th class=\"woocommerce-product-attributes-item__label\" scope=\"row\">Cabo<\/th>\n<td class=\"woocommerce-product-attributes-item__value\">5m (7m opcional)<\/td>\n<\/tr>\n<\/tbody>\n<\/table>\n","protected":false},"excerpt":{"rendered":"<p>Descri\u00e7\u00e3o O Wallbox Pulsar Max \u00e9 uma solu\u00e7\u00e3o de carregamento inteligente poderosa e confi\u00e1vel para ve\u00edculos el\u00e9tricos e h\u00edbridos plug-in. Uma de suas vantagens \u00e9 a possibilidade de se trabalhar em power sharing com at\u00e9 100 carregadores simultaneamente. Mant\u00e9m o tamanho compacto e o desempenho avan\u00e7ado da fam\u00edlia Pulsar, apresentando um design robusto atualizado, classifica\u00e7\u00e3o [&hellip;]<\/p>\n","protected":false},"featured_media":15194,"comment_status":"open","ping_status":"closed","template":"","meta":{"_exactmetrics_skip_tracking":false,"_exactmetrics_sitenote_active":false,"_exactmetrics_sitenote_note":"","_exactmetrics_sitenote_category":0},"product_brand":[],"product_cat":[132],"product_tag":[],"class_list":{"0":"post-15192","1":"product","2":"type-product","3":"status-publish","4":"has-post-thumbnail","6":"product_cat-linha-de-carregadores-e-acessorios-p-carros-eletricos","8":"first","9":"instock","10":"shipping-taxable","11":"product-type-simple"},"_links":{"self":[{"href":"https:\/\/totallubri.com.br\/index.php?rest_route=\/wp\/v2\/product\/15192","targetHints":{"allow":["GET"]}}],"collection":[{"href":"https:\/\/totallubri.com.br\/index.php?rest_route=\/wp\/v2\/product"}],"about":[{"href":"https:\/\/totallubri.com.br\/index.php?rest_route=\/wp\/v2\/types\/product"}],"replies":[{"embeddable":true,"href":"https:\/\/totallubri.com.br\/index.php?rest_route=%2Fwp%2Fv2%2Fcomments&post=15192"}],"wp:featuredmedia":[{"embeddable":true,"href":"https:\/\/totallubri.com.br\/index.php?rest_route=\/wp\/v2\/media\/15194"}],"wp:attachment":[{"href":"https:\/\/totallubri.com.br\/index.php?rest_route=%2Fwp%2Fv2%2Fmedia&parent=15192"}],"wp:term":[{"taxonomy":"product_brand","embeddable":true,"href":"https:\/\/totallubri.com.br\/index.php?rest_route=%2Fwp%2Fv2%2Fproduct_brand&post=15192"},{"taxonomy":"product_cat","embeddable":true,"href":"https:\/\/totallubri.com.br\/index.php?rest_route=%2Fwp%2Fv2%2Fproduct_cat&post=15192"},{"taxonomy":"product_tag","embeddable":true,"href":"https:\/\/totallubri.com.br\/index.php?rest_route=%2Fwp%2Fv2%2Fproduct_tag&post=15192"}],"curies":[{"name":"wp","href":"https:\/\/api.w.org\/{rel}","templated":true}]}}