{"id":15196,"date":"2025-03-12T15:05:53","date_gmt":"2025-03-12T18:05:53","guid":{"rendered":"https:\/\/totallubri.com.br\/?post_type=product&#038;p=15196"},"modified":"2025-03-13T12:51:27","modified_gmt":"2025-03-13T15:51:27","slug":"medidor-de-energia-trifasico-para-wallbox-ew1083-e-wolf","status":"publish","type":"product","link":"https:\/\/totallubri.com.br\/?product=medidor-de-energia-trifasico-para-wallbox-ew1083-e-wolf","title":{"rendered":"Medidor de energia trif\u00e1sico para Wallbox EW1083-E WOLF"},"content":{"rendered":"<h2>Descri\u00e7\u00e3o<\/h2>\n<p>Medidor de energia trif\u00e1sico para Wallbox 380VCA, 65A MAX \u2013 Display de 8 d\u00edgitos<\/p>\n<p><strong>Peso:<\/strong>0,24kg<\/p>\n<h2>Informa\u00e7\u00e3o adicional<\/h2>\n<table class=\"woocommerce-product-attributes shop_attributes\" aria-label=\"Detalhes do produto\">\n<tbody>\n<tr class=\"woocommerce-product-attributes-item woocommerce-product-attributes-item--attribute_tens%c3%a3o-nominal\">\n<th class=\"woocommerce-product-attributes-item__label\" scope=\"row\">Tens\u00e3o Nominal<\/th>\n<td class=\"woocommerce-product-attributes-item__value\">380VCA<\/td>\n<\/tr>\n<tr class=\"woocommerce-product-attributes-item woocommerce-product-attributes-item--attribute_corrente-m%c3%a1xima-de-opera%c3%a7%c3%a3o\">\n<th class=\"woocommerce-product-attributes-item__label\" scope=\"row\">Corrente m\u00e1xima de opera\u00e7\u00e3o<\/th>\n<td class=\"woocommerce-product-attributes-item__value\">65A<\/td>\n<\/tr>\n<tr class=\"woocommerce-product-attributes-item woocommerce-product-attributes-item--attribute_precis%c3%a3o\">\n<th class=\"woocommerce-product-attributes-item__label\" scope=\"row\">Precis\u00e3o<\/th>\n<td class=\"woocommerce-product-attributes-item__value\">mais ou menos 0,5%<\/td>\n<\/tr>\n<tr class=\"woocommerce-product-attributes-item woocommerce-product-attributes-item--attribute_quantidade-de-fases\">\n<th class=\"woocommerce-product-attributes-item__label\" scope=\"row\">Quantidade de fases<\/th>\n<td class=\"woocommerce-product-attributes-item__value\">Trif\u00e1sico<\/td>\n<\/tr>\n<tr class=\"woocommerce-product-attributes-item woocommerce-product-attributes-item--attribute_display\">\n<th class=\"woocommerce-product-attributes-item__label\" scope=\"row\">Display<\/th>\n<td class=\"woocommerce-product-attributes-item__value\">Display LCD (3\u00d78 d\u00edgitos) com teclado touchscreen integrado<\/td>\n<\/tr>\n<tr class=\"woocommerce-product-attributes-item woocommerce-product-attributes-item--attribute_grau-de-prote%c3%a7%c3%a3o\">\n<th class=\"woocommerce-product-attributes-item__label\" scope=\"row\">Grau de prote\u00e7\u00e3o<\/th>\n<td class=\"woocommerce-product-attributes-item__value\">IP51<\/td>\n<\/tr>\n<tr class=\"woocommerce-product-attributes-item woocommerce-product-attributes-item--attribute_vari%c3%a1veis-do-sistema\">\n<th class=\"woocommerce-product-attributes-item__label\" scope=\"row\">Vari\u00e1veis do sistema<\/th>\n<td class=\"woocommerce-product-attributes-item__value\">kW, kvar, kVA, VLL, VLN, FP, Hz, kWdmd, kWdmd pico<\/td>\n<\/tr>\n<tr class=\"woocommerce-product-attributes-item woocommerce-product-attributes-item--attribute_temperatura-de-trabalho\">\n<th class=\"woocommerce-product-attributes-item__label\" scope=\"row\">Temperatura de trabalho<\/th>\n<td class=\"woocommerce-product-attributes-item__value\">-25\u00baC a 65\u00baC<\/td>\n<\/tr>\n<tr class=\"woocommerce-product-attributes-item woocommerce-product-attributes-item--attribute_peso\">\n<th class=\"woocommerce-product-attributes-item__label\" scope=\"row\">Peso<\/th>\n<td class=\"woocommerce-product-attributes-item__value\">0,24kg<\/td>\n<\/tr>\n<tr class=\"woocommerce-product-attributes-item woocommerce-product-attributes-item--attribute_medidas\">\n<th class=\"woocommerce-product-attributes-item__label\" scope=\"row\">Medidas<\/th>\n<td class=\"woocommerce-product-attributes-item__value\">(C) 90mm x (L) 53mm x (A) 63mm<\/td>\n<\/tr>\n<tr class=\"woocommerce-product-attributes-item woocommerce-product-attributes-item--attribute_certifica%c3%a7%c3%b5es\">\n<th class=\"woocommerce-product-attributes-item__label\" scope=\"row\">Certifica\u00e7\u00f5es<\/th>\n<td class=\"woocommerce-product-attributes-item__value\">EN62052-11, EN62053-21, EN50470-3<\/td>\n<\/tr>\n<tr class=\"woocommerce-product-attributes-item woocommerce-product-attributes-item--attribute_medi%c3%a7%c3%a3o-de-energia\">\n<th class=\"woocommerce-product-attributes-item__label\" scope=\"row\">Medi\u00e7\u00e3o de energia<\/th>\n<td class=\"woocommerce-product-attributes-item__value\">kWh e kvarh<\/td>\n<\/tr>\n<\/tbody>\n<\/table>\n","protected":false},"excerpt":{"rendered":"<p>Descri\u00e7\u00e3o Medidor de energia trif\u00e1sico para Wallbox 380VCA, 65A MAX \u2013 Display de 8 d\u00edgitos Peso:0,24kg Informa\u00e7\u00e3o adicional Tens\u00e3o Nominal 380VCA Corrente m\u00e1xima de opera\u00e7\u00e3o 65A Precis\u00e3o mais ou menos 0,5% Quantidade de fases Trif\u00e1sico Display Display LCD (3\u00d78 d\u00edgitos) com teclado touchscreen integrado Grau de prote\u00e7\u00e3o IP51 Vari\u00e1veis do sistema kW, kvar, kVA, VLL, [&hellip;]<\/p>\n","protected":false},"featured_media":15297,"comment_status":"open","ping_status":"closed","template":"","meta":{"_exactmetrics_skip_tracking":false,"_exactmetrics_sitenote_active":false,"_exactmetrics_sitenote_note":"","_exactmetrics_sitenote_category":0},"product_brand":[],"product_cat":[132],"product_tag":[],"class_list":{"0":"post-15196","1":"product","2":"type-product","3":"status-publish","4":"has-post-thumbnail","6":"product_cat-linha-de-carregadores-e-acessorios-p-carros-eletricos","8":"first","9":"instock","10":"shipping-taxable","11":"product-type-simple"},"_links":{"self":[{"href":"https:\/\/totallubri.com.br\/index.php?rest_route=\/wp\/v2\/product\/15196","targetHints":{"allow":["GET"]}}],"collection":[{"href":"https:\/\/totallubri.com.br\/index.php?rest_route=\/wp\/v2\/product"}],"about":[{"href":"https:\/\/totallubri.com.br\/index.php?rest_route=\/wp\/v2\/types\/product"}],"replies":[{"embeddable":true,"href":"https:\/\/totallubri.com.br\/index.php?rest_route=%2Fwp%2Fv2%2Fcomments&post=15196"}],"wp:featuredmedia":[{"embeddable":true,"href":"https:\/\/totallubri.com.br\/index.php?rest_route=\/wp\/v2\/media\/15297"}],"wp:attachment":[{"href":"https:\/\/totallubri.com.br\/index.php?rest_route=%2Fwp%2Fv2%2Fmedia&parent=15196"}],"wp:term":[{"taxonomy":"product_brand","embeddable":true,"href":"https:\/\/totallubri.com.br\/index.php?rest_route=%2Fwp%2Fv2%2Fproduct_brand&post=15196"},{"taxonomy":"product_cat","embeddable":true,"href":"https:\/\/totallubri.com.br\/index.php?rest_route=%2Fwp%2Fv2%2Fproduct_cat&post=15196"},{"taxonomy":"product_tag","embeddable":true,"href":"https:\/\/totallubri.com.br\/index.php?rest_route=%2Fwp%2Fv2%2Fproduct_tag&post=15196"}],"curies":[{"name":"wp","href":"https:\/\/api.w.org\/{rel}","templated":true}]}}