{"id":15198,"date":"2025-03-12T15:09:47","date_gmt":"2025-03-12T18:09:47","guid":{"rendered":"https:\/\/totallubri.com.br\/?post_type=product&#038;p=15198"},"modified":"2025-03-12T15:10:05","modified_gmt":"2025-03-12T18:10:05","slug":"medidor-de-energia-monofasico-para-wallbox-ew1082-e-wolf","status":"publish","type":"product","link":"https:\/\/totallubri.com.br\/?product=medidor-de-energia-monofasico-para-wallbox-ew1082-e-wolf","title":{"rendered":"Medidor de energia monof\u00e1sico para Wallbox EW1082 -E WOLF"},"content":{"rendered":"<h1 class=\"product_title entry-title elementor-heading-title elementor-size-default\">Medidor de energia monof\u00e1sico para Wallbox-EW1082<\/h1>\n<h2>Informa\u00e7\u00e3o adicional<\/h2>\n<table class=\"woocommerce-product-attributes shop_attributes\" aria-label=\"Detalhes do produto\">\n<tbody>\n<tr class=\"woocommerce-product-attributes-item woocommerce-product-attributes-item--attribute_tens%c3%a3o-nominal\">\n<th class=\"woocommerce-product-attributes-item__label\" scope=\"row\">Tens\u00e3o Nominal<\/th>\n<td class=\"woocommerce-product-attributes-item__value\">220VCA<\/td>\n<\/tr>\n<tr class=\"woocommerce-product-attributes-item woocommerce-product-attributes-item--attribute_corrente-m%c3%a1xima-de-opera%c3%a7%c3%a3o\">\n<th class=\"woocommerce-product-attributes-item__label\" scope=\"row\">Corrente m\u00e1xima de opera\u00e7\u00e3o<\/th>\n<td class=\"woocommerce-product-attributes-item__value\">100A<\/td>\n<\/tr>\n<tr class=\"woocommerce-product-attributes-item woocommerce-product-attributes-item--attribute_precis%c3%a3o\">\n<th class=\"woocommerce-product-attributes-item__label\" scope=\"row\">Precis\u00e3o<\/th>\n<td class=\"woocommerce-product-attributes-item__value\">mais ou menos 0,5%<\/td>\n<\/tr>\n<tr class=\"woocommerce-product-attributes-item woocommerce-product-attributes-item--attribute_quantidade-de-fases\">\n<th class=\"woocommerce-product-attributes-item__label\" scope=\"row\">Quantidade de Fases<\/th>\n<td class=\"woocommerce-product-attributes-item__value\">Monof\u00e1sico<\/td>\n<\/tr>\n<tr class=\"woocommerce-product-attributes-item woocommerce-product-attributes-item--attribute_display\">\n<th class=\"woocommerce-product-attributes-item__label\" scope=\"row\">Display<\/th>\n<td class=\"woocommerce-product-attributes-item__value\">Display LCD (3\u00d78 d\u00edgitos) com teclado touchscreen integrado<\/td>\n<\/tr>\n<tr class=\"woocommerce-product-attributes-item woocommerce-product-attributes-item--attribute_grau-de-prote%c3%a7%c3%a3o\">\n<th class=\"woocommerce-product-attributes-item__label\" scope=\"row\">Grau de prote\u00e7\u00e3o<\/th>\n<td class=\"woocommerce-product-attributes-item__value\">IP51<\/td>\n<\/tr>\n<tr class=\"woocommerce-product-attributes-item woocommerce-product-attributes-item--attribute_vari%c3%a1veis-do-sistema\">\n<th class=\"woocommerce-product-attributes-item__label\" scope=\"row\">Vari\u00e1veis do sistema<\/th>\n<td class=\"woocommerce-product-attributes-item__value\">kW, kvar, V, A, FP, Hz, kWdmd pico<\/td>\n<\/tr>\n<tr class=\"woocommerce-product-attributes-item woocommerce-product-attributes-item--attribute_temperatura-de-trabalho\">\n<th class=\"woocommerce-product-attributes-item__label\" scope=\"row\">Temperatura de trabalho<\/th>\n<td class=\"woocommerce-product-attributes-item__value\">-25\u00baC a 65\u00baC<\/td>\n<\/tr>\n<tr class=\"woocommerce-product-attributes-item woocommerce-product-attributes-item--attribute_peso\">\n<th class=\"woocommerce-product-attributes-item__label\" scope=\"row\">Peso<\/th>\n<td class=\"woocommerce-product-attributes-item__value\">0,16kg<\/td>\n<\/tr>\n<tr class=\"woocommerce-product-attributes-item woocommerce-product-attributes-item--attribute_medidas\">\n<th class=\"woocommerce-product-attributes-item__label\" scope=\"row\">Medidas<\/th>\n<td class=\"woocommerce-product-attributes-item__value\">(C) 90mm x (L) 35mm x (A) 63mm<\/td>\n<\/tr>\n<tr class=\"woocommerce-product-attributes-item woocommerce-product-attributes-item--attribute_certifica%c3%a7%c3%b5es\">\n<th class=\"woocommerce-product-attributes-item__label\" scope=\"row\">Certifica\u00e7\u00f5es<\/th>\n<td class=\"woocommerce-product-attributes-item__value\">EN62052-11<\/td>\n<\/tr>\n<tr class=\"woocommerce-product-attributes-item woocommerce-product-attributes-item--attribute_medi%c3%a7%c3%a3o-de-energia\">\n<th class=\"woocommerce-product-attributes-item__label\" scope=\"row\">Medi\u00e7\u00e3o de energia<\/th>\n<td class=\"woocommerce-product-attributes-item__value\">kWh e kvarh<\/td>\n<\/tr>\n<\/tbody>\n<\/table>\n<p>&nbsp;<\/p>\n","protected":false},"excerpt":{"rendered":"<p>Medidor de energia monof\u00e1sico para Wallbox-EW1082 Informa\u00e7\u00e3o adicional Tens\u00e3o Nominal 220VCA Corrente m\u00e1xima de opera\u00e7\u00e3o 100A Precis\u00e3o mais ou menos 0,5% Quantidade de Fases Monof\u00e1sico Display Display LCD (3\u00d78 d\u00edgitos) com teclado touchscreen integrado Grau de prote\u00e7\u00e3o IP51 Vari\u00e1veis do sistema kW, kvar, V, A, FP, Hz, kWdmd pico Temperatura de trabalho -25\u00baC a 65\u00baC [&hellip;]<\/p>\n","protected":false},"featured_media":15199,"comment_status":"open","ping_status":"closed","template":"","meta":{"_exactmetrics_skip_tracking":false,"_exactmetrics_sitenote_active":false,"_exactmetrics_sitenote_note":"","_exactmetrics_sitenote_category":0},"product_brand":[],"product_cat":[132],"product_tag":[],"class_list":{"0":"post-15198","1":"product","2":"type-product","3":"status-publish","4":"has-post-thumbnail","6":"product_cat-linha-de-carregadores-e-acessorios-p-carros-eletricos","8":"first","9":"instock","10":"shipping-taxable","11":"product-type-simple"},"_links":{"self":[{"href":"https:\/\/totallubri.com.br\/index.php?rest_route=\/wp\/v2\/product\/15198","targetHints":{"allow":["GET"]}}],"collection":[{"href":"https:\/\/totallubri.com.br\/index.php?rest_route=\/wp\/v2\/product"}],"about":[{"href":"https:\/\/totallubri.com.br\/index.php?rest_route=\/wp\/v2\/types\/product"}],"replies":[{"embeddable":true,"href":"https:\/\/totallubri.com.br\/index.php?rest_route=%2Fwp%2Fv2%2Fcomments&post=15198"}],"wp:featuredmedia":[{"embeddable":true,"href":"https:\/\/totallubri.com.br\/index.php?rest_route=\/wp\/v2\/media\/15199"}],"wp:attachment":[{"href":"https:\/\/totallubri.com.br\/index.php?rest_route=%2Fwp%2Fv2%2Fmedia&parent=15198"}],"wp:term":[{"taxonomy":"product_brand","embeddable":true,"href":"https:\/\/totallubri.com.br\/index.php?rest_route=%2Fwp%2Fv2%2Fproduct_brand&post=15198"},{"taxonomy":"product_cat","embeddable":true,"href":"https:\/\/totallubri.com.br\/index.php?rest_route=%2Fwp%2Fv2%2Fproduct_cat&post=15198"},{"taxonomy":"product_tag","embeddable":true,"href":"https:\/\/totallubri.com.br\/index.php?rest_route=%2Fwp%2Fv2%2Fproduct_tag&post=15198"}],"curies":[{"name":"wp","href":"https:\/\/api.w.org\/{rel}","templated":true}]}}