{"id":15201,"date":"2025-03-12T15:12:18","date_gmt":"2025-03-12T18:12:18","guid":{"rendered":"https:\/\/totallubri.com.br\/?post_type=product&#038;p=15201"},"modified":"2025-03-12T15:14:11","modified_gmt":"2025-03-12T18:14:11","slug":"quadro-de-protecao-22kw-com-tomada-industrial-ew1068-e-wolf","status":"publish","type":"product","link":"https:\/\/totallubri.com.br\/?product=quadro-de-protecao-22kw-com-tomada-industrial-ew1068-e-wolf","title":{"rendered":"Quadro de prote\u00e7\u00e3o 22KW com tomada industrial EW1068 -E WOLF"},"content":{"rendered":"<h2>Descri\u00e7\u00e3o<\/h2>\n<p>Quadro de prote\u00e7\u00e3o de sobrepor para carregadores el\u00e9tricos de 22KW.<\/p>\n<p>Oferece prote\u00e7\u00e3o contra surtos, choque el\u00e9trico, aquecimento e curto-circuito.<\/p>\n<p>Com a tomada padr\u00e3o industrial j\u00e1 embutida no quadro, \u00e9 poss\u00edvel a conex\u00e3o do carregador de forma f\u00e1cil.<\/p>\n<p>Ideal para prote\u00e7\u00e3o tanto do ve\u00edculo quanto do usu\u00e1rio.<\/p>\n<p>Recomendado para a linha Residencial e Port\u00e1til de 22KW.<\/p>\n<p><strong>Peso:<\/strong> 2,5 kg\u00a0 &#8211;\u00a0 <strong>Medidas:\u00a0<\/strong>(C) 295 mm x (L) 305 mm x (A) 115 mm<\/p>\n<h2>Informa\u00e7\u00e3o adicional<\/h2>\n<table class=\"woocommerce-product-attributes shop_attributes\" aria-label=\"Detalhes do produto\">\n<tbody>\n<tr class=\"woocommerce-product-attributes-item woocommerce-product-attributes-item--attribute_pot%c3%aancia\">\n<th class=\"woocommerce-product-attributes-item__label\" scope=\"row\">Pot\u00eancia<\/th>\n<td class=\"woocommerce-product-attributes-item__value\">22 kW \/ 32A<\/td>\n<\/tr>\n<tr class=\"woocommerce-product-attributes-item woocommerce-product-attributes-item--attribute_alimenta%c3%a7%c3%a3o\">\n<th class=\"woocommerce-product-attributes-item__label\" scope=\"row\">Alimenta\u00e7\u00e3o<\/th>\n<td class=\"woocommerce-product-attributes-item__value\">380 Vca trif\u00e1sico<\/td>\n<\/tr>\n<tr class=\"woocommerce-product-attributes-item woocommerce-product-attributes-item--attribute_n%c3%advel-de-prote%c3%a7%c3%a3o\">\n<th class=\"woocommerce-product-attributes-item__label\" scope=\"row\">N\u00edvel de prote\u00e7\u00e3o<\/th>\n<td class=\"woocommerce-product-attributes-item__value\">IP65<\/td>\n<\/tr>\n<tr class=\"woocommerce-product-attributes-item woocommerce-product-attributes-item--attribute_material-da-caixa\">\n<th class=\"woocommerce-product-attributes-item__label\" scope=\"row\">Material da caixa<\/th>\n<td class=\"woocommerce-product-attributes-item__value\">ABS(Adapt\u00e1vel Parede)<\/td>\n<\/tr>\n<tr class=\"woocommerce-product-attributes-item woocommerce-product-attributes-item--attribute_acompanha\">\n<th class=\"woocommerce-product-attributes-item__label\" scope=\"row\">Acompanha<\/th>\n<td class=\"woocommerce-product-attributes-item__value\">1 Disjuntor Termomagn\u00e9tico tripolar curva C 40A, 1 Interruptor Diferencial Residual tipo B In &lt;30mA, In 40A, Un 415Vca, 1 Dispositivo de Prote\u00e7\u00e3o contra Surtos Uc 385Vca, In 20kA, Imax 40kA, Up &lt;1,8kV, 1 Tomada f\u00eamea de sobrepor padr\u00e3o industrial 4P + T 32A 380V<\/td>\n<\/tr>\n<\/tbody>\n<\/table>\n","protected":false},"excerpt":{"rendered":"<p>Descri\u00e7\u00e3o Quadro de prote\u00e7\u00e3o de sobrepor para carregadores el\u00e9tricos de 22KW. Oferece prote\u00e7\u00e3o contra surtos, choque el\u00e9trico, aquecimento e curto-circuito. Com a tomada padr\u00e3o industrial j\u00e1 embutida no quadro, \u00e9 poss\u00edvel a conex\u00e3o do carregador de forma f\u00e1cil. Ideal para prote\u00e7\u00e3o tanto do ve\u00edculo quanto do usu\u00e1rio. Recomendado para a linha Residencial e Port\u00e1til de [&hellip;]<\/p>\n","protected":false},"featured_media":15203,"comment_status":"open","ping_status":"closed","template":"","meta":{"_exactmetrics_skip_tracking":false,"_exactmetrics_sitenote_active":false,"_exactmetrics_sitenote_note":"","_exactmetrics_sitenote_category":0},"product_brand":[],"product_cat":[132],"product_tag":[],"class_list":{"0":"post-15201","1":"product","2":"type-product","3":"status-publish","4":"has-post-thumbnail","6":"product_cat-linha-de-carregadores-e-acessorios-p-carros-eletricos","8":"first","9":"instock","10":"shipping-taxable","11":"product-type-simple"},"_links":{"self":[{"href":"https:\/\/totallubri.com.br\/index.php?rest_route=\/wp\/v2\/product\/15201","targetHints":{"allow":["GET"]}}],"collection":[{"href":"https:\/\/totallubri.com.br\/index.php?rest_route=\/wp\/v2\/product"}],"about":[{"href":"https:\/\/totallubri.com.br\/index.php?rest_route=\/wp\/v2\/types\/product"}],"replies":[{"embeddable":true,"href":"https:\/\/totallubri.com.br\/index.php?rest_route=%2Fwp%2Fv2%2Fcomments&post=15201"}],"wp:featuredmedia":[{"embeddable":true,"href":"https:\/\/totallubri.com.br\/index.php?rest_route=\/wp\/v2\/media\/15203"}],"wp:attachment":[{"href":"https:\/\/totallubri.com.br\/index.php?rest_route=%2Fwp%2Fv2%2Fmedia&parent=15201"}],"wp:term":[{"taxonomy":"product_brand","embeddable":true,"href":"https:\/\/totallubri.com.br\/index.php?rest_route=%2Fwp%2Fv2%2Fproduct_brand&post=15201"},{"taxonomy":"product_cat","embeddable":true,"href":"https:\/\/totallubri.com.br\/index.php?rest_route=%2Fwp%2Fv2%2Fproduct_cat&post=15201"},{"taxonomy":"product_tag","embeddable":true,"href":"https:\/\/totallubri.com.br\/index.php?rest_route=%2Fwp%2Fv2%2Fproduct_tag&post=15201"}],"curies":[{"name":"wp","href":"https:\/\/api.w.org\/{rel}","templated":true}]}}