{"id":15204,"date":"2025-03-12T15:18:30","date_gmt":"2025-03-12T18:18:30","guid":{"rendered":"https:\/\/totallubri.com.br\/?post_type=product&#038;p=15204"},"modified":"2025-03-13T12:56:13","modified_gmt":"2025-03-13T15:56:13","slug":"quadro-de-protecao-72kw-com-tomada-industrial-ew1066-e-wolf","status":"publish","type":"product","link":"https:\/\/totallubri.com.br\/?product=quadro-de-protecao-72kw-com-tomada-industrial-ew1066-e-wolf","title":{"rendered":"Quadro de prote\u00e7\u00e3o 7,2KW com tomada industrial EW1066 -E WOLF"},"content":{"rendered":"<h2>Descri\u00e7\u00e3o<\/h2>\n<p>Quadro de prote\u00e7\u00e3o de sobrepor para carregadores el\u00e9tricos de 7,2KW.<\/p>\n<p>Oferece prote\u00e7\u00e3o contra surtos, choque el\u00e9trico, aquecimento e curto-circuito.<\/p>\n<p>Com a tomada padr\u00e3o industrial j\u00e1 embutida no quadro, \u00e9 poss\u00edvel a conex\u00e3o do carregador de forma f\u00e1cil.<\/p>\n<p>Ideal para prote\u00e7\u00e3o tanto do ve\u00edculo quanto do usu\u00e1rio.<\/p>\n<p>Recomendado para a linha Residencial e Port\u00e1til de 7,2KW.<\/p>\n<p><b>Peso: 1,5 kg &#8211; <\/b><b>Medidas:\u00a0(C) 295 mm x (L) 195 mm x (A) 115 mm<\/b><\/p>\n<h2>Informa\u00e7\u00e3o adicional<\/h2>\n<table class=\"woocommerce-product-attributes shop_attributes\" aria-label=\"Detalhes do produto\">\n<tbody>\n<tr class=\"woocommerce-product-attributes-item woocommerce-product-attributes-item--attribute_pot%c3%aancia\">\n<th class=\"woocommerce-product-attributes-item__label\" scope=\"row\">Pot\u00eancia<\/th>\n<td class=\"woocommerce-product-attributes-item__value\">7,2 kW \/ 32 A<\/td>\n<\/tr>\n<tr class=\"woocommerce-product-attributes-item woocommerce-product-attributes-item--attribute_alimenta%c3%a7%c3%a3o\">\n<th class=\"woocommerce-product-attributes-item__label\" scope=\"row\">Alimenta\u00e7\u00e3o<\/th>\n<td class=\"woocommerce-product-attributes-item__value\">230 Vca monof\u00e1sico ou bif\u00e1sico<\/td>\n<\/tr>\n<tr class=\"woocommerce-product-attributes-item woocommerce-product-attributes-item--attribute_n%c3%advel-de-prote%c3%a7%c3%a3o\">\n<th class=\"woocommerce-product-attributes-item__label\" scope=\"row\">N\u00edvel de prote\u00e7\u00e3o<\/th>\n<td class=\"woocommerce-product-attributes-item__value\">IP65<\/td>\n<\/tr>\n<tr class=\"woocommerce-product-attributes-item woocommerce-product-attributes-item--attribute_material-da-caixa\">\n<th class=\"woocommerce-product-attributes-item__label\" scope=\"row\">Material da caixa<\/th>\n<td class=\"woocommerce-product-attributes-item__value\">ABS(Adapt\u00e1vel Parede)<\/td>\n<\/tr>\n<tr class=\"woocommerce-product-attributes-item woocommerce-product-attributes-item--attribute_acompanha\">\n<th class=\"woocommerce-product-attributes-item__label\" scope=\"row\">Acompanha<\/th>\n<td class=\"woocommerce-product-attributes-item__value\">1 Disjuntor Diferencial Residual curva C 40A, In &lt;30mA, 1 Dispositivo de Prote\u00e7\u00e3o contra Surtos Uc 275Vca, In 20kA, Imax 40kA, Up &lt;1,3kV<\/td>\n<\/tr>\n<\/tbody>\n<\/table>\n","protected":false},"excerpt":{"rendered":"<p>Descri\u00e7\u00e3o Quadro de prote\u00e7\u00e3o de sobrepor para carregadores el\u00e9tricos de 7,2KW. Oferece prote\u00e7\u00e3o contra surtos, choque el\u00e9trico, aquecimento e curto-circuito. Com a tomada padr\u00e3o industrial j\u00e1 embutida no quadro, \u00e9 poss\u00edvel a conex\u00e3o do carregador de forma f\u00e1cil. Ideal para prote\u00e7\u00e3o tanto do ve\u00edculo quanto do usu\u00e1rio. Recomendado para a linha Residencial e Port\u00e1til de [&hellip;]<\/p>\n","protected":false},"featured_media":15298,"comment_status":"open","ping_status":"closed","template":"","meta":{"_exactmetrics_skip_tracking":false,"_exactmetrics_sitenote_active":false,"_exactmetrics_sitenote_note":"","_exactmetrics_sitenote_category":0},"product_brand":[],"product_cat":[132],"product_tag":[],"class_list":{"0":"post-15204","1":"product","2":"type-product","3":"status-publish","4":"has-post-thumbnail","6":"product_cat-linha-de-carregadores-e-acessorios-p-carros-eletricos","8":"first","9":"instock","10":"shipping-taxable","11":"product-type-simple"},"_links":{"self":[{"href":"https:\/\/totallubri.com.br\/index.php?rest_route=\/wp\/v2\/product\/15204","targetHints":{"allow":["GET"]}}],"collection":[{"href":"https:\/\/totallubri.com.br\/index.php?rest_route=\/wp\/v2\/product"}],"about":[{"href":"https:\/\/totallubri.com.br\/index.php?rest_route=\/wp\/v2\/types\/product"}],"replies":[{"embeddable":true,"href":"https:\/\/totallubri.com.br\/index.php?rest_route=%2Fwp%2Fv2%2Fcomments&post=15204"}],"wp:featuredmedia":[{"embeddable":true,"href":"https:\/\/totallubri.com.br\/index.php?rest_route=\/wp\/v2\/media\/15298"}],"wp:attachment":[{"href":"https:\/\/totallubri.com.br\/index.php?rest_route=%2Fwp%2Fv2%2Fmedia&parent=15204"}],"wp:term":[{"taxonomy":"product_brand","embeddable":true,"href":"https:\/\/totallubri.com.br\/index.php?rest_route=%2Fwp%2Fv2%2Fproduct_brand&post=15204"},{"taxonomy":"product_cat","embeddable":true,"href":"https:\/\/totallubri.com.br\/index.php?rest_route=%2Fwp%2Fv2%2Fproduct_cat&post=15204"},{"taxonomy":"product_tag","embeddable":true,"href":"https:\/\/totallubri.com.br\/index.php?rest_route=%2Fwp%2Fv2%2Fproduct_tag&post=15204"}],"curies":[{"name":"wp","href":"https:\/\/api.w.org\/{rel}","templated":true}]}}