{"id":15323,"date":"2025-03-13T13:29:28","date_gmt":"2025-03-13T16:29:28","guid":{"rendered":"https:\/\/totallubri.com.br\/?post_type=product&#038;p=15323"},"modified":"2025-03-13T13:30:14","modified_gmt":"2025-03-13T16:30:14","slug":"plugue-gb-t-80a-macho-ew1020-e-wolf","status":"publish","type":"product","link":"https:\/\/totallubri.com.br\/?product=plugue-gb-t-80a-macho-ew1020-e-wolf","title":{"rendered":"Plugue GB\/T 80A (macho) EW1020 \u2013 E WOLF"},"content":{"rendered":"<h2>Descri\u00e7\u00e3o<\/h2>\n<p>Compat\u00edvel com carregadores el\u00e9tricos.<\/p>\n<p>Peso: 1,3 kg &#8211;\u00a0Medidas: (C) 280 mm x (L)\u00a0 160 mm x (A) 80 mm<\/p>\n<h2>Informa\u00e7\u00e3o adicional<\/h2>\n<table class=\"woocommerce-product-attributes shop_attributes\" aria-label=\"Detalhes do produto\">\n<tbody>\n<tr class=\"woocommerce-product-attributes-item woocommerce-product-attributes-item--attribute_pa_corrente\">\n<th class=\"woocommerce-product-attributes-item__label\" scope=\"row\">Corrente el\u00e9trica<\/th>\n<td class=\"woocommerce-product-attributes-item__value\">80 A<\/td>\n<\/tr>\n<tr class=\"woocommerce-product-attributes-item woocommerce-product-attributes-item--attribute_pa_alimentacao\">\n<th class=\"woocommerce-product-attributes-item__label\" scope=\"row\">Alimenta\u00e7\u00e3o<\/th>\n<td class=\"woocommerce-product-attributes-item__value\">750 Vac<\/td>\n<\/tr>\n<tr class=\"woocommerce-product-attributes-item woocommerce-product-attributes-item--attribute_pa_grau-de-protecao\">\n<th class=\"woocommerce-product-attributes-item__label\" scope=\"row\">Grau de prote\u00e7\u00e3o<\/th>\n<td class=\"woocommerce-product-attributes-item__value\">IP54<\/td>\n<\/tr>\n<tr class=\"woocommerce-product-attributes-item woocommerce-product-attributes-item--attribute_pa_conector\">\n<th class=\"woocommerce-product-attributes-item__label\" scope=\"row\">Conector<\/th>\n<td class=\"woocommerce-product-attributes-item__value\">GB\/T (macho)<\/td>\n<\/tr>\n<tr class=\"woocommerce-product-attributes-item woocommerce-product-attributes-item--attribute_pa_temperatura-de-trabalho\">\n<th class=\"woocommerce-product-attributes-item__label\" scope=\"row\">Temperatura de trabalho<\/th>\n<td class=\"woocommerce-product-attributes-item__value\">-30\u00b0 \u00e1 50\u00b0C<\/td>\n<\/tr>\n<tr class=\"woocommerce-product-attributes-item woocommerce-product-attributes-item--attribute_pa_cabo-eletrico\">\n<th class=\"woocommerce-product-attributes-item__label\" scope=\"row\">Cabo el\u00e9trico<\/th>\n<td class=\"woocommerce-product-attributes-item__value\">n\u00e3o acompanha<\/td>\n<\/tr>\n<\/tbody>\n<\/table>\n","protected":false},"excerpt":{"rendered":"<p>Descri\u00e7\u00e3o Compat\u00edvel com carregadores el\u00e9tricos. Peso: 1,3 kg &#8211;\u00a0Medidas: (C) 280 mm x (L)\u00a0 160 mm x (A) 80 mm Informa\u00e7\u00e3o adicional Corrente el\u00e9trica 80 A Alimenta\u00e7\u00e3o 750 Vac Grau de prote\u00e7\u00e3o IP54 Conector GB\/T (macho) Temperatura de trabalho -30\u00b0 \u00e1 50\u00b0C Cabo el\u00e9trico n\u00e3o acompanha<\/p>\n","protected":false},"featured_media":15325,"comment_status":"open","ping_status":"closed","template":"","meta":{"_exactmetrics_skip_tracking":false,"_exactmetrics_sitenote_active":false,"_exactmetrics_sitenote_note":"","_exactmetrics_sitenote_category":0},"product_brand":[],"product_cat":[132],"product_tag":[],"class_list":{"0":"post-15323","1":"product","2":"type-product","3":"status-publish","4":"has-post-thumbnail","6":"product_cat-linha-de-carregadores-e-acessorios-p-carros-eletricos","8":"first","9":"instock","10":"shipping-taxable","11":"product-type-simple"},"_links":{"self":[{"href":"https:\/\/totallubri.com.br\/index.php?rest_route=\/wp\/v2\/product\/15323","targetHints":{"allow":["GET"]}}],"collection":[{"href":"https:\/\/totallubri.com.br\/index.php?rest_route=\/wp\/v2\/product"}],"about":[{"href":"https:\/\/totallubri.com.br\/index.php?rest_route=\/wp\/v2\/types\/product"}],"replies":[{"embeddable":true,"href":"https:\/\/totallubri.com.br\/index.php?rest_route=%2Fwp%2Fv2%2Fcomments&post=15323"}],"wp:featuredmedia":[{"embeddable":true,"href":"https:\/\/totallubri.com.br\/index.php?rest_route=\/wp\/v2\/media\/15325"}],"wp:attachment":[{"href":"https:\/\/totallubri.com.br\/index.php?rest_route=%2Fwp%2Fv2%2Fmedia&parent=15323"}],"wp:term":[{"taxonomy":"product_brand","embeddable":true,"href":"https:\/\/totallubri.com.br\/index.php?rest_route=%2Fwp%2Fv2%2Fproduct_brand&post=15323"},{"taxonomy":"product_cat","embeddable":true,"href":"https:\/\/totallubri.com.br\/index.php?rest_route=%2Fwp%2Fv2%2Fproduct_cat&post=15323"},{"taxonomy":"product_tag","embeddable":true,"href":"https:\/\/totallubri.com.br\/index.php?rest_route=%2Fwp%2Fv2%2Fproduct_tag&post=15323"}],"curies":[{"name":"wp","href":"https:\/\/api.w.org\/{rel}","templated":true}]}}